{"id":29070,"date":"2024-11-26T19:36:01","date_gmt":"2024-11-26T18:36:01","guid":{"rendered":"https:\/\/aquileaonbalance.com\/politica-de-cookies\/"},"modified":"2025-09-18T11:33:43","modified_gmt":"2025-09-18T09:33:43","slug":"cookie","status":"publish","type":"page","link":"https:\/\/aquileaonbalance.com\/de\/cookie\/","title":{"rendered":"Cookie-Richtlinien"},"content":{"rendered":"\t\t<div data-elementor-type=\"wp-page\" data-elementor-id=\"29070\" class=\"elementor elementor-29070 elementor-1581\" data-elementor-post-type=\"page\">\n\t\t\t\t<div class=\"elementor-element elementor-element-8fba661 e-con-full politicas e-flex e-con e-parent\" data-id=\"8fba661\" data-element_type=\"container\" data-e-type=\"container\">\n\t\t\t\t<div class=\"elementor-element elementor-element-f471c67 elementor-widget elementor-widget-heading\" data-id=\"f471c67\" data-element_type=\"widget\" data-e-type=\"widget\" data-widget_type=\"heading.default\">\n\t\t\t\t<div class=\"elementor-widget-container\">\n\t\t\t\t\t<p class=\"elementor-heading-title elementor-size-default\">RECHTLICHE INFORMATIONEN<\/p>\t\t\t\t<\/div>\n\t\t\t\t<\/div>\n\t\t\t\t<div class=\"elementor-element elementor-element-d484e16 titulo elementor-widget elementor-widget-heading\" data-id=\"d484e16\" data-element_type=\"widget\" data-e-type=\"widget\" data-widget_type=\"heading.default\">\n\t\t\t\t<div class=\"elementor-widget-container\">\n\t\t\t\t\t<h1 class=\"elementor-heading-title elementor-size-default\">Unsere Richtlinien<\/h1>\t\t\t\t<\/div>\n\t\t\t\t<\/div>\n\t\t\t\t<div class=\"elementor-element elementor-element-09e8693 elementor-widget-divider--view-line elementor-widget elementor-widget-divider\" data-id=\"09e8693\" data-element_type=\"widget\" data-e-type=\"widget\" data-widget_type=\"divider.default\">\n\t\t\t\t<div class=\"elementor-widget-container\">\n\t\t\t\t\t\t\t<div class=\"elementor-divider\">\n\t\t\t<span class=\"elementor-divider-separator\">\n\t\t\t\t\t\t<\/span>\n\t\t<\/div>\n\t\t\t\t\t\t<\/div>\n\t\t\t\t<\/div>\n\t\t<div class=\"elementor-element elementor-element-b13cb58 e-flex e-con-boxed e-con e-child\" data-id=\"b13cb58\" data-element_type=\"container\" data-e-type=\"container\">\n\t\t\t\t\t<div class=\"e-con-inner\">\n\t\t\t\t<div class=\"elementor-element elementor-element-78de467 elementor-widget__width-initial elementor-widget elementor-widget-shortcode\" data-id=\"78de467\" data-element_type=\"widget\" data-e-type=\"widget\" data-widget_type=\"shortcode.default\">\n\t\t\t\t<div class=\"elementor-widget-container\">\n\t\t\t\t\t\t\t<div class=\"elementor-shortcode\"><select onchange=\"if (this.value) window.location.href=this.value;\" class=\"menu_legal\"><option value=\"https:\/\/aquileaonbalance.com\/es\/aviso-legal\/\">Impressum<\/option><option value=\"https:\/\/aquileaonbalance.com\/es\/politica-de-privacidad\/\">Datenschutzerkl\u00e4rung<\/option><option value=\"https:\/\/aquileaonbalance.com\/es\/politica-de-cookies\/\">Cookie-Richtlinien<\/option><\/select><\/div>\n\t\t\t\t\t\t<\/div>\n\t\t\t\t<\/div>\n\t\t\t\t<div class=\"elementor-element elementor-element-3f0ad43 elementor-widget elementor-widget-heading\" data-id=\"3f0ad43\" data-element_type=\"widget\" data-e-type=\"widget\" data-widget_type=\"heading.default\">\n\t\t\t\t<div class=\"elementor-widget-container\">\n\t\t\t\t\t<h2 class=\"elementor-heading-title elementor-size-default\">Cookie-Richtlinien<\/h2>\t\t\t\t<\/div>\n\t\t\t\t<\/div>\n\t\t\t\t<div class=\"elementor-element elementor-element-5b449e9 elementor-widget elementor-widget-text-editor\" data-id=\"5b449e9\" data-element_type=\"widget\" data-e-type=\"widget\" data-widget_type=\"text-editor.default\">\n\t\t\t\t<div class=\"elementor-widget-container\">\n\t\t\t\t\t\t\t\t\t<p><strong>1. Was sind Cookies?<\/strong><strong>\u00a0<\/strong><br \/>Cookies sind Dateien, die Informationen \u00fcber das Nutzungsverhalten beim Zugriff auf Websites speichern und abrufen. Die erfassten Daten beziehen sich beispielsweise auf die Anzahl der besuchten Seiten, die Sprache, den Zugriffsstandort, die Anzahl neuer Nutzer, die H\u00e4ufigkeit und Wiederholung und Dauer der Besuche sowie auf den verwendeten Browser und das Ger\u00e4t, \u00fcber das der Zugriff erfolgt oder eine Anwendung ausgef\u00fchrt wird.<\/p><p><strong>2. Welche Arten von Cookies werden auf der Website von URIACH genutzt? <\/strong><\/p><p>Bei der Nutzung der Website kommen die folgenden Arten von Cookies zum Einsatz:<\/p><p><u>Unterscheidung nach dem f\u00fcr die Verwaltung zust\u00e4ndigen Unternehmen: <\/u><\/p><ul><li>Eigene Cookies: Cookies, die von jenem Ger\u00e4t oder Domain aus, welches der Betreiber der Website zur Bereitstellung der vom Nutzer angeforderten Dienste nutzt, an das Endger\u00e4t des Nutzers \u00fcbermittelt werden.<\/li><li>Cookies von Drittanbietern: Cookies, die nicht vom Ger\u00e4t oder Domain des Websitebetreibers aus, sondern vom Ger\u00e4t oder Domain des Unternehmens aus, das die unter Einsatz der Cookies erfassten Daten verarbeitet, an das Endger\u00e4t des Nutzers \u00fcbermittelt werden.<\/li><\/ul><p>\u00a0<\/p><p><u>Unterscheidung nach Aktivit\u00e4tsspanne:<\/u><\/p><ul><li>Sitzungscookies: Cookies zur Erfassung und Speicherung von Daten w\u00e4hrend der aktiven Nutzung der Website.<\/li><li>Dauerhafte Cookies: Cookies, welche im Endger\u00e4t gespeicherte Daten erfassen und auf die w\u00e4hrend eines festgelegen Zeitraums zugegriffen wird.<\/li><\/ul><p>\u00a0<\/p><p><u>Unterscheidung nach Zweck:<\/u><\/p><ul><li>Technische Cookies: Erm\u00f6glichen die Nutzung der Website und der unterschiedlichen auf ihr verf\u00fcgbaren Dienste. Dazu z\u00e4hlen die Steuerung des Datenverkehrs, die \u00dcbermittlung von Daten, die Durchf\u00fchrung von Bestellvorg\u00e4ngen und die Nutzung von Sicherheitselementen w\u00e4hrend des Besuchs auf der Website.<\/li><li>Personalisierungs-Cookies: Erm\u00f6glichen dem Nutzer den Zugriff auf den Dienst entsprechend vordefinierter Merkmale.<\/li><li>Analyse-Cookies: Dienen der \u00dcberwachung und Analyse des Nutzerverhaltens (beispielsweise Messung der Aktivit\u00e4t auf der Anwendung, Erstellung von Nutzerprofilen usw., mit dem Ziel, den Dienst auf Basis der tats\u00e4chlichen Nutzung zu verbessern.)<\/li><li>Werbe-Cookies: Erm\u00f6glichen die effiziente Verwaltung der auf der Website verf\u00fcgbaren Werbefl\u00e4chen, basierend auf Kriterien wie den ver\u00f6ffentlichten Inhalten oder der H\u00e4ufigkeit mit der Anzeigen jeweils eingeblendet werden.<\/li><li>Verhaltensbezogene Werbe-Cookies: Dienen zur Steigerung der Effizienz bei der Verwaltung der auf der Website verf\u00fcgbaren Werbefl\u00e4chen. Solche Cookies speichern durch die kontinuierliche Beobachtung der Internetaktivt\u00e4ten gewonnene Informationen \u00fcber das Nutzerverhalten zur Erstellung spezifischer Profile f\u00fcr die Anzeige der betreffenden Werbeinhalte.<\/li><\/ul><p>\u00a0<\/p><p>Die folgende Liste bietet \u00dcberblick \u00fcber die auf dieser Website genutzten Cookies:<\/p><p>\u00a0<\/p><table><thead><tr><th scope=\"col\">Name<\/th><th scope=\"col\">Bereich<\/th><th scope=\"col\">Verfall<\/th><th scope=\"col\">Beschreibung<\/th><\/tr><\/thead><tbody><tr><td data-column=\"Name\">ccc_cookie<\/td><td data-column=\"Bereich\">Propia<\/td><td data-column=\"Verfall\">6 Monate<\/td><td data-column=\"Beschreibung\">Notwendig, um zu erkennen, welche Cookies der Benutzer zugelassen hat.<\/td><\/tr><tr><td data-column=\"Name\">wp-settings-time-*<\/td><td data-column=\"Bereich\">WordPress<\/td><td data-column=\"Verfall\">1 Jahr<\/td><td data-column=\"Beschreibung\">Wird verwendet, um die Benutzereinstellungen in wp-admin zu pflegen.<\/td><\/tr><tr><td data-column=\"Name\">wp-wpml_current_language<\/td><td data-column=\"Bereich\">https:\/\/wpml.org\/<\/td><td data-column=\"Verfall\">1 Tag<\/td><td data-column=\"Beschreibung\">Zum Speichern der Spracheinstellungen.<\/td><\/tr><tr><td data-column=\"Name\">wpml_browser_redirect_test<\/td><td data-column=\"Bereich\">https:\/\/wpml.org\/<\/td><td data-column=\"Verfall\">1 Tag<\/td><td data-column=\"Beschreibung\">Zum Speichern der Spracheinstellungen.<\/td><\/tr><\/tbody><\/table><table><thead><tr><th scope=\"col\">Name<\/th><th scope=\"col\">Bereich<\/th><th scope=\"col\">Verfall<\/th><th scope=\"col\">Beschreibung<\/th><\/tr><\/thead><tbody><tr><td data-column=\"Name\">_ga<\/td><td data-column=\"Bereich\">google-analytics.com\/analytics.js<\/td><td data-column=\"Verfall\">2 Jahre<\/td><td data-column=\"Beschreibung\">Zeichnet eine eindeutige ID auf, die verwendet wird, um statistische Daten dar\u00fcber zu erstellen, wie der Besucher die Website nutzt.<\/td><\/tr><tr><td data-column=\"Name\">_ga_*<\/td><td data-column=\"Bereich\">google-analytics.com\/analytics.js<\/td><td data-column=\"Verfall\">2 Jahre<\/td><td data-column=\"Beschreibung\">Zeichnet eine eindeutige ID auf, die verwendet wird, um statistische Daten dar\u00fcber zu erstellen, wie der Besucher die Website nutzt.<\/td><\/tr><tr><td data-column=\"Name\">sbjs_current<\/td><td data-column=\"Bereich\">Sourcebuster JS<\/td><td data-column=\"Verfall\">6 Monate<\/td><td data-column=\"Beschreibung\">Sammelt Daten zum Nutzerverhalten und zur Interaktion, um die Website zu optimieren und die Werbung auf der Website relevanter zu gestalten.<\/td><\/tr><tr><td data-column=\"Name\">sbjs_current_add<\/td><td data-column=\"Bereich\">Sourcebuster JS<\/td><td data-column=\"Verfall\">6 Monate<\/td><td data-column=\"Beschreibung\">Sammelt Daten zum Nutzerverhalten und zur Interaktion, um die Website zu optimieren und die Werbung auf der Website relevanter zu gestalten.<\/td><\/tr><tr><td data-column=\"Name\">sbjs_first<\/td><td data-column=\"Bereich\">Sourcebuster JS<\/td><td data-column=\"Verfall\">6 Monate<\/td><td data-column=\"Beschreibung\">Sammelt Daten zum Nutzerverhalten und zur Interaktion, um die Website zu optimieren und die Werbung auf der Website relevanter zu gestalten.<\/td><\/tr><tr><td data-column=\"Name\">sbjs_first_add<\/td><td data-column=\"Bereich\">Sourcebuster JS<\/td><td data-column=\"Verfall\">6 Monate<\/td><td data-column=\"Beschreibung\">Sammelt Daten zum Nutzerverhalten und zur Interaktion, um die Website zu optimieren und die Werbung auf der Website relevanter zu gestalten.<\/td><\/tr><tr><td data-column=\"Name\">sbjs_migrations<\/td><td data-column=\"Bereich\">Sourcebuster JS<\/td><td data-column=\"Verfall\">6 Monate<\/td><td data-column=\"Beschreibung\">Sammelt Daten zum Nutzerverhalten und zur Interaktion, um die Website zu optimieren und die Werbung auf der Website relevanter zu gestalten.<\/td><\/tr><tr><td data-column=\"Name\">sbjs_session<\/td><td data-column=\"Bereich\">Sourcebuster JS<\/td><td data-column=\"Verfall\">6 Monate<\/td><td data-column=\"Beschreibung\">Sammelt Daten zum Nutzerverhalten und zur Interaktion, um die Website zu optimieren und die Werbung auf der Website relevanter zu gestalten.<\/td><\/tr><tr><td data-column=\"Name\">sbjs_udata<\/td><td data-column=\"Bereich\">Sourcebuster JS<\/td><td data-column=\"Verfall\">6 Monate<\/td><td data-column=\"Beschreibung\">Sammelt Daten zum Nutzerverhalten und zur Interaktion, um die Website zu optimieren und die Werbung auf der Website relevanter zu gestalten.<\/td><\/tr><\/tbody><\/table><table><thead><tr><th scope=\"col\">Name<\/th><th scope=\"col\">Bereich<\/th><th scope=\"col\">Verfall<\/th><th scope=\"col\">Beschreibung<\/th><\/tr><\/thead><tbody><tr><td data-column=\"Name\">_fbp<\/td><td data-column=\"Bereich\">https:\/\/www.facebook.com\/<\/td><td data-column=\"Verfall\">3 Monate<\/td><td data-column=\"Beschreibung\">Zum Speichern und Verfolgen von Besuchen auf verschiedenen Websites.<\/td><\/tr><tr><td data-column=\"Name\">_icl_visitor_lang_js<\/td><td data-column=\"Bereich\">https:\/\/wpml.org\/documentation\/support\/browser-cookies-stored-wpml\/<\/td><td data-column=\"Verfall\">1 day<\/td><td data-column=\"Beschreibung\">Technical cookie used to identify the language of the user&#8217;s browser. Expires 24 hours after last update<\/td><\/tr><\/tbody><\/table><p><br \/>\u00a0<\/p><p><strong>3. Wie lassen sich Cookie-Einstellungen anpassen?<\/strong><\/p><p>Der Nutzer kann installierte Cookies im <strong><u>Fenster zur Auswahl der Cookie-Einstellungen<\/u><\/strong> akzeptieren, ablehnen und l\u00f6schen.<\/p><p>Zu beachten ist, dass die Deaktivierung von Cookies die Funktionsweise der Website beeintr\u00e4chtigen kann.<\/p><p>Weitere Informationen hierzu finden Sie in den Anleitungen und Handb\u00fcchern Ihrer Vorrichtung. Wenn Cookies abgelehnt werden, k\u00f6nnen bestimmte Dienste oder Funktionen der Website m\u00f6glicherweise nicht verf\u00fcgbar sein.<\/p><p>Falls Sie Cookies der Website, nach der Zustimmung zu deren Nutzung zu einem sp\u00e4teren Zeitpunkt l\u00f6schen m\u00f6chten, konsultieren Sie bitte das Hilfe-Men\u00fc Ihres Browsers. Dort finden Sie eine Anleitung mit den entsprechenden Schritten.<\/p><p><strong>\u00a0<\/strong><\/p><p><strong>4. Aktualisierungen der Cookie-Richtlinie<\/strong><\/p><p>Sollten sich die Eigenschaften oder Verwendungszwecke der auf dieser Website genutzten Cookies \u00e4ndern, werden Sie \u00fcber diese \u00c4nderungen zum Zweck der neuerlichen Einholung Ihrer Einwilligung informiert.<\/p>\t\t\t\t\t\t\t\t<\/div>\n\t\t\t\t<\/div>\n\t\t\t\t\t<\/div>\n\t\t\t\t<\/div>\n\t\t\t\t<\/div>\n\t\t\t\t<\/div>\n\t\t","protected":false},"excerpt":{"rendered":"<p>RECHTLICHE INFORMATIONEN Unsere Richtlinien Cookie-Richtlinien 1. Was sind Cookies?\u00a0Cookies sind Dateien, die Informationen \u00fcber das Nutzungsverhalten beim Zugriff auf Websites speichern und abrufen. Die erfassten Daten beziehen sich beispielsweise auf die Anzahl der besuchten Seiten, die Sprache, den Zugriffsstandort, die Anzahl neuer Nutzer, die H\u00e4ufigkeit und Wiederholung und Dauer der Besuche sowie auf den verwendeten [&hellip;]<\/p>\n","protected":false},"author":1,"featured_media":0,"parent":0,"menu_order":0,"comment_status":"closed","ping_status":"closed","template":"elementor_header_footer","meta":{"_acf_changed":false,"footnotes":""},"class_list":["post-29070","page","type-page","status-publish","hentry"],"acf":[],"yoast_head":"<!-- This site is optimized with the Yoast SEO plugin v27.1 - https:\/\/yoast.com\/product\/yoast-seo-wordpress\/ -->\n<title>Cookie-Richtlinien - Aquilea OnBalance<\/title>\n<meta name=\"robots\" content=\"index, follow, max-snippet:-1, max-image-preview:large, max-video-preview:-1\" \/>\n<link rel=\"canonical\" href=\"https:\/\/aquileaonbalance.com\/de\/cookie\/\" \/>\n<meta property=\"og:locale\" content=\"de_DE\" \/>\n<meta property=\"og:type\" content=\"article\" \/>\n<meta property=\"og:title\" content=\"Cookie-Richtlinien - Aquilea OnBalance\" \/>\n<meta property=\"og:description\" content=\"RECHTLICHE INFORMATIONEN Unsere Richtlinien Cookie-Richtlinien 1. Was sind Cookies?\u00a0Cookies sind Dateien, die Informationen \u00fcber das Nutzungsverhalten beim Zugriff auf Websites speichern und abrufen. Die erfassten Daten beziehen sich beispielsweise auf die Anzahl der besuchten Seiten, die Sprache, den Zugriffsstandort, die Anzahl neuer Nutzer, die H\u00e4ufigkeit und Wiederholung und Dauer der Besuche sowie auf den verwendeten [&hellip;]\" \/>\n<meta property=\"og:url\" content=\"https:\/\/aquileaonbalance.com\/de\/cookie\/\" \/>\n<meta property=\"og:site_name\" content=\"Aquilea OnBalance\" \/>\n<meta property=\"article:modified_time\" content=\"2025-09-18T09:33:43+00:00\" \/>\n<meta name=\"twitter:card\" content=\"summary_large_image\" \/>\n<meta name=\"twitter:label1\" content=\"Gesch\u00e4tzte Lesezeit\" \/>\n\t<meta name=\"twitter:data1\" content=\"5\u00a0Minuten\" \/>\n<script type=\"application\/ld+json\" class=\"yoast-schema-graph\">{\"@context\":\"https:\/\/schema.org\",\"@graph\":[{\"@type\":\"WebPage\",\"@id\":\"https:\/\/aquileaonbalance.com\/de\/cookie\/\",\"url\":\"https:\/\/aquileaonbalance.com\/de\/cookie\/\",\"name\":\"Cookie-Richtlinien - Aquilea OnBalance\",\"isPartOf\":{\"@id\":\"https:\/\/aquileaonbalance.com\/de\/#website\"},\"datePublished\":\"2024-11-26T18:36:01+00:00\",\"dateModified\":\"2025-09-18T09:33:43+00:00\",\"breadcrumb\":{\"@id\":\"https:\/\/aquileaonbalance.com\/de\/cookie\/#breadcrumb\"},\"inLanguage\":\"de\",\"potentialAction\":[{\"@type\":\"ReadAction\",\"target\":[\"https:\/\/aquileaonbalance.com\/de\/cookie\/\"]}]},{\"@type\":\"BreadcrumbList\",\"@id\":\"https:\/\/aquileaonbalance.com\/de\/cookie\/#breadcrumb\",\"itemListElement\":[{\"@type\":\"ListItem\",\"position\":1,\"name\":\"Portada\",\"item\":\"https:\/\/aquileaonbalance.com\/de\/\"},{\"@type\":\"ListItem\",\"position\":2,\"name\":\"Cookie-Richtlinien\"}]},{\"@type\":\"WebSite\",\"@id\":\"https:\/\/aquileaonbalance.com\/de\/#website\",\"url\":\"https:\/\/aquileaonbalance.com\/de\/\",\"name\":\"Aquilea OnBalance\",\"description\":\"\",\"publisher\":{\"@id\":\"https:\/\/aquileaonbalance.com\/de\/#organization\"},\"potentialAction\":[{\"@type\":\"SearchAction\",\"target\":{\"@type\":\"EntryPoint\",\"urlTemplate\":\"https:\/\/aquileaonbalance.com\/de\/?s={search_term_string}\"},\"query-input\":{\"@type\":\"PropertyValueSpecification\",\"valueRequired\":true,\"valueName\":\"search_term_string\"}}],\"inLanguage\":\"de\"},{\"@type\":\"Organization\",\"@id\":\"https:\/\/aquileaonbalance.com\/de\/#organization\",\"name\":\"On Balance\",\"url\":\"https:\/\/aquileaonbalance.com\/de\/\",\"logo\":{\"@type\":\"ImageObject\",\"inLanguage\":\"de\",\"@id\":\"https:\/\/aquileaonbalance.com\/de\/#\/schema\/logo\/image\/\",\"url\":\"https:\/\/aquileaonbalance.com\/wp-content\/uploads\/2024\/11\/logo.png\",\"contentUrl\":\"https:\/\/aquileaonbalance.com\/wp-content\/uploads\/2024\/11\/logo.png\",\"width\":501,\"height\":184,\"caption\":\"On Balance\"},\"image\":{\"@id\":\"https:\/\/aquileaonbalance.com\/de\/#\/schema\/logo\/image\/\"},\"sameAs\":[\"https:\/\/www.instagram.com\/onbalance_es\/\"]}]}<\/script>\n<!-- \/ Yoast SEO plugin. -->","yoast_head_json":{"title":"Cookie-Richtlinien - Aquilea OnBalance","robots":{"index":"index","follow":"follow","max-snippet":"max-snippet:-1","max-image-preview":"max-image-preview:large","max-video-preview":"max-video-preview:-1"},"canonical":"https:\/\/aquileaonbalance.com\/de\/cookie\/","og_locale":"de_DE","og_type":"article","og_title":"Cookie-Richtlinien - Aquilea OnBalance","og_description":"RECHTLICHE INFORMATIONEN Unsere Richtlinien Cookie-Richtlinien 1. Was sind Cookies?\u00a0Cookies sind Dateien, die Informationen \u00fcber das Nutzungsverhalten beim Zugriff auf Websites speichern und abrufen. Die erfassten Daten beziehen sich beispielsweise auf die Anzahl der besuchten Seiten, die Sprache, den Zugriffsstandort, die Anzahl neuer Nutzer, die H\u00e4ufigkeit und Wiederholung und Dauer der Besuche sowie auf den verwendeten [&hellip;]","og_url":"https:\/\/aquileaonbalance.com\/de\/cookie\/","og_site_name":"Aquilea OnBalance","article_modified_time":"2025-09-18T09:33:43+00:00","twitter_card":"summary_large_image","twitter_misc":{"Gesch\u00e4tzte Lesezeit":"5\u00a0Minuten"},"schema":{"@context":"https:\/\/schema.org","@graph":[{"@type":"WebPage","@id":"https:\/\/aquileaonbalance.com\/de\/cookie\/","url":"https:\/\/aquileaonbalance.com\/de\/cookie\/","name":"Cookie-Richtlinien - Aquilea OnBalance","isPartOf":{"@id":"https:\/\/aquileaonbalance.com\/de\/#website"},"datePublished":"2024-11-26T18:36:01+00:00","dateModified":"2025-09-18T09:33:43+00:00","breadcrumb":{"@id":"https:\/\/aquileaonbalance.com\/de\/cookie\/#breadcrumb"},"inLanguage":"de","potentialAction":[{"@type":"ReadAction","target":["https:\/\/aquileaonbalance.com\/de\/cookie\/"]}]},{"@type":"BreadcrumbList","@id":"https:\/\/aquileaonbalance.com\/de\/cookie\/#breadcrumb","itemListElement":[{"@type":"ListItem","position":1,"name":"Portada","item":"https:\/\/aquileaonbalance.com\/de\/"},{"@type":"ListItem","position":2,"name":"Cookie-Richtlinien"}]},{"@type":"WebSite","@id":"https:\/\/aquileaonbalance.com\/de\/#website","url":"https:\/\/aquileaonbalance.com\/de\/","name":"Aquilea OnBalance","description":"","publisher":{"@id":"https:\/\/aquileaonbalance.com\/de\/#organization"},"potentialAction":[{"@type":"SearchAction","target":{"@type":"EntryPoint","urlTemplate":"https:\/\/aquileaonbalance.com\/de\/?s={search_term_string}"},"query-input":{"@type":"PropertyValueSpecification","valueRequired":true,"valueName":"search_term_string"}}],"inLanguage":"de"},{"@type":"Organization","@id":"https:\/\/aquileaonbalance.com\/de\/#organization","name":"On Balance","url":"https:\/\/aquileaonbalance.com\/de\/","logo":{"@type":"ImageObject","inLanguage":"de","@id":"https:\/\/aquileaonbalance.com\/de\/#\/schema\/logo\/image\/","url":"https:\/\/aquileaonbalance.com\/wp-content\/uploads\/2024\/11\/logo.png","contentUrl":"https:\/\/aquileaonbalance.com\/wp-content\/uploads\/2024\/11\/logo.png","width":501,"height":184,"caption":"On Balance"},"image":{"@id":"https:\/\/aquileaonbalance.com\/de\/#\/schema\/logo\/image\/"},"sameAs":["https:\/\/www.instagram.com\/onbalance_es\/"]}]}},"_links":{"self":[{"href":"https:\/\/aquileaonbalance.com\/de\/wp-json\/wp\/v2\/pages\/29070","targetHints":{"allow":["GET"]}}],"collection":[{"href":"https:\/\/aquileaonbalance.com\/de\/wp-json\/wp\/v2\/pages"}],"about":[{"href":"https:\/\/aquileaonbalance.com\/de\/wp-json\/wp\/v2\/types\/page"}],"author":[{"embeddable":true,"href":"https:\/\/aquileaonbalance.com\/de\/wp-json\/wp\/v2\/users\/1"}],"replies":[{"embeddable":true,"href":"https:\/\/aquileaonbalance.com\/de\/wp-json\/wp\/v2\/comments?post=29070"}],"version-history":[{"count":15,"href":"https:\/\/aquileaonbalance.com\/de\/wp-json\/wp\/v2\/pages\/29070\/revisions"}],"predecessor-version":[{"id":30065,"href":"https:\/\/aquileaonbalance.com\/de\/wp-json\/wp\/v2\/pages\/29070\/revisions\/30065"}],"wp:attachment":[{"href":"https:\/\/aquileaonbalance.com\/de\/wp-json\/wp\/v2\/media?parent=29070"}],"curies":[{"name":"wp","href":"https:\/\/api.w.org\/{rel}","templated":true}]}}