{"id":29073,"date":"2024-11-26T19:04:58","date_gmt":"2024-11-26T18:04:58","guid":{"rendered":"https:\/\/aquileaonbalance.com\/aviso-legal\/"},"modified":"2025-09-18T13:03:30","modified_gmt":"2025-09-18T11:03:30","slug":"impressum","status":"publish","type":"page","link":"https:\/\/aquileaonbalance.com\/de\/impressum\/","title":{"rendered":"Impressum"},"content":{"rendered":"\t\t<div data-elementor-type=\"wp-page\" data-elementor-id=\"29073\" class=\"elementor elementor-29073 elementor-1526\" data-elementor-post-type=\"page\">\n\t\t\t\t<div class=\"elementor-element elementor-element-8fba661 e-con-full politicas e-flex e-con e-parent\" data-id=\"8fba661\" data-element_type=\"container\" data-e-type=\"container\">\n\t\t\t\t<div class=\"elementor-element elementor-element-728a4a7 elementor-widget elementor-widget-heading\" data-id=\"728a4a7\" data-element_type=\"widget\" data-e-type=\"widget\" data-widget_type=\"heading.default\">\n\t\t\t\t<div class=\"elementor-widget-container\">\n\t\t\t\t\t<p class=\"elementor-heading-title elementor-size-default\">RECHTLICHE INFORMATIONEN<\/p>\t\t\t\t<\/div>\n\t\t\t\t<\/div>\n\t\t\t\t<div class=\"elementor-element elementor-element-55e986c titulo elementor-widget elementor-widget-heading\" data-id=\"55e986c\" data-element_type=\"widget\" data-e-type=\"widget\" data-widget_type=\"heading.default\">\n\t\t\t\t<div class=\"elementor-widget-container\">\n\t\t\t\t\t<h1 class=\"elementor-heading-title elementor-size-default\">Unsere Richtlinien<\/h1>\t\t\t\t<\/div>\n\t\t\t\t<\/div>\n\t\t\t\t<div class=\"elementor-element elementor-element-09e8693 elementor-widget-divider--view-line elementor-widget elementor-widget-divider\" data-id=\"09e8693\" data-element_type=\"widget\" data-e-type=\"widget\" data-widget_type=\"divider.default\">\n\t\t\t\t<div class=\"elementor-widget-container\">\n\t\t\t\t\t\t\t<div class=\"elementor-divider\">\n\t\t\t<span class=\"elementor-divider-separator\">\n\t\t\t\t\t\t<\/span>\n\t\t<\/div>\n\t\t\t\t\t\t<\/div>\n\t\t\t\t<\/div>\n\t\t<div class=\"elementor-element elementor-element-b13cb58 e-flex e-con-boxed e-con e-child\" data-id=\"b13cb58\" data-element_type=\"container\" data-e-type=\"container\">\n\t\t\t\t\t<div class=\"e-con-inner\">\n\t\t\t\t<div class=\"elementor-element elementor-element-78de467 elementor-widget__width-initial elementor-widget elementor-widget-shortcode\" data-id=\"78de467\" data-element_type=\"widget\" data-e-type=\"widget\" data-widget_type=\"shortcode.default\">\n\t\t\t\t<div class=\"elementor-widget-container\">\n\t\t\t\t\t\t\t<div class=\"elementor-shortcode\"><select onchange=\"if (this.value) window.location.href=this.value;\" class=\"menu_legal\"><option value=\"https:\/\/aquileaonbalance.com\/es\/aviso-legal\/\">Impressum<\/option><option value=\"https:\/\/aquileaonbalance.com\/es\/politica-de-privacidad\/\">Datenschutzerkl\u00e4rung<\/option><option value=\"https:\/\/aquileaonbalance.com\/es\/politica-de-cookies\/\">Cookie-Richtlinien<\/option><\/select><\/div>\n\t\t\t\t\t\t<\/div>\n\t\t\t\t<\/div>\n\t\t\t\t<div class=\"elementor-element elementor-element-3f0ad43 elementor-widget elementor-widget-heading\" data-id=\"3f0ad43\" data-element_type=\"widget\" data-e-type=\"widget\" data-widget_type=\"heading.default\">\n\t\t\t\t<div class=\"elementor-widget-container\">\n\t\t\t\t\t<h2 class=\"elementor-heading-title elementor-size-default\">Impressum &amp; rechtlicher Hinweis<\/h2>\t\t\t\t<\/div>\n\t\t\t\t<\/div>\n\t\t\t\t<div class=\"elementor-element elementor-element-5b449e9 elementor-widget elementor-widget-text-editor\" data-id=\"5b449e9\" data-element_type=\"widget\" data-e-type=\"widget\" data-widget_type=\"text-editor.default\">\n\t\t\t\t<div class=\"elementor-widget-container\">\n\t\t\t\t\t\t\t\t\t<p>Inhaber dieser Website www.aquileaonbalance.com\/de (im Folgenden die \u201e<strong>Website<\/strong>\u201c) ist das Unternehmen <strong>Uriach Germany GmbH<\/strong>, welches zum Konzern GRUPO J. URIACH, S.L. (im Folgenden \u201e<strong>URIACH<\/strong>\u201c) geh\u00f6rt und dessen Identifikationsdaten wie folgt lauten:<\/p><ul><li><strong>Anschrift:<\/strong> Arzbacher Stra\u00dfe 78, D-56130 Bad Ems<\/li><li><strong>Umsatzsteuer-Identifikationsnummer:<\/strong> DE811222150<\/li><li><strong>Gesch\u00e4ftsf\u00fchrer:<\/strong> Sebastian Werner<\/li><li><strong>Registergericht<\/strong>: Amtsgericht Koblenz<\/li><li><strong>Registernummer<\/strong>: HRB 22615<\/li><li><strong>Aufsichtsbeh\u00f6rde<\/strong>: Landesamt f\u00fcr Soziales, Jugend und Versorgung in Koblenz. Baedekerstr. 2-10 56073 Koblenz.<\/li><\/ul><p>Der Nutzer kann Anfragen \u00fcber unser Kontaktformular stellen oder sich auf dem Postweg unter Einsatz der genannten Adresse sowie telefonisch unter +49 02603 9364-00 und per E-Mail an <u>info@uriach.com<\/u> an uns wenden.<\/p><ol><li><strong> Zugriff auf Website und Funktionsweise der Website<\/strong><\/li><\/ol><p>Diese Rechtlichen Hinweise regeln den Zugriff der Nutzer auf Website sowie die Funktionsweise der Website, die dazu dient, Informationen \u00fcber die Dienstleistungen und Produkte von URIACH bereitzustellen und allen Internetnutzern den allgemeinen Zugriff zu erm\u00f6glichen.<\/p><p>Im Allgemeinen ist f\u00fcr den Zugriff auf die Website sowie f\u00fcr deren Nutzung keine vorherige Anmeldung oder Registrierung als Nutzer erforderlich. F\u00fcr den Zugriff auf bestimmte Dienste oder Inhalte kann jedoch eine solche Registrierung erforderlich werden. Der Nutzer verpflichtet sich, sein Passwort geheim zu halten und vor unbefugtem Zugriff durch Dritte zu sch\u00fctzen.<\/p><p>Bei Kenntnis einer unbefugten Nutzung seines Kontos oder einer Sicherheitsverletzungen im Zusammenhang mit den Diensten der Website ist der Nutzer verpflichtet, URIACH unverz\u00fcglich \u00fcber den betreffenden Umstand zu informieren.<\/p><p>Sofern das Verschulden daf\u00fcr nicht direkt auf URIACH zur\u00fcckzuf\u00fchren ist, \u00fcbernimmt URIACH gegen\u00fcber dem Nutzer weder f\u00fcr die Offenlegung personenbezogener Daten an Dritte noch f\u00fcr die Nutzung solcher Daten durch Dritte au\u00dferhalb des Einflussbereichs von URIACH die Haftung.<\/p><ol start=\"2\"><li><strong> Nutzung der Website<\/strong><\/li><\/ol><p>Der Nutzer verpflichtet sich zur angemessenen Nutzung der Inhalte der Website und insbesondere zu folgendem:<\/p><ol><li>Der Nutzer gew\u00e4hrleistet die Bereitstellung wahrheitsgem\u00e4\u00dfer und korrekter Angaben zu den in den Formularen der Website abgefragten Daten und ggf. zu deren Aktualisierung;<\/li><li>Der Nutzer nimmt Abstand von Handlungen, die rechtswidrig sind, gegen Gesetze, die guten Sitten oder die \u00f6ffentliche Ordnung versto\u00dfen;<\/li><li>Der Nutzer nimmt Abstand von der Verbreitung von Inhalten und Propaganda, die rassistischen, fremdenfeindlichen oder diskriminierenden Charakter in Bezug auf Rasse, Geschlecht, Ideologie oder Religion haben oder die in irgendeiner Weise gegen die guten Sitten, die \u00f6ffentliche Ordnung, die Grundrechte, die \u00f6ffentlichen Freiheiten, die Ehre, die Privatsph\u00e4re oder das Ansehen Dritter sowie gegen die geltenden gesetzlichen Bestimmungen versto\u00dfen;<\/li><li>Der Nutzer verursacht keine Sch\u00e4den an den physischen oder logischen Systemen der Website, an jenen der Zulieferer von URIACH oder an jenen Dritter. Der Nutzer nimmt Abstand von der Einf\u00fchrung sowie von der Verbreitung \u00fcber das Internet von Computerviren oder sonstigen physischen oder logischen Systemen, die in der Lage sind, die oben genannten Sch\u00e4den herbeizuf\u00fchren.<\/li><li>Der Nutzer nimmt Abstand von der Nutzung der auf der Website bereitgestellten Inhalte und Informationen zur Versendung von Werbung oder Nachrichten kommerzieller Natur sowie zur Erfassung und Speicherung personenbezogener Daten Dritter.<\/li><li>Der Nutzer nimmt Abstand vom Versuch, sich unbefugten Zugriff auf E-Mail-Konten anderer Nutzer zu verschaffen und vom Versuch, diese zur Ver\u00e4nderung oder Manipulierung deren Nachrichten zu nutzen.<\/li><\/ol><p>URIACH beh\u00e4lt sich das Recht vor, die auf seiner Website angebotenen Inhalte und Dienste sowie deren Darstellung und Standort auf der Website im eigenen Ermessen nicht vorangek\u00fcndigten \u00c4nderungen zu unterziehen. Aus diesem Grund wird dem Nutzer empfohlen, diese Rechtlichen Hinweise regelm\u00e4\u00dfig zu lesen.<\/p><ol start=\"3\"><li><strong> Haftung<\/strong><\/li><li><u>Haftung bez\u00fcglich der Nutzung der Website:<\/u> Die Haftung f\u00fcr Verst\u00f6\u00dfe, die der Nutzer im Zusammenhang mit der Nutzung der Website begeht, sowie f\u00fcr ggf. aus diesen erwachsende Sch\u00e4den, liegt ausschlie\u00dflich beim Nutzer. URIACH ist in jedem Fall von jeglicher im Zusammenhang mit den Handlungen des Nutzers erwachsenden Haftung befreit.<\/li><\/ol><p>URIACH sorgt mit allen zumutbaren Anstrengungen und verf\u00fcgbaren Mitteln f\u00fcr die Bereitstellung von aktuellen und verl\u00e4sslichen Informationen auf der Website. Dennoch \u00fcbernimmt URIACH keinerlei Gew\u00e4hr f\u00fcr die Abwesenheit von Fehlern, Ungenauigkeiten bzw. Auslassungen in den \u00fcber diese Website zug\u00e4nglichen Inhalten.<\/p><p>Bei Schadensersatzanspr\u00fcchen und rechtlichen Schritten gerichtlicher oder au\u00dfergerichtlicher Art, die von Dritten gegen URIACH im Zusammenhang mit der Nutzung der Website durch den Nutzer eingeleitet werden, liegt die Haftung ausschlie\u00dflich beim Nutzer. Der Nutzer \u00fcbernimmt in solchen F\u00e4llen s\u00e4mtliche Kosten, Auslagen und Entsch\u00e4digungen, die URIACH aufgrund solcher Schadensersatzanspr\u00fcche oder rechtlicher Schritte entstehen.<\/p><ol start=\"2\"><li><u>Haftung bez\u00fcglich des Betriebs der Website:<\/u> URIACH schlie\u00dft jegliche Haftung f\u00fcr St\u00f6rungen, Unterbrechungen, Ausf\u00e4lle, Computerviren, Telefonst\u00f6rungen oder Verbindungsunterbrechungen im operativen Betrieb des elektronischen Systems aus.<\/li><\/ol><p>URIACH schlie\u00dft jegliche Haftung im Zusammenhang mit Verz\u00f6gerungen oder St\u00f6rungen im operativen Betrieb dieses elektronischen Systems aufgrund von M\u00e4ngeln oder \u00dcberlastungen der Telefonleitungen oder des Internets aus. URIACH schlie\u00dft jegliche Haftung f\u00fcr Sch\u00e4den aus, die durch unbefugte Eingriffe Dritter au\u00dferhalb des Einflussbereichs von URIACH verursacht werden. URIACH ist berechtigt, den Zugriff zur Website f\u00fcr Wartungs-, Reparatur-, Aktualisierungs- oder Verbesserungsma\u00dfnahmen vor\u00fcbergehend und ohne Vorank\u00fcndigung zu unterbinden.<\/p><ol start=\"3\"><li><u>Haftung bez\u00fcglich Inhalten:<\/u> URIACH haftet, au\u00dfer in den gesetzlich vorgesehenen F\u00e4llen, nicht f\u00fcr Sch\u00e4den durch die Nutzung, Vervielf\u00e4ltigung, Verbreitung, \u00f6ffentliche Wiedergabe oder jede andere Form der Nutzung von durch geistige Eigentumsrechte Dritter gesch\u00fctzten Texten und\/oder Fotografien, welche der Nutzer ohne die vorab eingeholte erforderliche Genehmigung der Rechtsinhaber bez\u00fcglich der durchgef\u00fchrten oder beabsichtigten Nutzung t\u00e4tigt.<\/li><\/ol><p>URIACH haftet nicht f\u00fcr Informationen, die vom Nutzer \u00fcbermittelt wurden, sofern keine tats\u00e4chliche Kenntnis dar\u00fcber besteht, dass die gespeicherten Informationen rechtswidrig sind oder eine Verletzung der Rechte oder der gesch\u00fctzten Interessen Dritter darstellen und einen Schadensersatzanspruch begr\u00fcnden k\u00f6nnen. URIACH verpflichtet sich, unverz\u00fcglich t\u00e4tig zu werden, um solche Inhalte zu entfernen und den Zugriff auf sie zu unterbinden, sobald das Unternehmen tats\u00e4chliche diesbez\u00fcgliche Kenntnis erlangt.<\/p><p>In jedem Fall k\u00f6nnen Reklamationen im Zusammenhang mit den Inhalten, die in den verschiedenen Bereichen dieser Website ver\u00f6ffentlicht wurden, \u00fcber die auf der Website angegebenen Kontaktm\u00f6glichkeiten direkt an URIACH gerichtet werden.<\/p><ol start=\"4\"><li><strong> Links zu Drittanbietern<\/strong><\/li><li><u>Websites, die Links zu dieser Website enthalten:<\/u> Dritte, die beabsichtigen, auf ihrer eigenen Website einen Link zu dieser Website zu setzen, m\u00fcssen die geltenden gesetzlichen Bestimmungen einhalten und d\u00fcrfen keine Inhalte hosten, die unangemessen und\/oder rechtswidrig sind. In keinem Fall haftet URIACH f\u00fcr auf Websites Dritter ver\u00f6ffentlichte Inhalte, noch unterst\u00fctzt, gew\u00e4hrleistet, \u00fcberwacht oder empfiehlt URIACH die auf Websites Dritter bereitgestellten Inhalte. Bei Verst\u00f6\u00dfen gegen die oben genannten Bedingungen seitens Websites, die Links zu dieser Website setzen, sind erstere verpflichtet, den Link unverz\u00fcglich zu entfernen.<\/li><li><u>Websites, zu denen auf dieser Website ein Link gesetzt wird:<\/u> Diese Website kann Links zu Websites Dritter enthalten, mit denen der Nutzer Zugriff zu externen Inhalten erlangen kann. Ungeachtet dessen \u00fcbernimmt URIACH keine Verantwortung f\u00fcr den Inhalt der verlinkten Websites. Der Nutzer ist daf\u00fcr verantwortlich, den Zugriff auf diese bei jedem Besuch zu akzeptieren und zu \u00fcberpr\u00fcfen. Diese Rechtlichen Hinweise gelten ausschlie\u00dflich auf die vorliegende Website und die von URIACH ver\u00f6ffentlichen Inhalte. Links und Websites Dritter, auf die \u00fcber diese Website zugegriffen werden kann, sind vom Geltungsbereich dieser Rechtlichen Hinweise ausgeschlossen.<\/li><\/ol><p>Die genannten Links oder Verweise dienen lediglich Informationszwecken und implizieren keinerlei Unterst\u00fctzung, Genehmigung, Vermarktung oder eine sonstige Verbindung zwischen URIACH und den Inhabern der betreffenden Websites.<\/p><ol start=\"5\"><li><strong> Geistiges und gewerbliches Eigentum an den Inhalten<\/strong><\/li><\/ol><p>Sofern nicht anders angegeben, sind s\u00e4mtliche Inhalte der Website alleiniges Eigentum von URIACH. Die genannten Inhalte k\u00f6nnen, ohne Anspruch auf Vollst\u00e4ndigkeit, die folgenden Formen annehmen: grafische Designs, Quellcode, Logos, Texte, Grafiken, Illustrationen, Fotografien und andere Elemente, die auf der Website erscheinen. Dar\u00fcber hinaus sind s\u00e4mtliche Handelsnamen, Marken und sonstige auf der Website erscheinenden Kennzeichen jeglicher Art, gesetzlich gesch\u00fctzt.<\/p><p>Weder gew\u00e4hrt URIACH dem Nutzer eine Lizenz oder Nutzungserlaubnis jedweder Art bez\u00fcglich der vom Eigent\u00fcmer gehaltenen Rechte an geistigem und gewerblichem Eigentum noch jedwede sonstigen Rechte im Zusammenhang mit der Website und den auf ihr angebotenen Dienstleistungen.<\/p><p>Der Nutzer erkennt daher an, dass die Vervielf\u00e4ltigung, Verbreitung, Vermarktung, Ver\u00e4nderung und im Allgemeinen jegliche Art der Verwertung der Inhalte der Website oder ihrer Teile eine Verletzung der geistigen und\/oder gewerblichen Eigentumsrechte von URIACH oder des jeweiligen Rechtsinhabers darstellen.<\/p><ol start=\"6\"><li><strong> Verarbeitung personenbezogener Daten<\/strong><\/li><\/ol><p>Informationen \u00fcber die Verarbeitung personenbezogener Daten durch URIACH im Rahmen dieser Website findet der Nutzer in der Datenschutzerkl\u00e4rung derselben. Sie sind vor der Bereitstellung personenbezogener Daten zur aufmerksamen Lekt\u00fcre der vorliegenden Rechtlichen Hinweise angehalten.<\/p><ol start=\"7\"><li><strong> Anwendbares Recht<\/strong><\/li><\/ol><p>Die vorliegenden Rechtlichen Hinweise unterliegen der in Deutschland geltenden Gesetzgebung und werden gem\u00e4\u00df dieser interpretiert.<\/p><p>F\u00fcr die Beilegung von Konflikten, die sich aus dem Zugriff auf die Website ergeben k\u00f6nnten, sind die zust\u00e4ndigen Gerichte gem\u00e4\u00df der Gesetzgebung f\u00fcr Verbraucher und Nutzer der Website zust\u00e4ndig.<\/p><p>URIACH verfolgt den Versto\u00df gegen die vorliegenden Rechtlichen Hinweise sowie die missbr\u00e4uchliche Nutzung der Website unter Ergreifung aller dem Unternehmen rechtm\u00e4\u00dfig zustehenden zivil- und strafrechtlichen Ma\u00dfnahmen.<\/p>\t\t\t\t\t\t\t\t<\/div>\n\t\t\t\t<\/div>\n\t\t\t\t\t<\/div>\n\t\t\t\t<\/div>\n\t\t\t\t<\/div>\n\t\t\t\t<\/div>\n\t\t","protected":false},"excerpt":{"rendered":"<p>RECHTLICHE INFORMATIONEN Unsere Richtlinien Impressum &amp; rechtlicher Hinweis Inhaber dieser Website www.aquileaonbalance.com\/de (im Folgenden die \u201eWebsite\u201c) ist das Unternehmen Uriach Germany GmbH, welches zum Konzern GRUPO J. URIACH, S.L. (im Folgenden \u201eURIACH\u201c) geh\u00f6rt und dessen Identifikationsdaten wie folgt lauten: Anschrift: Arzbacher Stra\u00dfe 78, D-56130 Bad Ems Umsatzsteuer-Identifikationsnummer: DE811222150 Gesch\u00e4ftsf\u00fchrer: Sebastian Werner Registergericht: Amtsgericht Koblenz Registernummer: [&hellip;]<\/p>\n","protected":false},"author":1,"featured_media":0,"parent":0,"menu_order":0,"comment_status":"closed","ping_status":"closed","template":"elementor_header_footer","meta":{"_acf_changed":false,"footnotes":""},"class_list":["post-29073","page","type-page","status-publish","hentry"],"acf":[],"yoast_head":"<!-- This site is optimized with the Yoast SEO plugin v27.1 - https:\/\/yoast.com\/product\/yoast-seo-wordpress\/ -->\n<title>Impressum - Aquilea OnBalance<\/title>\n<meta name=\"robots\" content=\"index, follow, max-snippet:-1, max-image-preview:large, max-video-preview:-1\" \/>\n<link rel=\"canonical\" href=\"https:\/\/aquileaonbalance.com\/de\/impressum\/\" \/>\n<meta property=\"og:locale\" content=\"de_DE\" \/>\n<meta property=\"og:type\" content=\"article\" \/>\n<meta property=\"og:title\" content=\"Impressum - Aquilea OnBalance\" \/>\n<meta property=\"og:description\" content=\"RECHTLICHE INFORMATIONEN Unsere Richtlinien Impressum &amp; rechtlicher Hinweis Inhaber dieser Website www.aquileaonbalance.com\/de (im Folgenden die \u201eWebsite\u201c) ist das Unternehmen Uriach Germany GmbH, welches zum Konzern GRUPO J. URIACH, S.L. (im Folgenden \u201eURIACH\u201c) geh\u00f6rt und dessen Identifikationsdaten wie folgt lauten: Anschrift: Arzbacher Stra\u00dfe 78, D-56130 Bad Ems Umsatzsteuer-Identifikationsnummer: DE811222150 Gesch\u00e4ftsf\u00fchrer: Sebastian Werner Registergericht: Amtsgericht Koblenz Registernummer: [&hellip;]\" \/>\n<meta property=\"og:url\" content=\"https:\/\/aquileaonbalance.com\/de\/impressum\/\" \/>\n<meta property=\"og:site_name\" content=\"Aquilea OnBalance\" \/>\n<meta property=\"article:modified_time\" content=\"2025-09-18T11:03:30+00:00\" \/>\n<meta name=\"twitter:card\" content=\"summary_large_image\" \/>\n<meta name=\"twitter:label1\" content=\"Gesch\u00e4tzte Lesezeit\" \/>\n\t<meta name=\"twitter:data1\" content=\"8\u00a0Minuten\" \/>\n<script type=\"application\/ld+json\" class=\"yoast-schema-graph\">{\"@context\":\"https:\/\/schema.org\",\"@graph\":[{\"@type\":\"WebPage\",\"@id\":\"https:\/\/aquileaonbalance.com\/de\/impressum\/\",\"url\":\"https:\/\/aquileaonbalance.com\/de\/impressum\/\",\"name\":\"Impressum - Aquilea OnBalance\",\"isPartOf\":{\"@id\":\"https:\/\/aquileaonbalance.com\/de\/#website\"},\"datePublished\":\"2024-11-26T18:04:58+00:00\",\"dateModified\":\"2025-09-18T11:03:30+00:00\",\"breadcrumb\":{\"@id\":\"https:\/\/aquileaonbalance.com\/de\/impressum\/#breadcrumb\"},\"inLanguage\":\"de\",\"potentialAction\":[{\"@type\":\"ReadAction\",\"target\":[\"https:\/\/aquileaonbalance.com\/de\/impressum\/\"]}]},{\"@type\":\"BreadcrumbList\",\"@id\":\"https:\/\/aquileaonbalance.com\/de\/impressum\/#breadcrumb\",\"itemListElement\":[{\"@type\":\"ListItem\",\"position\":1,\"name\":\"Portada\",\"item\":\"https:\/\/aquileaonbalance.com\/de\/\"},{\"@type\":\"ListItem\",\"position\":2,\"name\":\"Impressum\"}]},{\"@type\":\"WebSite\",\"@id\":\"https:\/\/aquileaonbalance.com\/de\/#website\",\"url\":\"https:\/\/aquileaonbalance.com\/de\/\",\"name\":\"Aquilea OnBalance\",\"description\":\"\",\"publisher\":{\"@id\":\"https:\/\/aquileaonbalance.com\/de\/#organization\"},\"potentialAction\":[{\"@type\":\"SearchAction\",\"target\":{\"@type\":\"EntryPoint\",\"urlTemplate\":\"https:\/\/aquileaonbalance.com\/de\/?s={search_term_string}\"},\"query-input\":{\"@type\":\"PropertyValueSpecification\",\"valueRequired\":true,\"valueName\":\"search_term_string\"}}],\"inLanguage\":\"de\"},{\"@type\":\"Organization\",\"@id\":\"https:\/\/aquileaonbalance.com\/de\/#organization\",\"name\":\"On Balance\",\"url\":\"https:\/\/aquileaonbalance.com\/de\/\",\"logo\":{\"@type\":\"ImageObject\",\"inLanguage\":\"de\",\"@id\":\"https:\/\/aquileaonbalance.com\/de\/#\/schema\/logo\/image\/\",\"url\":\"https:\/\/aquileaonbalance.com\/wp-content\/uploads\/2024\/11\/logo.png\",\"contentUrl\":\"https:\/\/aquileaonbalance.com\/wp-content\/uploads\/2024\/11\/logo.png\",\"width\":501,\"height\":184,\"caption\":\"On Balance\"},\"image\":{\"@id\":\"https:\/\/aquileaonbalance.com\/de\/#\/schema\/logo\/image\/\"},\"sameAs\":[\"https:\/\/www.instagram.com\/onbalance_es\/\"]}]}<\/script>\n<!-- \/ Yoast SEO plugin. -->","yoast_head_json":{"title":"Impressum - Aquilea OnBalance","robots":{"index":"index","follow":"follow","max-snippet":"max-snippet:-1","max-image-preview":"max-image-preview:large","max-video-preview":"max-video-preview:-1"},"canonical":"https:\/\/aquileaonbalance.com\/de\/impressum\/","og_locale":"de_DE","og_type":"article","og_title":"Impressum - Aquilea OnBalance","og_description":"RECHTLICHE INFORMATIONEN Unsere Richtlinien Impressum &amp; rechtlicher Hinweis Inhaber dieser Website www.aquileaonbalance.com\/de (im Folgenden die \u201eWebsite\u201c) ist das Unternehmen Uriach Germany GmbH, welches zum Konzern GRUPO J. URIACH, S.L. (im Folgenden \u201eURIACH\u201c) geh\u00f6rt und dessen Identifikationsdaten wie folgt lauten: Anschrift: Arzbacher Stra\u00dfe 78, D-56130 Bad Ems Umsatzsteuer-Identifikationsnummer: DE811222150 Gesch\u00e4ftsf\u00fchrer: Sebastian Werner Registergericht: Amtsgericht Koblenz Registernummer: [&hellip;]","og_url":"https:\/\/aquileaonbalance.com\/de\/impressum\/","og_site_name":"Aquilea OnBalance","article_modified_time":"2025-09-18T11:03:30+00:00","twitter_card":"summary_large_image","twitter_misc":{"Gesch\u00e4tzte Lesezeit":"8\u00a0Minuten"},"schema":{"@context":"https:\/\/schema.org","@graph":[{"@type":"WebPage","@id":"https:\/\/aquileaonbalance.com\/de\/impressum\/","url":"https:\/\/aquileaonbalance.com\/de\/impressum\/","name":"Impressum - Aquilea OnBalance","isPartOf":{"@id":"https:\/\/aquileaonbalance.com\/de\/#website"},"datePublished":"2024-11-26T18:04:58+00:00","dateModified":"2025-09-18T11:03:30+00:00","breadcrumb":{"@id":"https:\/\/aquileaonbalance.com\/de\/impressum\/#breadcrumb"},"inLanguage":"de","potentialAction":[{"@type":"ReadAction","target":["https:\/\/aquileaonbalance.com\/de\/impressum\/"]}]},{"@type":"BreadcrumbList","@id":"https:\/\/aquileaonbalance.com\/de\/impressum\/#breadcrumb","itemListElement":[{"@type":"ListItem","position":1,"name":"Portada","item":"https:\/\/aquileaonbalance.com\/de\/"},{"@type":"ListItem","position":2,"name":"Impressum"}]},{"@type":"WebSite","@id":"https:\/\/aquileaonbalance.com\/de\/#website","url":"https:\/\/aquileaonbalance.com\/de\/","name":"Aquilea OnBalance","description":"","publisher":{"@id":"https:\/\/aquileaonbalance.com\/de\/#organization"},"potentialAction":[{"@type":"SearchAction","target":{"@type":"EntryPoint","urlTemplate":"https:\/\/aquileaonbalance.com\/de\/?s={search_term_string}"},"query-input":{"@type":"PropertyValueSpecification","valueRequired":true,"valueName":"search_term_string"}}],"inLanguage":"de"},{"@type":"Organization","@id":"https:\/\/aquileaonbalance.com\/de\/#organization","name":"On Balance","url":"https:\/\/aquileaonbalance.com\/de\/","logo":{"@type":"ImageObject","inLanguage":"de","@id":"https:\/\/aquileaonbalance.com\/de\/#\/schema\/logo\/image\/","url":"https:\/\/aquileaonbalance.com\/wp-content\/uploads\/2024\/11\/logo.png","contentUrl":"https:\/\/aquileaonbalance.com\/wp-content\/uploads\/2024\/11\/logo.png","width":501,"height":184,"caption":"On Balance"},"image":{"@id":"https:\/\/aquileaonbalance.com\/de\/#\/schema\/logo\/image\/"},"sameAs":["https:\/\/www.instagram.com\/onbalance_es\/"]}]}},"_links":{"self":[{"href":"https:\/\/aquileaonbalance.com\/de\/wp-json\/wp\/v2\/pages\/29073","targetHints":{"allow":["GET"]}}],"collection":[{"href":"https:\/\/aquileaonbalance.com\/de\/wp-json\/wp\/v2\/pages"}],"about":[{"href":"https:\/\/aquileaonbalance.com\/de\/wp-json\/wp\/v2\/types\/page"}],"author":[{"embeddable":true,"href":"https:\/\/aquileaonbalance.com\/de\/wp-json\/wp\/v2\/users\/1"}],"replies":[{"embeddable":true,"href":"https:\/\/aquileaonbalance.com\/de\/wp-json\/wp\/v2\/comments?post=29073"}],"version-history":[{"count":14,"href":"https:\/\/aquileaonbalance.com\/de\/wp-json\/wp\/v2\/pages\/29073\/revisions"}],"predecessor-version":[{"id":30069,"href":"https:\/\/aquileaonbalance.com\/de\/wp-json\/wp\/v2\/pages\/29073\/revisions\/30069"}],"wp:attachment":[{"href":"https:\/\/aquileaonbalance.com\/de\/wp-json\/wp\/v2\/media?parent=29073"}],"curies":[{"name":"wp","href":"https:\/\/api.w.org\/{rel}","templated":true}]}}