{"id":37558,"date":"2025-12-02T19:53:21","date_gmt":"2025-12-02T18:53:21","guid":{"rendered":"https:\/\/aquileaonbalance.com\/?page_id=37558"},"modified":"2026-01-08T16:04:30","modified_gmt":"2026-01-08T15:04:30","slug":"wirksamkeitsstudie-zu-aquilea-onbalance-smile","status":"publish","type":"page","link":"https:\/\/aquileaonbalance.com\/de\/studien\/wirksamkeitsstudie-zu-aquilea-onbalance-smile\/","title":{"rendered":"Wirksamkeitsstudie zu Aquilea OnBalance Smile"},"content":{"rendered":"\t\t<div data-elementor-type=\"wp-page\" data-elementor-id=\"37558\" class=\"elementor elementor-37558 elementor-37557\" data-elementor-post-type=\"page\">\n\t\t\t\t<div class=\"elementor-element elementor-element-3349958 e-flex e-con-boxed e-con e-parent\" data-id=\"3349958\" data-element_type=\"container\" data-e-type=\"container\">\n\t\t\t\t\t<div class=\"e-con-inner\">\n\t\t<div class=\"elementor-element elementor-element-942b65b e-con-full e-flex e-con e-child\" data-id=\"942b65b\" data-element_type=\"container\" data-e-type=\"container\" data-settings=\"{&quot;background_background&quot;:&quot;classic&quot;}\">\n\t\t\t\t<div class=\"elementor-element elementor-element-d72d09f breadcrumbs elementor-widget elementor-widget-text-editor\" data-id=\"d72d09f\" data-element_type=\"widget\" data-e-type=\"widget\" data-widget_type=\"text-editor.default\">\n\t\t\t\t<div class=\"elementor-widget-container\">\n\t\t\t\t\t\t\t\t\t<p><a href=\"\/de\/\">Aquilea OnBalance<\/a><a href=\"\/evidencia-cientifica\/\"> | <\/a><a href=\"\/de\/studien\/\">Wissenschaftliche Studien<\/a> | <strong>OnBalance Smile<\/strong><\/p>\t\t\t\t\t\t\t\t<\/div>\n\t\t\t\t<\/div>\n\t\t\t\t<\/div>\n\t\t\t\t\t<\/div>\n\t\t\t\t<\/div>\n\t\t<div class=\"elementor-element elementor-element-69812c8 e-flex e-con-boxed e-con e-parent\" data-id=\"69812c8\" data-element_type=\"container\" data-e-type=\"container\">\n\t\t\t\t\t<div class=\"e-con-inner\">\n\t\t<div class=\"elementor-element elementor-element-9256773 e-con-full e-flex e-con e-child\" data-id=\"9256773\" data-element_type=\"container\" data-e-type=\"container\">\n\t\t<div class=\"elementor-element elementor-element-c05862c e-con-full evidencia e-flex e-con e-child\" data-id=\"c05862c\" data-element_type=\"container\" data-e-type=\"container\" data-settings=\"{&quot;background_background&quot;:&quot;classic&quot;}\">\n\t\t\t\t<div class=\"elementor-element elementor-element-9a8eb4c elementor-widget elementor-widget-heading\" data-id=\"9a8eb4c\" data-element_type=\"widget\" data-e-type=\"widget\" data-widget_type=\"heading.default\">\n\t\t\t\t<div class=\"elementor-widget-container\">\n\t\t\t\t\t<h2 class=\"elementor-heading-title elementor-size-default\">Hier sind einige weitere <strong>wissenschaftliche Studien<\/strong><\/h2>\t\t\t\t<\/div>\n\t\t\t\t<\/div>\n\t\t<a class=\"elementor-element elementor-element-d5ebc3b e-con-full focus e-flex e-con e-child\" data-id=\"d5ebc3b\" data-element_type=\"container\" data-e-type=\"container\" data-settings=\"{&quot;background_background&quot;:&quot;classic&quot;}\" href=\"https:\/\/aquileaonbalance.com\/es\/evidencia-cientifica\/estudio-de-eficacia-de-aquilea-onbalance-focus\/\">\n\t\t\t\t<div class=\"elementor-element elementor-element-0c3050a elementor-widget elementor-widget-heading\" data-id=\"0c3050a\" data-element_type=\"widget\" data-e-type=\"widget\" data-widget_type=\"heading.default\">\n\t\t\t\t<div class=\"elementor-widget-container\">\n\t\t\t\t\t<h2 class=\"elementor-heading-title elementor-size-default\"><span>Wirksamkeitsstudie zu Aquilea OnBalance Focus<\/span><\/h2>\t\t\t\t<\/div>\n\t\t\t\t<\/div>\n\t\t\t\t<div class=\"elementor-element elementor-element-c9fcb30 elementor-widget elementor-widget-text-editor\" data-id=\"c9fcb30\" data-element_type=\"widget\" data-e-type=\"widget\" data-widget_type=\"text-editor.default\">\n\t\t\t\t<div class=\"elementor-widget-container\">\n\t\t\t\t\t\t\t\t\t<p>MEHR LESEN<\/p>\t\t\t\t\t\t\t\t<\/div>\n\t\t\t\t<\/div>\n\t\t\t\t<\/a>\n\t\t<a class=\"elementor-element elementor-element-68fb604 e-con-full relax e-flex e-con e-child\" data-id=\"68fb604\" data-element_type=\"container\" data-e-type=\"container\" data-settings=\"{&quot;background_background&quot;:&quot;classic&quot;}\" href=\"https:\/\/aquileaonbalance.com\/es\/evidencia-cientifica\/estudio-de-eficacia-de-aquilea-onbalance-relax\/\">\n\t\t\t\t<div class=\"elementor-element elementor-element-4da5154 elementor-widget elementor-widget-heading\" data-id=\"4da5154\" data-element_type=\"widget\" data-e-type=\"widget\" data-widget_type=\"heading.default\">\n\t\t\t\t<div class=\"elementor-widget-container\">\n\t\t\t\t\t<h2 class=\"elementor-heading-title elementor-size-default\"><span>Wirksamkeitsstudie zu Aquilea OnBalance Relax<\/span><\/h2>\t\t\t\t<\/div>\n\t\t\t\t<\/div>\n\t\t\t\t<div class=\"elementor-element elementor-element-677ddcc elementor-widget elementor-widget-text-editor\" data-id=\"677ddcc\" data-element_type=\"widget\" data-e-type=\"widget\" data-widget_type=\"text-editor.default\">\n\t\t\t\t<div class=\"elementor-widget-container\">\n\t\t\t\t\t\t\t\t\t<p>MEHR LESEN<\/p>\t\t\t\t\t\t\t\t<\/div>\n\t\t\t\t<\/div>\n\t\t\t\t<\/a>\n\t\t\t\t<\/div>\n\t\t\t\t<\/div>\n\t\t<div class=\"elementor-element elementor-element-836652f e-con-full estudio_contenido e-flex e-con e-child\" data-id=\"836652f\" data-element_type=\"container\" data-e-type=\"container\">\n\t\t\t\t<div class=\"elementor-element elementor-element-6e5d741 elementor-widget elementor-widget-heading\" data-id=\"6e5d741\" data-element_type=\"widget\" data-e-type=\"widget\" data-widget_type=\"heading.default\">\n\t\t\t\t<div class=\"elementor-widget-container\">\n\t\t\t\t\t<h2 class=\"elementor-heading-title elementor-size-default\">Internationale Gruppe, spezialisiert auf sensorische Forschung und Verbraucherforschung<\/h2>\t\t\t\t<\/div>\n\t\t\t\t<\/div>\n\t\t\t\t<div class=\"elementor-element elementor-element-0d2b91d elementor-widget elementor-widget-heading\" data-id=\"0d2b91d\" data-element_type=\"widget\" data-e-type=\"widget\" data-widget_type=\"heading.default\">\n\t\t\t\t<div class=\"elementor-widget-container\">\n\t\t\t\t\t<h1 class=\"elementor-heading-title elementor-size-default\">Wirksamkeitsstudie zu Aquilea OnBalance Smile<\/h1>\t\t\t\t<\/div>\n\t\t\t\t<\/div>\n\t\t\t\t<div class=\"elementor-element elementor-element-a0bee0c elementor-widget elementor-widget-text-editor\" data-id=\"a0bee0c\" data-element_type=\"widget\" data-e-type=\"widget\" data-widget_type=\"text-editor.default\">\n\t\t\t\t<div class=\"elementor-widget-container\">\n\t\t\t\t\t\t\t\t\t<p><strong>ZIELE:<\/strong> Das Ziel dieser <strong>Anwenderbefragung <\/strong>war es, die Effekte nach dem Verzehr von 2 Gummies Aquilea OnBalance Smile \u00fcber einen Zeitraum von 28 Tagen zu bewerten.<\/p><p><strong>METHODIK: <\/strong>Es wurde eine Befragung in Spanien mit 80 Teilnehmer:innen durchgef\u00fchrt, um die Effekte des Nahrungserg\u00e4nzungsmittels u.a. zur Verbesserung des wahrgenommenen Stresses zu bewerten.<\/p><p>Die Teilnehmer:innen wurden nach den folgenden Ein- und Ausschlusskriterien ausgew\u00e4hlt:<\/p><p>Beim Screening wurden alle Teilnehmer:innen aufgrund eines mittleren bis moderaten Stressniveaus (Punktzahlen zwischen 18\u201328 im Fragebogen der Perceived Stress Scale (PSS)) als Auswahlkriterium ausgew\u00e4hlt, und 100 % der Konsument:innen gaben an, sich traurig oder antriebslos zu f\u00fchlen.<\/p><p>Allgemeine Ausschlusskriterien waren: Schwangerschaft oder Stillzeit, Allergien gegen die Inhaltsstoffe des Produkts, sowie die gleichzeitige Einnahme w\u00e4hrend der Anwenderbefragung bestimmter Medikamente wie orale Antikoagulanzien, Schilddr\u00fcsenmedikamente, Blutdruckmedikamente, Antidepressiva, Anxiolytika, Immunsuppressiva oder Antiarrhythmika.<\/p><p>Ebenfalls ausgeschlossen wurden Personen, die Medikamente einnahmen, welche Traurigkeit oder Antriebslosigkeit als Nebenwirkung verursachen, sowie Personen mit folgenden Erkrankungen: Schilddr\u00fcsenerkrankungen, Bluthochdruck und Nierenerkrankungen.<\/p><p>Dar\u00fcber hinaus wurde von den Nutzer:innen der folgenden Arten von Nahrungserg\u00e4nzungsmitteln verlangt, deren Einnahme 7 Tage vor Beginn der Anwenderbefragung zu beenden: Nahrungserg\u00e4nzungsmittel zur Stresskontrolle oder solche, die die Stimmung verbessern oder Antriebslosigkeit\/Traurigkeit mindern k\u00f6nnten.<\/p><p>Nach der Rekrutierung nahmen die 80 Teilnehmer:innen 28 Tage lang t\u00e4glich 2 Gummies Aquilea OnBalance Smile ein und beantworteten Frageb\u00f6gen zur Bewertung ihres emotionalen Zustands unter Verwendung von u.a. der validierten, wissenschaftlichen Perceived Stress Scale (PSS) zur Bewertung des Stressniveaus.<\/p><p>Dieser Fragebogen wurden zu Beginn der Befragung (Initial), in der Mitte nach 2 Wochen (14 Tage) und am Ende nach 4 Wochen (28 Tage) beantwortet.<\/p><p><strong>ERGEBNISSE: <\/strong><\/p><p>Unter Verwendung der Perceived Stress Scale (PSS) wurden die folgenden Ergebnisse erzielt: Zu Beginn der Anwenderbefragung starteten alle Teilnehmer:innen mit einem mittleren bis moderaten Ausgangsstresswert (durchschnittliche Punktzahl 24,5), und die Werte reduzierten sich signifikant nach 14 und 28 Tagen.<\/p><p>Aquilea OnBalance Smile erreichte nach 28 Tagen eine durchschnittliche Reduktion des Stressniveaus um \u201344,7 %, was bedeutet, dass die Teilnehmer:innen ihr Stressniveau auf ein niedriges Niveau reduzierten.<\/p><p>Verbesserungen auf der PSS-Skala wurden bei 95,00 % der Konsument:innen von Aquilea OnBalance Smile beobachtet.<\/p><p><a href=\"https:\/\/aquileaonbalance.com\/wp-content\/uploads\/2026\/01\/smile-1-de.svg\"><img decoding=\"async\" class=\"alignnone wp-image-38187 size-full\" src=\"https:\/\/aquileaonbalance.com\/wp-content\/uploads\/2026\/01\/smile-1-de.svg\" alt=\"\" \/><\/a><\/p><p>Konkrete Aussagen, denen die TeilnehmerInnen nach 28 Tagen Einnahme von Aquilea OnBalance Smile zustimmten, waren (in Klammer: Prozent der Teilnehmenden, die der Aussage zustimmten):<\/p><p>\u201cIch f\u00fchle mich positiver\u201d (71%)<\/p><p>\u201cIch f\u00fchle mich weniger gereizt\u201d (64%)<\/p><p>\u201cIch f\u00fchle mich emotional ausgeglichener\u201d (73%)<\/p><p>W\u00e4hrend der 28-t\u00e4gigen Einnahme wurden keine unerw\u00fcnschten Wirkungen beobachtet, sodass die \u00a0Einnahme von Aquilea OnBalance Smile als sicher und gut vertr\u00e4glich eingestuft wurde.<\/p><p>Dar\u00fcberhinaus mochten 88 % der Konsument:innen die Darreichungsform und 96 % der Teilnehmer:innen berichteten, dass die Einnahmeweise des Produkts (2 Gummies zur gleichen Tageszeit) angenehm und leicht durchzuf\u00fchren war.<\/p>\t\t\t\t\t\t\t\t<\/div>\n\t\t\t\t<\/div>\n\t\t\t\t<\/div>\n\t\t\t\t\t<\/div>\n\t\t\t\t<\/div>\n\t\t\t\t<\/div>\n\t\t","protected":false},"excerpt":{"rendered":"<p>Aquilea OnBalance | Wissenschaftliche Studien | OnBalance Smile Hier sind einige weitere wissenschaftliche Studien Wirksamkeitsstudie zu Aquilea OnBalance Focus MEHR LESEN Wirksamkeitsstudie zu Aquilea OnBalance Relax MEHR LESEN Internationale Gruppe, spezialisiert auf sensorische Forschung und Verbraucherforschung Wirksamkeitsstudie zu Aquilea OnBalance Smile ZIELE: Das Ziel dieser Anwenderbefragung war es, die Effekte nach dem Verzehr von 2 [&hellip;]<\/p>\n","protected":false},"author":1,"featured_media":0,"parent":28908,"menu_order":0,"comment_status":"closed","ping_status":"closed","template":"elementor_header_footer","meta":{"_acf_changed":false,"footnotes":""},"class_list":["post-37558","page","type-page","status-publish","hentry"],"acf":[],"yoast_head":"<!-- This site is optimized with the Yoast SEO plugin v27.1 - https:\/\/yoast.com\/product\/yoast-seo-wordpress\/ -->\n<title>Wirksamkeitsstudie zu Aquilea OnBalance Smile - Aquilea OnBalance<\/title>\n<meta name=\"description\" content=\"Das Ziel dieser Anwenderbefragung war es, die Effekte nach dem Verzehr von 2 Gummies Aquilea OnBalance Smile \u00fcber einen Zeitraum von 28 Tagen zu bewerten.\" \/>\n<meta name=\"robots\" content=\"index, follow, max-snippet:-1, max-image-preview:large, max-video-preview:-1\" \/>\n<link rel=\"canonical\" href=\"https:\/\/aquileaonbalance.com\/de\/studien\/wirksamkeitsstudie-zu-aquilea-onbalance-smile\/\" \/>\n<meta property=\"og:locale\" content=\"de_DE\" \/>\n<meta property=\"og:type\" content=\"article\" \/>\n<meta property=\"og:title\" content=\"Wirksamkeitsstudie zu Aquilea OnBalance Smile - Aquilea OnBalance\" \/>\n<meta property=\"og:description\" content=\"Das Ziel dieser Anwenderbefragung war es, die Effekte nach dem Verzehr von 2 Gummies Aquilea OnBalance Smile \u00fcber einen Zeitraum von 28 Tagen zu bewerten.\" \/>\n<meta property=\"og:url\" content=\"https:\/\/aquileaonbalance.com\/de\/studien\/wirksamkeitsstudie-zu-aquilea-onbalance-smile\/\" \/>\n<meta property=\"og:site_name\" content=\"Aquilea OnBalance\" \/>\n<meta property=\"article:modified_time\" content=\"2026-01-08T15:04:30+00:00\" \/>\n<meta name=\"twitter:card\" content=\"summary_large_image\" \/>\n<meta name=\"twitter:label1\" content=\"Gesch\u00e4tzte Lesezeit\" \/>\n\t<meta name=\"twitter:data1\" content=\"3\u00a0Minuten\" \/>\n<script type=\"application\/ld+json\" class=\"yoast-schema-graph\">{\"@context\":\"https:\/\/schema.org\",\"@graph\":[{\"@type\":\"WebPage\",\"@id\":\"https:\/\/aquileaonbalance.com\/de\/studien\/wirksamkeitsstudie-zu-aquilea-onbalance-smile\/\",\"url\":\"https:\/\/aquileaonbalance.com\/de\/studien\/wirksamkeitsstudie-zu-aquilea-onbalance-smile\/\",\"name\":\"Wirksamkeitsstudie zu Aquilea OnBalance Smile - Aquilea OnBalance\",\"isPartOf\":{\"@id\":\"https:\/\/aquileaonbalance.com\/de\/#website\"},\"primaryImageOfPage\":{\"@id\":\"https:\/\/aquileaonbalance.com\/de\/studien\/wirksamkeitsstudie-zu-aquilea-onbalance-smile\/#primaryimage\"},\"image\":{\"@id\":\"https:\/\/aquileaonbalance.com\/de\/studien\/wirksamkeitsstudie-zu-aquilea-onbalance-smile\/#primaryimage\"},\"thumbnailUrl\":\"https:\/\/aquileaonbalance.com\/wp-content\/uploads\/2026\/01\/smile-1-de.svg\",\"datePublished\":\"2025-12-02T18:53:21+00:00\",\"dateModified\":\"2026-01-08T15:04:30+00:00\",\"description\":\"Das Ziel dieser Anwenderbefragung war es, die Effekte nach dem Verzehr von 2 Gummies Aquilea OnBalance Smile \u00fcber einen Zeitraum von 28 Tagen zu bewerten.\",\"breadcrumb\":{\"@id\":\"https:\/\/aquileaonbalance.com\/de\/studien\/wirksamkeitsstudie-zu-aquilea-onbalance-smile\/#breadcrumb\"},\"inLanguage\":\"de\",\"potentialAction\":[{\"@type\":\"ReadAction\",\"target\":[\"https:\/\/aquileaonbalance.com\/de\/studien\/wirksamkeitsstudie-zu-aquilea-onbalance-smile\/\"]}]},{\"@type\":\"ImageObject\",\"inLanguage\":\"de\",\"@id\":\"https:\/\/aquileaonbalance.com\/de\/studien\/wirksamkeitsstudie-zu-aquilea-onbalance-smile\/#primaryimage\",\"url\":\"https:\/\/aquileaonbalance.com\/wp-content\/uploads\/2026\/01\/smile-1-de.svg\",\"contentUrl\":\"https:\/\/aquileaonbalance.com\/wp-content\/uploads\/2026\/01\/smile-1-de.svg\"},{\"@type\":\"BreadcrumbList\",\"@id\":\"https:\/\/aquileaonbalance.com\/de\/studien\/wirksamkeitsstudie-zu-aquilea-onbalance-smile\/#breadcrumb\",\"itemListElement\":[{\"@type\":\"ListItem\",\"position\":1,\"name\":\"Portada\",\"item\":\"https:\/\/aquileaonbalance.com\/de\/\"},{\"@type\":\"ListItem\",\"position\":2,\"name\":\"Studien\",\"item\":\"https:\/\/aquileaonbalance.com\/de\/studien\/\"},{\"@type\":\"ListItem\",\"position\":3,\"name\":\"Wirksamkeitsstudie zu Aquilea OnBalance Smile\"}]},{\"@type\":\"WebSite\",\"@id\":\"https:\/\/aquileaonbalance.com\/de\/#website\",\"url\":\"https:\/\/aquileaonbalance.com\/de\/\",\"name\":\"Aquilea OnBalance\",\"description\":\"\",\"publisher\":{\"@id\":\"https:\/\/aquileaonbalance.com\/de\/#organization\"},\"potentialAction\":[{\"@type\":\"SearchAction\",\"target\":{\"@type\":\"EntryPoint\",\"urlTemplate\":\"https:\/\/aquileaonbalance.com\/de\/?s={search_term_string}\"},\"query-input\":{\"@type\":\"PropertyValueSpecification\",\"valueRequired\":true,\"valueName\":\"search_term_string\"}}],\"inLanguage\":\"de\"},{\"@type\":\"Organization\",\"@id\":\"https:\/\/aquileaonbalance.com\/de\/#organization\",\"name\":\"On Balance\",\"url\":\"https:\/\/aquileaonbalance.com\/de\/\",\"logo\":{\"@type\":\"ImageObject\",\"inLanguage\":\"de\",\"@id\":\"https:\/\/aquileaonbalance.com\/de\/#\/schema\/logo\/image\/\",\"url\":\"https:\/\/aquileaonbalance.com\/wp-content\/uploads\/2024\/11\/logo.png\",\"contentUrl\":\"https:\/\/aquileaonbalance.com\/wp-content\/uploads\/2024\/11\/logo.png\",\"width\":501,\"height\":184,\"caption\":\"On Balance\"},\"image\":{\"@id\":\"https:\/\/aquileaonbalance.com\/de\/#\/schema\/logo\/image\/\"},\"sameAs\":[\"https:\/\/www.instagram.com\/onbalance_es\/\"]}]}<\/script>\n<!-- \/ Yoast SEO plugin. -->","yoast_head_json":{"title":"Wirksamkeitsstudie zu Aquilea OnBalance Smile - Aquilea OnBalance","description":"Das Ziel dieser Anwenderbefragung war es, die Effekte nach dem Verzehr von 2 Gummies Aquilea OnBalance Smile \u00fcber einen Zeitraum von 28 Tagen zu bewerten.","robots":{"index":"index","follow":"follow","max-snippet":"max-snippet:-1","max-image-preview":"max-image-preview:large","max-video-preview":"max-video-preview:-1"},"canonical":"https:\/\/aquileaonbalance.com\/de\/studien\/wirksamkeitsstudie-zu-aquilea-onbalance-smile\/","og_locale":"de_DE","og_type":"article","og_title":"Wirksamkeitsstudie zu Aquilea OnBalance Smile - Aquilea OnBalance","og_description":"Das Ziel dieser Anwenderbefragung war es, die Effekte nach dem Verzehr von 2 Gummies Aquilea OnBalance Smile \u00fcber einen Zeitraum von 28 Tagen zu bewerten.","og_url":"https:\/\/aquileaonbalance.com\/de\/studien\/wirksamkeitsstudie-zu-aquilea-onbalance-smile\/","og_site_name":"Aquilea OnBalance","article_modified_time":"2026-01-08T15:04:30+00:00","twitter_card":"summary_large_image","twitter_misc":{"Gesch\u00e4tzte Lesezeit":"3\u00a0Minuten"},"schema":{"@context":"https:\/\/schema.org","@graph":[{"@type":"WebPage","@id":"https:\/\/aquileaonbalance.com\/de\/studien\/wirksamkeitsstudie-zu-aquilea-onbalance-smile\/","url":"https:\/\/aquileaonbalance.com\/de\/studien\/wirksamkeitsstudie-zu-aquilea-onbalance-smile\/","name":"Wirksamkeitsstudie zu Aquilea OnBalance Smile - Aquilea OnBalance","isPartOf":{"@id":"https:\/\/aquileaonbalance.com\/de\/#website"},"primaryImageOfPage":{"@id":"https:\/\/aquileaonbalance.com\/de\/studien\/wirksamkeitsstudie-zu-aquilea-onbalance-smile\/#primaryimage"},"image":{"@id":"https:\/\/aquileaonbalance.com\/de\/studien\/wirksamkeitsstudie-zu-aquilea-onbalance-smile\/#primaryimage"},"thumbnailUrl":"https:\/\/aquileaonbalance.com\/wp-content\/uploads\/2026\/01\/smile-1-de.svg","datePublished":"2025-12-02T18:53:21+00:00","dateModified":"2026-01-08T15:04:30+00:00","description":"Das Ziel dieser Anwenderbefragung war es, die Effekte nach dem Verzehr von 2 Gummies Aquilea OnBalance Smile \u00fcber einen Zeitraum von 28 Tagen zu bewerten.","breadcrumb":{"@id":"https:\/\/aquileaonbalance.com\/de\/studien\/wirksamkeitsstudie-zu-aquilea-onbalance-smile\/#breadcrumb"},"inLanguage":"de","potentialAction":[{"@type":"ReadAction","target":["https:\/\/aquileaonbalance.com\/de\/studien\/wirksamkeitsstudie-zu-aquilea-onbalance-smile\/"]}]},{"@type":"ImageObject","inLanguage":"de","@id":"https:\/\/aquileaonbalance.com\/de\/studien\/wirksamkeitsstudie-zu-aquilea-onbalance-smile\/#primaryimage","url":"https:\/\/aquileaonbalance.com\/wp-content\/uploads\/2026\/01\/smile-1-de.svg","contentUrl":"https:\/\/aquileaonbalance.com\/wp-content\/uploads\/2026\/01\/smile-1-de.svg"},{"@type":"BreadcrumbList","@id":"https:\/\/aquileaonbalance.com\/de\/studien\/wirksamkeitsstudie-zu-aquilea-onbalance-smile\/#breadcrumb","itemListElement":[{"@type":"ListItem","position":1,"name":"Portada","item":"https:\/\/aquileaonbalance.com\/de\/"},{"@type":"ListItem","position":2,"name":"Studien","item":"https:\/\/aquileaonbalance.com\/de\/studien\/"},{"@type":"ListItem","position":3,"name":"Wirksamkeitsstudie zu Aquilea OnBalance Smile"}]},{"@type":"WebSite","@id":"https:\/\/aquileaonbalance.com\/de\/#website","url":"https:\/\/aquileaonbalance.com\/de\/","name":"Aquilea OnBalance","description":"","publisher":{"@id":"https:\/\/aquileaonbalance.com\/de\/#organization"},"potentialAction":[{"@type":"SearchAction","target":{"@type":"EntryPoint","urlTemplate":"https:\/\/aquileaonbalance.com\/de\/?s={search_term_string}"},"query-input":{"@type":"PropertyValueSpecification","valueRequired":true,"valueName":"search_term_string"}}],"inLanguage":"de"},{"@type":"Organization","@id":"https:\/\/aquileaonbalance.com\/de\/#organization","name":"On Balance","url":"https:\/\/aquileaonbalance.com\/de\/","logo":{"@type":"ImageObject","inLanguage":"de","@id":"https:\/\/aquileaonbalance.com\/de\/#\/schema\/logo\/image\/","url":"https:\/\/aquileaonbalance.com\/wp-content\/uploads\/2024\/11\/logo.png","contentUrl":"https:\/\/aquileaonbalance.com\/wp-content\/uploads\/2024\/11\/logo.png","width":501,"height":184,"caption":"On Balance"},"image":{"@id":"https:\/\/aquileaonbalance.com\/de\/#\/schema\/logo\/image\/"},"sameAs":["https:\/\/www.instagram.com\/onbalance_es\/"]}]}},"_links":{"self":[{"href":"https:\/\/aquileaonbalance.com\/de\/wp-json\/wp\/v2\/pages\/37558","targetHints":{"allow":["GET"]}}],"collection":[{"href":"https:\/\/aquileaonbalance.com\/de\/wp-json\/wp\/v2\/pages"}],"about":[{"href":"https:\/\/aquileaonbalance.com\/de\/wp-json\/wp\/v2\/types\/page"}],"author":[{"embeddable":true,"href":"https:\/\/aquileaonbalance.com\/de\/wp-json\/wp\/v2\/users\/1"}],"replies":[{"embeddable":true,"href":"https:\/\/aquileaonbalance.com\/de\/wp-json\/wp\/v2\/comments?post=37558"}],"version-history":[{"count":17,"href":"https:\/\/aquileaonbalance.com\/de\/wp-json\/wp\/v2\/pages\/37558\/revisions"}],"predecessor-version":[{"id":38193,"href":"https:\/\/aquileaonbalance.com\/de\/wp-json\/wp\/v2\/pages\/37558\/revisions\/38193"}],"up":[{"embeddable":true,"href":"https:\/\/aquileaonbalance.com\/de\/wp-json\/wp\/v2\/pages\/28908"}],"wp:attachment":[{"href":"https:\/\/aquileaonbalance.com\/de\/wp-json\/wp\/v2\/media?parent=37558"}],"curies":[{"name":"wp","href":"https:\/\/api.w.org\/{rel}","templated":true}]}}