{"id":1581,"date":"2024-11-26T19:36:01","date_gmt":"2024-11-26T18:36:01","guid":{"rendered":"https:\/\/onbalance.site\/?page_id=1581"},"modified":"2024-12-17T18:44:10","modified_gmt":"2024-12-17T17:44:10","slug":"politica-de-cookies","status":"publish","type":"page","link":"https:\/\/aquileaonbalance.com\/es\/politica-de-cookies\/","title":{"rendered":"Pol\u00edtica de cookies"},"content":{"rendered":"\t\t<div data-elementor-type=\"wp-page\" data-elementor-id=\"1581\" class=\"elementor elementor-1581\" data-elementor-post-type=\"page\">\n\t\t\t\t<div class=\"elementor-element elementor-element-8fba661 e-con-full politicas e-flex e-con e-parent\" data-id=\"8fba661\" data-element_type=\"container\" data-e-type=\"container\">\n\t\t\t\t<div class=\"elementor-element elementor-element-f471c67 elementor-widget elementor-widget-heading\" data-id=\"f471c67\" data-element_type=\"widget\" data-e-type=\"widget\" data-widget_type=\"heading.default\">\n\t\t\t\t<div class=\"elementor-widget-container\">\n\t\t\t\t\t<p class=\"elementor-heading-title elementor-size-default\">INFORMACI\u00d3N LEGAL<\/p>\t\t\t\t<\/div>\n\t\t\t\t<\/div>\n\t\t\t\t<div class=\"elementor-element elementor-element-d484e16 titulo elementor-widget elementor-widget-heading\" data-id=\"d484e16\" data-element_type=\"widget\" data-e-type=\"widget\" data-widget_type=\"heading.default\">\n\t\t\t\t<div class=\"elementor-widget-container\">\n\t\t\t\t\t<h1 class=\"elementor-heading-title elementor-size-default\">Nuestras pol\u00ecticas<\/h1>\t\t\t\t<\/div>\n\t\t\t\t<\/div>\n\t\t\t\t<div class=\"elementor-element elementor-element-09e8693 elementor-widget-divider--view-line elementor-widget elementor-widget-divider\" data-id=\"09e8693\" data-element_type=\"widget\" data-e-type=\"widget\" data-widget_type=\"divider.default\">\n\t\t\t\t<div class=\"elementor-widget-container\">\n\t\t\t\t\t\t\t<div class=\"elementor-divider\">\n\t\t\t<span class=\"elementor-divider-separator\">\n\t\t\t\t\t\t<\/span>\n\t\t<\/div>\n\t\t\t\t\t\t<\/div>\n\t\t\t\t<\/div>\n\t\t<div class=\"elementor-element elementor-element-b13cb58 e-flex e-con-boxed e-con e-child\" data-id=\"b13cb58\" data-element_type=\"container\" data-e-type=\"container\">\n\t\t\t\t\t<div class=\"e-con-inner\">\n\t\t\t\t<div class=\"elementor-element elementor-element-78de467 elementor-widget__width-initial elementor-widget elementor-widget-shortcode\" data-id=\"78de467\" data-element_type=\"widget\" data-e-type=\"widget\" data-widget_type=\"shortcode.default\">\n\t\t\t\t<div class=\"elementor-widget-container\">\n\t\t\t\t\t\t\t<div class=\"elementor-shortcode\"><select onchange=\"if (this.value) window.location.href=this.value;\" class=\"menu_legal\"><option value=\"https:\/\/aquileaonbalance.com\/es\/aviso-legal\/\">Aviso legal<\/option><option value=\"https:\/\/aquileaonbalance.com\/es\/politica-de-privacidad\/\">Pol\u00edtica de privacidad<\/option><option value=\"https:\/\/aquileaonbalance.com\/es\/politica-de-cookies\/\">Pol\u00edtica de cookies<\/option><\/select><\/div>\n\t\t\t\t\t\t<\/div>\n\t\t\t\t<\/div>\n\t\t\t\t<div class=\"elementor-element elementor-element-3f0ad43 elementor-widget elementor-widget-heading\" data-id=\"3f0ad43\" data-element_type=\"widget\" data-e-type=\"widget\" data-widget_type=\"heading.default\">\n\t\t\t\t<div class=\"elementor-widget-container\">\n\t\t\t\t\t<h2 class=\"elementor-heading-title elementor-size-default\">Pol\u00edtica de cookies<\/h2>\t\t\t\t<\/div>\n\t\t\t\t<\/div>\n\t\t\t\t<div class=\"elementor-element elementor-element-5b449e9 elementor-widget elementor-widget-text-editor\" data-id=\"5b449e9\" data-element_type=\"widget\" data-e-type=\"widget\" data-widget_type=\"text-editor.default\">\n\t\t\t\t<div class=\"elementor-widget-container\">\n\t\t\t\t\t\t\t\t\t<ol><li><strong> \u00bfQu\u00e9 son las cookies?<\/strong><\/li><\/ol><p>Las cookies son archivos que almacenan y recuperan informaci\u00f3n sobre los h\u00e1bitos de navegaci\u00f3n del usuario. La informaci\u00f3n obtenida est\u00e1 relacionada, por ejemplo, con el n\u00famero de p\u00e1ginas visitadas, el idioma, el lugar desde donde se accede, el n\u00famero de nuevos usuarios, la frecuencia y recurrencia de las visitas, la duraci\u00f3n de la visita, el navegador o dispositivo desde el cual se realiza la visita o se ejecuta la aplicaci\u00f3n.<\/p><ol start=\"2\"><li><strong> \u00bfQu\u00e9 tipos de cookies utiliza URIACH en su sitio web?<\/strong><\/li><\/ol><p>A continuaci\u00f3n se detallan los tipos de cookies que se utilizan al navegar por el sitio web.<\/p><p>Seg\u00fan la entidad que las gestiona:<\/p><ul><li><strong>Cookies propias<\/strong>: se env\u00edan al equipo terminal del usuario desde un equipo o dominio gestionado por el propio editor y desde el cual se presta el servicio solicitado por el usuario.<\/li><li><strong>Cookies de terceros<\/strong>: se env\u00edan al equipo terminal del usuario desde un equipo o dominio que no es gestionado por el editor, sino por otra entidad que trata los datos obtenidos a trav\u00e9s de las cookies.<\/li><\/ul><p>Seg\u00fan el tiempo que permanecen activas:<\/p><ul><li><strong>Cookies de sesi\u00f3n<\/strong>: recogen y almacenan datos mientras el usuario accede al sitio web. Se eliminan al cerrar la pesta\u00f1a de navegaci\u00f3n del navegador.<\/li><li><strong>Cookies persistentes<\/strong>: recogen datos almacenados en el terminal y son accedidos y tratados durante el per\u00edodo definido de validez.<\/li><\/ul><p>Seg\u00fan su finalidad:<\/p><ul><li><strong>Cookies esenciales<\/strong>: permiten la navegaci\u00f3n en el sitio web y el uso de diferentes servicios en el sitio web, como el control del tr\u00e1fico y la comunicaci\u00f3n de datos, la realizaci\u00f3n del proceso de compra de un pedido o el uso de elementos de seguridad durante la navegaci\u00f3n.<\/li><li><strong>Cookies de an\u00e1lisis<\/strong>: permiten el seguimiento y an\u00e1lisis del comportamiento de los usuarios (por ejemplo, para medir la actividad de la aplicaci\u00f3n, crear perfiles de usuario, etc., con el objetivo de introducir mejoras en el servicio seg\u00fan los datos de uso proporcionados por los usuarios).<\/li><li><strong>Cookies publicitarias<\/strong>: permiten la gesti\u00f3n eficaz de los espacios publicitarios incluidos en el sitio web, en base a criterios como el contenido editado o la frecuencia con la que se muestran los anuncios.<\/li><\/ul><p>Para obtener una lista con informaci\u00f3n detallada sobre las cookies utilizadas en este sitio web, abre el panel de configuraci\u00f3n de cookies haciendo clic en \u00abConfigurar Cookies\u00bb a continuaci\u00f3n.<\/p><ol start=\"3\"><li><strong> \u00bfC\u00f3mo gestiono las cookies?<\/strong><\/li><\/ol><p>El usuario tiene la opci\u00f3n de permitir, bloquear o eliminar las cookies instaladas en el panel de configuraci\u00f3n de cookies.<\/p><p>Por otro lado, desactivar las cookies podr\u00eda modificar el funcionamiento del sitio web.<\/p><p>Consulta las instrucciones y manuales de tu dispositivo para obtener m\u00e1s informaci\u00f3n. Si bloqueas el uso de cookies en tu dispositivo, es posible que algunos servicios o funcionalidades del sitio web no est\u00e9n disponibles.<\/p><ol start=\"4\"><li><strong> Actualizaci\u00f3n de la pol\u00edtica de cookies<\/strong><\/li><\/ol><p>En caso de que se modifiquen las caracter\u00edsticas o finalidades de uso de las cookies en el sitio web, se te informar\u00e1 de estos cambios para obtener nuevamente tu consentimiento.<\/p>\t\t\t\t\t\t\t\t<\/div>\n\t\t\t\t<\/div>\n\t\t\t\t\t<\/div>\n\t\t\t\t<\/div>\n\t\t\t\t<\/div>\n\t\t\t\t<\/div>\n\t\t","protected":false},"excerpt":{"rendered":"<p>INFORMACI\u00d3N LEGAL Nuestras pol\u00ecticas Pol\u00edtica de cookies \u00bfQu\u00e9 son las cookies? Las cookies son archivos que almacenan y recuperan informaci\u00f3n sobre los h\u00e1bitos de navegaci\u00f3n del usuario. La informaci\u00f3n obtenida est\u00e1 relacionada, por ejemplo, con el n\u00famero de p\u00e1ginas visitadas, el idioma, el lugar desde donde se accede, el n\u00famero de nuevos usuarios, la frecuencia [&hellip;]<\/p>\n","protected":false},"author":1,"featured_media":0,"parent":0,"menu_order":0,"comment_status":"closed","ping_status":"closed","template":"elementor_header_footer","meta":{"_acf_changed":false,"footnotes":""},"class_list":["post-1581","page","type-page","status-publish","hentry"],"acf":[],"yoast_head":"<!-- This site is optimized with the Yoast SEO plugin v27.1 - https:\/\/yoast.com\/product\/yoast-seo-wordpress\/ -->\n<title>Pol\u00edtica de cookies - Aquilea OnBalance<\/title>\n<meta name=\"robots\" content=\"index, follow, max-snippet:-1, max-image-preview:large, max-video-preview:-1\" \/>\n<link rel=\"canonical\" href=\"https:\/\/aquileaonbalance.com\/es\/politica-de-cookies\/\" \/>\n<meta property=\"og:locale\" content=\"es_ES\" \/>\n<meta property=\"og:type\" content=\"article\" \/>\n<meta property=\"og:title\" content=\"Pol\u00edtica de cookies - Aquilea OnBalance\" \/>\n<meta property=\"og:description\" content=\"INFORMACI\u00d3N LEGAL Nuestras pol\u00ecticas Pol\u00edtica de cookies \u00bfQu\u00e9 son las cookies? Las cookies son archivos que almacenan y recuperan informaci\u00f3n sobre los h\u00e1bitos de navegaci\u00f3n del usuario. La informaci\u00f3n obtenida est\u00e1 relacionada, por ejemplo, con el n\u00famero de p\u00e1ginas visitadas, el idioma, el lugar desde donde se accede, el n\u00famero de nuevos usuarios, la frecuencia [&hellip;]\" \/>\n<meta property=\"og:url\" content=\"https:\/\/aquileaonbalance.com\/es\/politica-de-cookies\/\" \/>\n<meta property=\"og:site_name\" content=\"Aquilea OnBalance\" \/>\n<meta property=\"article:modified_time\" content=\"2024-12-17T17:44:10+00:00\" \/>\n<meta name=\"twitter:card\" content=\"summary_large_image\" \/>\n<meta name=\"twitter:label1\" content=\"Tiempo de lectura\" \/>\n\t<meta name=\"twitter:data1\" content=\"3 minutos\" \/>\n<script type=\"application\/ld+json\" class=\"yoast-schema-graph\">{\"@context\":\"https:\/\/schema.org\",\"@graph\":[{\"@type\":\"WebPage\",\"@id\":\"https:\/\/aquileaonbalance.com\/es\/politica-de-cookies\/\",\"url\":\"https:\/\/aquileaonbalance.com\/es\/politica-de-cookies\/\",\"name\":\"Pol\u00edtica de cookies - Aquilea OnBalance\",\"isPartOf\":{\"@id\":\"https:\/\/aquileaonbalance.com\/es\/#website\"},\"datePublished\":\"2024-11-26T18:36:01+00:00\",\"dateModified\":\"2024-12-17T17:44:10+00:00\",\"breadcrumb\":{\"@id\":\"https:\/\/aquileaonbalance.com\/es\/politica-de-cookies\/#breadcrumb\"},\"inLanguage\":\"es\",\"potentialAction\":[{\"@type\":\"ReadAction\",\"target\":[\"https:\/\/aquileaonbalance.com\/es\/politica-de-cookies\/\"]}]},{\"@type\":\"BreadcrumbList\",\"@id\":\"https:\/\/aquileaonbalance.com\/es\/politica-de-cookies\/#breadcrumb\",\"itemListElement\":[{\"@type\":\"ListItem\",\"position\":1,\"name\":\"Portada\",\"item\":\"https:\/\/aquileaonbalance.com\/es\/\"},{\"@type\":\"ListItem\",\"position\":2,\"name\":\"Pol\u00edtica de cookies\"}]},{\"@type\":\"WebSite\",\"@id\":\"https:\/\/aquileaonbalance.com\/es\/#website\",\"url\":\"https:\/\/aquileaonbalance.com\/es\/\",\"name\":\"Aquilea OnBalance\",\"description\":\"\",\"publisher\":{\"@id\":\"https:\/\/aquileaonbalance.com\/es\/#organization\"},\"potentialAction\":[{\"@type\":\"SearchAction\",\"target\":{\"@type\":\"EntryPoint\",\"urlTemplate\":\"https:\/\/aquileaonbalance.com\/es\/?s={search_term_string}\"},\"query-input\":{\"@type\":\"PropertyValueSpecification\",\"valueRequired\":true,\"valueName\":\"search_term_string\"}}],\"inLanguage\":\"es\"},{\"@type\":\"Organization\",\"@id\":\"https:\/\/aquileaonbalance.com\/es\/#organization\",\"name\":\"On Balance\",\"url\":\"https:\/\/aquileaonbalance.com\/es\/\",\"logo\":{\"@type\":\"ImageObject\",\"inLanguage\":\"es\",\"@id\":\"https:\/\/aquileaonbalance.com\/es\/#\/schema\/logo\/image\/\",\"url\":\"https:\/\/aquileaonbalance.com\/wp-content\/uploads\/2024\/11\/logo.png\",\"contentUrl\":\"https:\/\/aquileaonbalance.com\/wp-content\/uploads\/2024\/11\/logo.png\",\"width\":501,\"height\":184,\"caption\":\"On Balance\"},\"image\":{\"@id\":\"https:\/\/aquileaonbalance.com\/es\/#\/schema\/logo\/image\/\"},\"sameAs\":[\"https:\/\/www.instagram.com\/onbalance_es\/\"]}]}<\/script>\n<!-- \/ Yoast SEO plugin. -->","yoast_head_json":{"title":"Pol\u00edtica de cookies - Aquilea OnBalance","robots":{"index":"index","follow":"follow","max-snippet":"max-snippet:-1","max-image-preview":"max-image-preview:large","max-video-preview":"max-video-preview:-1"},"canonical":"https:\/\/aquileaonbalance.com\/es\/politica-de-cookies\/","og_locale":"es_ES","og_type":"article","og_title":"Pol\u00edtica de cookies - Aquilea OnBalance","og_description":"INFORMACI\u00d3N LEGAL Nuestras pol\u00ecticas Pol\u00edtica de cookies \u00bfQu\u00e9 son las cookies? Las cookies son archivos que almacenan y recuperan informaci\u00f3n sobre los h\u00e1bitos de navegaci\u00f3n del usuario. La informaci\u00f3n obtenida est\u00e1 relacionada, por ejemplo, con el n\u00famero de p\u00e1ginas visitadas, el idioma, el lugar desde donde se accede, el n\u00famero de nuevos usuarios, la frecuencia [&hellip;]","og_url":"https:\/\/aquileaonbalance.com\/es\/politica-de-cookies\/","og_site_name":"Aquilea OnBalance","article_modified_time":"2024-12-17T17:44:10+00:00","twitter_card":"summary_large_image","twitter_misc":{"Tiempo de lectura":"3 minutos"},"schema":{"@context":"https:\/\/schema.org","@graph":[{"@type":"WebPage","@id":"https:\/\/aquileaonbalance.com\/es\/politica-de-cookies\/","url":"https:\/\/aquileaonbalance.com\/es\/politica-de-cookies\/","name":"Pol\u00edtica de cookies - Aquilea OnBalance","isPartOf":{"@id":"https:\/\/aquileaonbalance.com\/es\/#website"},"datePublished":"2024-11-26T18:36:01+00:00","dateModified":"2024-12-17T17:44:10+00:00","breadcrumb":{"@id":"https:\/\/aquileaonbalance.com\/es\/politica-de-cookies\/#breadcrumb"},"inLanguage":"es","potentialAction":[{"@type":"ReadAction","target":["https:\/\/aquileaonbalance.com\/es\/politica-de-cookies\/"]}]},{"@type":"BreadcrumbList","@id":"https:\/\/aquileaonbalance.com\/es\/politica-de-cookies\/#breadcrumb","itemListElement":[{"@type":"ListItem","position":1,"name":"Portada","item":"https:\/\/aquileaonbalance.com\/es\/"},{"@type":"ListItem","position":2,"name":"Pol\u00edtica de cookies"}]},{"@type":"WebSite","@id":"https:\/\/aquileaonbalance.com\/es\/#website","url":"https:\/\/aquileaonbalance.com\/es\/","name":"Aquilea OnBalance","description":"","publisher":{"@id":"https:\/\/aquileaonbalance.com\/es\/#organization"},"potentialAction":[{"@type":"SearchAction","target":{"@type":"EntryPoint","urlTemplate":"https:\/\/aquileaonbalance.com\/es\/?s={search_term_string}"},"query-input":{"@type":"PropertyValueSpecification","valueRequired":true,"valueName":"search_term_string"}}],"inLanguage":"es"},{"@type":"Organization","@id":"https:\/\/aquileaonbalance.com\/es\/#organization","name":"On Balance","url":"https:\/\/aquileaonbalance.com\/es\/","logo":{"@type":"ImageObject","inLanguage":"es","@id":"https:\/\/aquileaonbalance.com\/es\/#\/schema\/logo\/image\/","url":"https:\/\/aquileaonbalance.com\/wp-content\/uploads\/2024\/11\/logo.png","contentUrl":"https:\/\/aquileaonbalance.com\/wp-content\/uploads\/2024\/11\/logo.png","width":501,"height":184,"caption":"On Balance"},"image":{"@id":"https:\/\/aquileaonbalance.com\/es\/#\/schema\/logo\/image\/"},"sameAs":["https:\/\/www.instagram.com\/onbalance_es\/"]}]}},"_links":{"self":[{"href":"https:\/\/aquileaonbalance.com\/es\/wp-json\/wp\/v2\/pages\/1581","targetHints":{"allow":["GET"]}}],"collection":[{"href":"https:\/\/aquileaonbalance.com\/es\/wp-json\/wp\/v2\/pages"}],"about":[{"href":"https:\/\/aquileaonbalance.com\/es\/wp-json\/wp\/v2\/types\/page"}],"author":[{"embeddable":true,"href":"https:\/\/aquileaonbalance.com\/es\/wp-json\/wp\/v2\/users\/1"}],"replies":[{"embeddable":true,"href":"https:\/\/aquileaonbalance.com\/es\/wp-json\/wp\/v2\/comments?post=1581"}],"version-history":[{"count":13,"href":"https:\/\/aquileaonbalance.com\/es\/wp-json\/wp\/v2\/pages\/1581\/revisions"}],"predecessor-version":[{"id":4824,"href":"https:\/\/aquileaonbalance.com\/es\/wp-json\/wp\/v2\/pages\/1581\/revisions\/4824"}],"wp:attachment":[{"href":"https:\/\/aquileaonbalance.com\/es\/wp-json\/wp\/v2\/media?parent=1581"}],"curies":[{"name":"wp","href":"https:\/\/api.w.org\/{rel}","templated":true}]}}