{"id":26089,"date":"2024-12-18T12:21:56","date_gmt":"2024-12-18T11:21:56","guid":{"rendered":"https:\/\/aquileaonbalance.com\/evidenze-scientifiche\/azafran-planta-med-2019\/"},"modified":"2025-12-03T17:14:14","modified_gmt":"2025-12-03T16:14:14","slug":"zafferano-planta-med-2019","status":"publish","type":"page","link":"https:\/\/aquileaonbalance.com\/it\/evidenze-scientifiche\/zafferano-planta-med-2019\/","title":{"rendered":"ZAFFERANO Planta Med 2019"},"content":{"rendered":"\t\t<div data-elementor-type=\"wp-page\" data-elementor-id=\"26089\" class=\"elementor elementor-26089 elementor-4917\" data-elementor-post-type=\"page\">\n\t\t\t\t<div class=\"elementor-element elementor-element-3349958 e-flex e-con-boxed e-con e-parent\" data-id=\"3349958\" data-element_type=\"container\" data-e-type=\"container\">\n\t\t\t\t\t<div class=\"e-con-inner\">\n\t\t<div class=\"elementor-element elementor-element-942b65b e-con-full e-flex e-con e-child\" data-id=\"942b65b\" data-element_type=\"container\" data-e-type=\"container\" data-settings=\"{&quot;background_background&quot;:&quot;classic&quot;}\">\n\t\t\t\t<div class=\"elementor-element elementor-element-d72d09f breadcrumbs elementor-widget elementor-widget-text-editor\" data-id=\"d72d09f\" data-element_type=\"widget\" data-e-type=\"widget\" data-widget_type=\"text-editor.default\">\n\t\t\t\t<div class=\"elementor-widget-container\">\n\t\t\t\t\t\t\t\t\t<p><a href=\"\/it\/\">OnBalance<\/a> | <a href=\"\/it\/evidenze-scientifiche\/\">Evidenze Scientifiche<\/a> | <strong>Zafferano<\/strong><\/p>\t\t\t\t\t\t\t\t<\/div>\n\t\t\t\t<\/div>\n\t\t\t\t<\/div>\n\t\t\t\t\t<\/div>\n\t\t\t\t<\/div>\n\t\t<div class=\"elementor-element elementor-element-69812c8 e-flex e-con-boxed e-con e-parent\" data-id=\"69812c8\" data-element_type=\"container\" data-e-type=\"container\">\n\t\t\t\t\t<div class=\"e-con-inner\">\n\t\t<div class=\"elementor-element elementor-element-9256773 e-con-full e-flex e-con e-child\" data-id=\"9256773\" data-element_type=\"container\" data-e-type=\"container\">\n\t\t<div class=\"elementor-element elementor-element-c05862c e-con-full evidencia e-flex e-con e-child\" data-id=\"c05862c\" data-element_type=\"container\" data-e-type=\"container\" data-settings=\"{&quot;background_background&quot;:&quot;classic&quot;}\">\n\t\t\t\t<div class=\"elementor-element elementor-element-9a8eb4c elementor-widget elementor-widget-heading\" data-id=\"9a8eb4c\" data-element_type=\"widget\" data-e-type=\"widget\" data-widget_type=\"heading.default\">\n\t\t\t\t<div class=\"elementor-widget-container\">\n\t\t\t\t\t<h2 class=\"elementor-heading-title elementor-size-default\">Scopri altri <strong>studi scientifici<\/strong><\/h2>\t\t\t\t<\/div>\n\t\t\t\t<\/div>\n\t\t<a class=\"elementor-element elementor-element-efc6f2d e-con-full focus e-flex e-con e-child\" data-id=\"efc6f2d\" data-element_type=\"container\" data-e-type=\"container\" data-settings=\"{&quot;background_background&quot;:&quot;classic&quot;}\" href=\"https:\/\/aquileaonbalance.com\/es\/evidencia-cientifica\/estudio-de-eficacia-de-aquilea-onbalance-focus\/\">\n\t\t\t\t<div class=\"elementor-element elementor-element-7934136 elementor-widget elementor-widget-heading\" data-id=\"7934136\" data-element_type=\"widget\" data-e-type=\"widget\" data-widget_type=\"heading.default\">\n\t\t\t\t<div class=\"elementor-widget-container\">\n\t\t\t\t\t<h2 class=\"elementor-heading-title elementor-size-default\"><span>Studio sull'efficacia di Aquilea OnBalance Focus<\/span><\/h2>\t\t\t\t<\/div>\n\t\t\t\t<\/div>\n\t\t\t\t<div class=\"elementor-element elementor-element-d855509 elementor-widget elementor-widget-text-editor\" data-id=\"d855509\" data-element_type=\"widget\" data-e-type=\"widget\" data-widget_type=\"text-editor.default\">\n\t\t\t\t<div class=\"elementor-widget-container\">\n\t\t\t\t\t\t\t\t\t<p>SCOPRI DI PI\u00f9<\/p>\t\t\t\t\t\t\t\t<\/div>\n\t\t\t\t<\/div>\n\t\t\t\t<\/a>\n\t\t<a class=\"elementor-element elementor-element-8ee1034 e-con-full relax e-flex e-con e-child\" data-id=\"8ee1034\" data-element_type=\"container\" data-e-type=\"container\" data-settings=\"{&quot;background_background&quot;:&quot;classic&quot;}\" href=\"https:\/\/aquileaonbalance.com\/es\/evidencia-cientifica\/estudio-de-eficacia-de-aquilea-onbalance-relax\/\">\n\t\t\t\t<div class=\"elementor-element elementor-element-49500a6 elementor-widget elementor-widget-heading\" data-id=\"49500a6\" data-element_type=\"widget\" data-e-type=\"widget\" data-widget_type=\"heading.default\">\n\t\t\t\t<div class=\"elementor-widget-container\">\n\t\t\t\t\t<h2 class=\"elementor-heading-title elementor-size-default\"><span>Studio sull'efficacia di Aquilea OnBalance Relax<\/span><\/h2>\t\t\t\t<\/div>\n\t\t\t\t<\/div>\n\t\t\t\t<div class=\"elementor-element elementor-element-d39de02 elementor-widget elementor-widget-text-editor\" data-id=\"d39de02\" data-element_type=\"widget\" data-e-type=\"widget\" data-widget_type=\"text-editor.default\">\n\t\t\t\t<div class=\"elementor-widget-container\">\n\t\t\t\t\t\t\t\t\t<p>SCOPRI DI PI\u00f9<\/p>\t\t\t\t\t\t\t\t<\/div>\n\t\t\t\t<\/div>\n\t\t\t\t<\/a>\n\t\t<a class=\"elementor-element elementor-element-3ab9d8a e-con-full smile e-flex e-con e-child\" data-id=\"3ab9d8a\" data-element_type=\"container\" data-e-type=\"container\" data-settings=\"{&quot;background_background&quot;:&quot;classic&quot;}\" href=\"https:\/\/aquileaonbalance.com\/es\/evidencia-cientifica\/estudio-de-eficacia-de-aquilea-onbalance-smile\/\">\n\t\t\t\t<div class=\"elementor-element elementor-element-537d39a elementor-widget elementor-widget-heading\" data-id=\"537d39a\" data-element_type=\"widget\" data-e-type=\"widget\" data-widget_type=\"heading.default\">\n\t\t\t\t<div class=\"elementor-widget-container\">\n\t\t\t\t\t<h2 class=\"elementor-heading-title elementor-size-default\"><span>Studio sull'efficacia di Aquilea OnBalance Smile<\/span><\/h2>\t\t\t\t<\/div>\n\t\t\t\t<\/div>\n\t\t\t\t<div class=\"elementor-element elementor-element-78e7622 elementor-widget elementor-widget-text-editor\" data-id=\"78e7622\" data-element_type=\"widget\" data-e-type=\"widget\" data-widget_type=\"text-editor.default\">\n\t\t\t\t<div class=\"elementor-widget-container\">\n\t\t\t\t\t\t\t\t\t<p>SCOPRI DI PI\u00f9<\/p>\t\t\t\t\t\t\t\t<\/div>\n\t\t\t\t<\/div>\n\t\t\t\t<\/a>\n\t\t<a class=\"elementor-element elementor-element-4dc0dcf e-con-full ashwaghanda e-flex e-con e-child\" data-id=\"4dc0dcf\" data-element_type=\"container\" data-e-type=\"container\" data-settings=\"{&quot;background_background&quot;:&quot;classic&quot;}\" href=\"https:\/\/aquileaonbalance.com\/es\/evidencia-cientifica\/sensoril-nutrients-2024\/\">\n\t\t\t\t<div class=\"elementor-element elementor-element-9fa9c30 elementor-widget elementor-widget-heading\" data-id=\"9fa9c30\" data-element_type=\"widget\" data-e-type=\"widget\" data-widget_type=\"heading.default\">\n\t\t\t\t<div class=\"elementor-widget-container\">\n\t\t\t\t\t<p class=\"elementor-heading-title elementor-size-default\">Nutrients 2024<\/p>\t\t\t\t<\/div>\n\t\t\t\t<\/div>\n\t\t\t\t<div class=\"elementor-element elementor-element-f857605 elementor-widget elementor-widget-heading\" data-id=\"f857605\" data-element_type=\"widget\" data-e-type=\"widget\" data-widget_type=\"heading.default\">\n\t\t\t\t<div class=\"elementor-widget-container\">\n\t\t\t\t\t<h2 class=\"elementor-heading-title elementor-size-default\"><span>Studi su Ashwagandha Sensoril<\/span><\/h2>\t\t\t\t<\/div>\n\t\t\t\t<\/div>\n\t\t\t\t<div class=\"elementor-element elementor-element-ae2d437 elementor-widget elementor-widget-text-editor\" data-id=\"ae2d437\" data-element_type=\"widget\" data-e-type=\"widget\" data-widget_type=\"text-editor.default\">\n\t\t\t\t<div class=\"elementor-widget-container\">\n\t\t\t\t\t\t\t\t\tSCOPRI DI PI\u00f9\t\t\t\t\t\t\t\t<\/div>\n\t\t\t\t<\/div>\n\t\t\t\t<\/a>\n\t\t<a class=\"elementor-element elementor-element-f587469 e-con-full ashwaghanda e-flex e-con e-child\" data-id=\"f587469\" data-element_type=\"container\" data-e-type=\"container\" data-settings=\"{&quot;background_background&quot;:&quot;classic&quot;}\" href=\"https:\/\/aquileaonbalance.com\/es\/evidencia-cientifica\/sensoril-journal-of-american-nutrition-association-jana-2008\/\">\n\t\t\t\t<div class=\"elementor-element elementor-element-86b494c elementor-widget elementor-widget-heading\" data-id=\"86b494c\" data-element_type=\"widget\" data-e-type=\"widget\" data-widget_type=\"heading.default\">\n\t\t\t\t<div class=\"elementor-widget-container\">\n\t\t\t\t\t<p class=\"elementor-heading-title elementor-size-default\">Journal of American Nutrition Association (JANA) 2008<\/p>\t\t\t\t<\/div>\n\t\t\t\t<\/div>\n\t\t\t\t<div class=\"elementor-element elementor-element-ccca397 elementor-widget elementor-widget-heading\" data-id=\"ccca397\" data-element_type=\"widget\" data-e-type=\"widget\" data-widget_type=\"heading.default\">\n\t\t\t\t<div class=\"elementor-widget-container\">\n\t\t\t\t\t<h2 class=\"elementor-heading-title elementor-size-default\"><span>Studi su Ashwaghanda Sensoril<\/span><\/h2>\t\t\t\t<\/div>\n\t\t\t\t<\/div>\n\t\t\t\t<div class=\"elementor-element elementor-element-080d0b6 elementor-widget elementor-widget-text-editor\" data-id=\"080d0b6\" data-element_type=\"widget\" data-e-type=\"widget\" data-widget_type=\"text-editor.default\">\n\t\t\t\t<div class=\"elementor-widget-container\">\n\t\t\t\t\t\t\t\t\t<p>SCOPRI DI PI\u00f9<\/p>\t\t\t\t\t\t\t\t<\/div>\n\t\t\t\t<\/div>\n\t\t\t\t<\/a>\n\t\t<a class=\"elementor-element elementor-element-a3a6fd7 e-con-full azafran e-flex e-con e-child\" data-id=\"a3a6fd7\" data-element_type=\"container\" data-e-type=\"container\" data-settings=\"{&quot;background_background&quot;:&quot;classic&quot;}\" href=\"https:\/\/aquileaonbalance.com\/es\/evidencia-cientifica\/azafran-human-psycopharmacology\/\">\n\t\t\t\t<div class=\"elementor-element elementor-element-0a0d032 elementor-widget elementor-widget-heading\" data-id=\"0a0d032\" data-element_type=\"widget\" data-e-type=\"widget\" data-widget_type=\"heading.default\">\n\t\t\t\t<div class=\"elementor-widget-container\">\n\t\t\t\t\t<p class=\"elementor-heading-title elementor-size-default\">Human Psycopharmacology: Clinical &amp; Experimental 2014<\/p>\t\t\t\t<\/div>\n\t\t\t\t<\/div>\n\t\t\t\t<div class=\"elementor-element elementor-element-081f7f4 elementor-widget elementor-widget-heading\" data-id=\"081f7f4\" data-element_type=\"widget\" data-e-type=\"widget\" data-widget_type=\"heading.default\">\n\t\t\t\t<div class=\"elementor-widget-container\">\n\t\t\t\t\t<h2 class=\"elementor-heading-title elementor-size-default\"><span>Studi sullo zafferano<\/span><\/h2>\t\t\t\t<\/div>\n\t\t\t\t<\/div>\n\t\t\t\t<div class=\"elementor-element elementor-element-4baccf5 elementor-widget elementor-widget-text-editor\" data-id=\"4baccf5\" data-element_type=\"widget\" data-e-type=\"widget\" data-widget_type=\"text-editor.default\">\n\t\t\t\t<div class=\"elementor-widget-container\">\n\t\t\t\t\t\t\t\t\tSCOPRI DI PI\u00f9\t\t\t\t\t\t\t\t<\/div>\n\t\t\t\t<\/div>\n\t\t\t\t<\/a>\n\t\t<a class=\"elementor-element elementor-element-0cc0f86 e-con-full melatonina e-flex e-con e-child\" data-id=\"0cc0f86\" data-element_type=\"container\" data-e-type=\"container\" data-settings=\"{&quot;background_background&quot;:&quot;classic&quot;}\" href=\"https:\/\/aquileaonbalance.com\/es\/evidencia-cientifica\/melatonina-plos-one-2013\/\">\n\t\t\t\t<div class=\"elementor-element elementor-element-64b7bc3 elementor-widget elementor-widget-heading\" data-id=\"64b7bc3\" data-element_type=\"widget\" data-e-type=\"widget\" data-widget_type=\"heading.default\">\n\t\t\t\t<div class=\"elementor-widget-container\">\n\t\t\t\t\t<p class=\"elementor-heading-title elementor-size-default\">PLOS ONE 2013<\/p>\t\t\t\t<\/div>\n\t\t\t\t<\/div>\n\t\t\t\t<div class=\"elementor-element elementor-element-669ec81 elementor-widget elementor-widget-heading\" data-id=\"669ec81\" data-element_type=\"widget\" data-e-type=\"widget\" data-widget_type=\"heading.default\">\n\t\t\t\t<div class=\"elementor-widget-container\">\n\t\t\t\t\t<h2 class=\"elementor-heading-title elementor-size-default\"><span>Studi sulla melatonina<\/span><\/h2>\t\t\t\t<\/div>\n\t\t\t\t<\/div>\n\t\t\t\t<div class=\"elementor-element elementor-element-692729c elementor-widget elementor-widget-text-editor\" data-id=\"692729c\" data-element_type=\"widget\" data-e-type=\"widget\" data-widget_type=\"text-editor.default\">\n\t\t\t\t<div class=\"elementor-widget-container\">\n\t\t\t\t\t\t\t\t\t<p>SCOPRI DI PI\u00f9<\/p>\t\t\t\t\t\t\t\t<\/div>\n\t\t\t\t<\/div>\n\t\t\t\t<\/a>\n\t\t<a class=\"elementor-element elementor-element-bb08174 e-con-full eleuteroccoco e-flex e-con e-child\" data-id=\"bb08174\" data-element_type=\"container\" data-e-type=\"container\" data-settings=\"{&quot;background_background&quot;:&quot;classic&quot;}\" href=\"https:\/\/aquileaonbalance.com\/es\/evidencia-cientifica\/eleuterococo-pharmacopsychiatry-2013\/\">\n\t\t\t\t<div class=\"elementor-element elementor-element-625c6b5 elementor-widget elementor-widget-heading\" data-id=\"625c6b5\" data-element_type=\"widget\" data-e-type=\"widget\" data-widget_type=\"heading.default\">\n\t\t\t\t<div class=\"elementor-widget-container\">\n\t\t\t\t\t<p class=\"elementor-heading-title elementor-size-default\">Pharmacopsychiatry 2013<\/p>\t\t\t\t<\/div>\n\t\t\t\t<\/div>\n\t\t\t\t<div class=\"elementor-element elementor-element-68f3df6 elementor-widget elementor-widget-heading\" data-id=\"68f3df6\" data-element_type=\"widget\" data-e-type=\"widget\" data-widget_type=\"heading.default\">\n\t\t\t\t<div class=\"elementor-widget-container\">\n\t\t\t\t\t<h2 class=\"elementor-heading-title elementor-size-default\"><span>Studi sull\u2019eleuterococco<\/span><\/h2>\t\t\t\t<\/div>\n\t\t\t\t<\/div>\n\t\t\t\t<div class=\"elementor-element elementor-element-e674810 elementor-widget elementor-widget-text-editor\" data-id=\"e674810\" data-element_type=\"widget\" data-e-type=\"widget\" data-widget_type=\"text-editor.default\">\n\t\t\t\t<div class=\"elementor-widget-container\">\n\t\t\t\t\t\t\t\t\tSCOPRI DI PI\u00f9\t\t\t\t\t\t\t\t<\/div>\n\t\t\t\t<\/div>\n\t\t\t\t<\/a>\n\t\t\t\t<\/div>\n\t\t\t\t<\/div>\n\t\t<div class=\"elementor-element elementor-element-836652f e-con-full estudio_contenido e-flex e-con e-child\" data-id=\"836652f\" data-element_type=\"container\" data-e-type=\"container\">\n\t\t\t\t<div class=\"elementor-element elementor-element-6e5d741 elementor-widget elementor-widget-heading\" data-id=\"6e5d741\" data-element_type=\"widget\" data-e-type=\"widget\" data-widget_type=\"heading.default\">\n\t\t\t\t<div class=\"elementor-widget-container\">\n\t\t\t\t\t<h2 class=\"elementor-heading-title elementor-size-default\">Barbara T\u00f3th , P\u00e9ter Hegyi , Tam\u00e1s Lantos , Zsolt Szak\u00e1cs , Be\u00e1ta Ker\u00e9mi , G\u00e1bor Varga , Judit Tenk, Erika P\u00e9terv\u00e1ri , M\u00e1rta Balask\u00f3 , Zolt\u00e1n Rumbus , Zolt\u00e1n Rakonczay , Emese R\u00e9ka B\u00e1lint , Tivadar Kiss , Dezs\u0151 Csupor<\/h2>\t\t\t\t<\/div>\n\t\t\t\t<\/div>\n\t\t\t\t<div class=\"elementor-element elementor-element-0d2b91d elementor-widget elementor-widget-heading\" data-id=\"0d2b91d\" data-element_type=\"widget\" data-e-type=\"widget\" data-widget_type=\"heading.default\">\n\t\t\t\t<div class=\"elementor-widget-container\">\n\t\t\t\t\t<h1 class=\"elementor-heading-title elementor-size-default\"><em>Planta Med 2019<\/em>:  The Efficacy of Saffron in the Treatment of Mild to Moderate Depression: A Meta-analysis<\/h1>\t\t\t\t<\/div>\n\t\t\t\t<\/div>\n\t\t\t\t<div class=\"elementor-element elementor-element-a0bee0c elementor-widget elementor-widget-text-editor\" data-id=\"a0bee0c\" data-element_type=\"widget\" data-e-type=\"widget\" data-widget_type=\"text-editor.default\">\n\t\t\t\t<div class=\"elementor-widget-container\">\n\t\t\t\t\t\t\t\t\t<p><strong>OBIETTIVI:<\/strong> Recentemente, sono stati condotti diversi studi clinici randomizzati e controllati per valutare l\u2019efficacia dello zafferano (Crocus sativus) nella depressione lieve e moderata. L\u2019obiettivo di questo studio \u00e8 fornire una valutazione aggiornata dell\u2019efficacia dello zafferano nella depressione lieve e moderata, rispetto al placebo o agli antidepressivi comunemente utilizzati.<\/p><p><strong>METODOLOGIA:<\/strong> La meta-analisi \u00e8 stata condotta secondo le linee guida PRISMA (Preferred Reporting Items for Systematic Reviews And Metaanalysis) utilizzando il formato PICO (Pazienti, Intervento, Confronto, Risultato) ed \u00e8 stata eseguita utilizzando i software statistici Comprehensive Meta-analysis e RevMan. Sono state effettuate ricerche di studi pertinenti nelle banche dati PubMed, Embase, Cochrane Central Register of Controlled Trials e Web of Science. Sono stati inclusi solo studi clinici randomizzati controllati con placebo o attivi con pazienti affetti da depressione lieve o moderata che assumevano dosi farmacologiche di zafferano per via orale. Undici studi randomizzati sono stati inclusi nell\u2019analisi qualitativa e nove sono stati raggruppati per l\u2019analisi statistica.<\/p><p>RISULTATI: Secondo questa meta-analisi, lo zafferano ha un effetto significativo sulla gravit\u00e0 della depressione. I dati disponibili da studi clinici randomizzati e controllati supportano che lo zafferano \u00e8 significativamente pi\u00f9 efficace del placebo (g = 0,891; IC 95%: 0,369 \u2013 1,412, p = 0,001), e non inferiore agli antidepressivi testati (g = -0,246; IC 95%: -0,495 \u2013 0,004, p = 0,053).<\/p><p>Se desideri ulteriori informazioni su questo articolo, clicca <a href=\"https:\/\/www.thieme-connect.com\/products\/ejournals\/html\/10.1055\/a-0660-9565\" target=\"_blank\" rel=\"noopener\"><strong>qui<\/strong><\/a>.<\/p>\t\t\t\t\t\t\t\t<\/div>\n\t\t\t\t<\/div>\n\t\t\t\t<\/div>\n\t\t\t\t\t<\/div>\n\t\t\t\t<\/div>\n\t\t\t\t<\/div>\n\t\t","protected":false},"excerpt":{"rendered":"<p>OnBalance | Evidenze Scientifiche | Zafferano Scopri altri studi scientifici Studio sull&#8217;efficacia di Aquilea OnBalance Focus SCOPRI DI PI\u00f9 Studio sull&#8217;efficacia di Aquilea OnBalance Relax SCOPRI DI PI\u00f9 Studio sull&#8217;efficacia di Aquilea OnBalance Smile SCOPRI DI PI\u00f9 Nutrients 2024 Studi su Ashwagandha Sensoril SCOPRI DI PI\u00f9 Journal of American Nutrition Association (JANA) 2008 Studi su [&hellip;]<\/p>\n","protected":false},"author":1,"featured_media":0,"parent":26071,"menu_order":0,"comment_status":"closed","ping_status":"closed","template":"elementor_header_footer","meta":{"_acf_changed":false,"footnotes":""},"class_list":["post-26089","page","type-page","status-publish","hentry"],"acf":[],"yoast_head":"<!-- This site is optimized with the Yoast SEO plugin v27.1 - https:\/\/yoast.com\/product\/yoast-seo-wordpress\/ -->\n<title>ZAFFERANO Planta Med 2019 - Aquilea OnBalance<\/title>\n<meta name=\"description\" content=\"L&#039;obiettivo di questo studio \u00e8 fornire una valutazione aggiornata dell&#039;efficacia dello zafferano nella depressione lieve o moderata, rispetto al placebo o agli antidepressivi di uso comune.\" \/>\n<meta name=\"robots\" content=\"index, follow, max-snippet:-1, max-image-preview:large, max-video-preview:-1\" \/>\n<link rel=\"canonical\" href=\"https:\/\/aquileaonbalance.com\/it\/evidenze-scientifiche\/zafferano-planta-med-2019\/\" \/>\n<meta property=\"og:locale\" content=\"it_IT\" \/>\n<meta property=\"og:type\" content=\"article\" \/>\n<meta property=\"og:title\" content=\"ZAFFERANO Planta Med 2019 - Aquilea OnBalance\" \/>\n<meta property=\"og:description\" content=\"L&#039;obiettivo di questo studio \u00e8 fornire una valutazione aggiornata dell&#039;efficacia dello zafferano nella depressione lieve o moderata, rispetto al placebo o agli antidepressivi di uso comune.\" \/>\n<meta property=\"og:url\" content=\"https:\/\/aquileaonbalance.com\/it\/evidenze-scientifiche\/zafferano-planta-med-2019\/\" \/>\n<meta property=\"og:site_name\" content=\"Aquilea OnBalance\" \/>\n<meta property=\"article:modified_time\" content=\"2025-12-03T16:14:14+00:00\" \/>\n<meta name=\"twitter:card\" content=\"summary_large_image\" \/>\n<meta name=\"twitter:label1\" content=\"Tempo di lettura stimato\" \/>\n\t<meta name=\"twitter:data1\" content=\"2 minuti\" \/>\n<script type=\"application\/ld+json\" class=\"yoast-schema-graph\">{\"@context\":\"https:\/\/schema.org\",\"@graph\":[{\"@type\":\"WebPage\",\"@id\":\"https:\/\/aquileaonbalance.com\/it\/evidenze-scientifiche\/zafferano-planta-med-2019\/\",\"url\":\"https:\/\/aquileaonbalance.com\/it\/evidenze-scientifiche\/zafferano-planta-med-2019\/\",\"name\":\"ZAFFERANO Planta Med 2019 - Aquilea OnBalance\",\"isPartOf\":{\"@id\":\"https:\/\/aquileaonbalance.com\/it\/#website\"},\"datePublished\":\"2024-12-18T11:21:56+00:00\",\"dateModified\":\"2025-12-03T16:14:14+00:00\",\"description\":\"L'obiettivo di questo studio \u00e8 fornire una valutazione aggiornata dell'efficacia dello zafferano nella depressione lieve o moderata, rispetto al placebo o agli antidepressivi di uso comune.\",\"breadcrumb\":{\"@id\":\"https:\/\/aquileaonbalance.com\/it\/evidenze-scientifiche\/zafferano-planta-med-2019\/#breadcrumb\"},\"inLanguage\":\"it-IT\",\"potentialAction\":[{\"@type\":\"ReadAction\",\"target\":[\"https:\/\/aquileaonbalance.com\/it\/evidenze-scientifiche\/zafferano-planta-med-2019\/\"]}]},{\"@type\":\"BreadcrumbList\",\"@id\":\"https:\/\/aquileaonbalance.com\/it\/evidenze-scientifiche\/zafferano-planta-med-2019\/#breadcrumb\",\"itemListElement\":[{\"@type\":\"ListItem\",\"position\":1,\"name\":\"Portada\",\"item\":\"https:\/\/aquileaonbalance.com\/it\/\"},{\"@type\":\"ListItem\",\"position\":2,\"name\":\"Evidenze Scientifiche\",\"item\":\"https:\/\/aquileaonbalance.com\/it\/evidenze-scientifiche\/\"},{\"@type\":\"ListItem\",\"position\":3,\"name\":\"ZAFFERANO Planta Med 2019\"}]},{\"@type\":\"WebSite\",\"@id\":\"https:\/\/aquileaonbalance.com\/it\/#website\",\"url\":\"https:\/\/aquileaonbalance.com\/it\/\",\"name\":\"Aquilea OnBalance\",\"description\":\"\",\"publisher\":{\"@id\":\"https:\/\/aquileaonbalance.com\/it\/#organization\"},\"potentialAction\":[{\"@type\":\"SearchAction\",\"target\":{\"@type\":\"EntryPoint\",\"urlTemplate\":\"https:\/\/aquileaonbalance.com\/it\/?s={search_term_string}\"},\"query-input\":{\"@type\":\"PropertyValueSpecification\",\"valueRequired\":true,\"valueName\":\"search_term_string\"}}],\"inLanguage\":\"it-IT\"},{\"@type\":\"Organization\",\"@id\":\"https:\/\/aquileaonbalance.com\/it\/#organization\",\"name\":\"On Balance\",\"url\":\"https:\/\/aquileaonbalance.com\/it\/\",\"logo\":{\"@type\":\"ImageObject\",\"inLanguage\":\"it-IT\",\"@id\":\"https:\/\/aquileaonbalance.com\/it\/#\/schema\/logo\/image\/\",\"url\":\"https:\/\/aquileaonbalance.com\/wp-content\/uploads\/2024\/11\/logo.png\",\"contentUrl\":\"https:\/\/aquileaonbalance.com\/wp-content\/uploads\/2024\/11\/logo.png\",\"width\":501,\"height\":184,\"caption\":\"On Balance\"},\"image\":{\"@id\":\"https:\/\/aquileaonbalance.com\/it\/#\/schema\/logo\/image\/\"},\"sameAs\":[\"https:\/\/www.instagram.com\/onbalance_es\/\"]}]}<\/script>\n<!-- \/ Yoast SEO plugin. -->","yoast_head_json":{"title":"ZAFFERANO Planta Med 2019 - Aquilea OnBalance","description":"L'obiettivo di questo studio \u00e8 fornire una valutazione aggiornata dell'efficacia dello zafferano nella depressione lieve o moderata, rispetto al placebo o agli antidepressivi di uso comune.","robots":{"index":"index","follow":"follow","max-snippet":"max-snippet:-1","max-image-preview":"max-image-preview:large","max-video-preview":"max-video-preview:-1"},"canonical":"https:\/\/aquileaonbalance.com\/it\/evidenze-scientifiche\/zafferano-planta-med-2019\/","og_locale":"it_IT","og_type":"article","og_title":"ZAFFERANO Planta Med 2019 - Aquilea OnBalance","og_description":"L'obiettivo di questo studio \u00e8 fornire una valutazione aggiornata dell'efficacia dello zafferano nella depressione lieve o moderata, rispetto al placebo o agli antidepressivi di uso comune.","og_url":"https:\/\/aquileaonbalance.com\/it\/evidenze-scientifiche\/zafferano-planta-med-2019\/","og_site_name":"Aquilea OnBalance","article_modified_time":"2025-12-03T16:14:14+00:00","twitter_card":"summary_large_image","twitter_misc":{"Tempo di lettura stimato":"2 minuti"},"schema":{"@context":"https:\/\/schema.org","@graph":[{"@type":"WebPage","@id":"https:\/\/aquileaonbalance.com\/it\/evidenze-scientifiche\/zafferano-planta-med-2019\/","url":"https:\/\/aquileaonbalance.com\/it\/evidenze-scientifiche\/zafferano-planta-med-2019\/","name":"ZAFFERANO Planta Med 2019 - Aquilea OnBalance","isPartOf":{"@id":"https:\/\/aquileaonbalance.com\/it\/#website"},"datePublished":"2024-12-18T11:21:56+00:00","dateModified":"2025-12-03T16:14:14+00:00","description":"L'obiettivo di questo studio \u00e8 fornire una valutazione aggiornata dell'efficacia dello zafferano nella depressione lieve o moderata, rispetto al placebo o agli antidepressivi di uso comune.","breadcrumb":{"@id":"https:\/\/aquileaonbalance.com\/it\/evidenze-scientifiche\/zafferano-planta-med-2019\/#breadcrumb"},"inLanguage":"it-IT","potentialAction":[{"@type":"ReadAction","target":["https:\/\/aquileaonbalance.com\/it\/evidenze-scientifiche\/zafferano-planta-med-2019\/"]}]},{"@type":"BreadcrumbList","@id":"https:\/\/aquileaonbalance.com\/it\/evidenze-scientifiche\/zafferano-planta-med-2019\/#breadcrumb","itemListElement":[{"@type":"ListItem","position":1,"name":"Portada","item":"https:\/\/aquileaonbalance.com\/it\/"},{"@type":"ListItem","position":2,"name":"Evidenze Scientifiche","item":"https:\/\/aquileaonbalance.com\/it\/evidenze-scientifiche\/"},{"@type":"ListItem","position":3,"name":"ZAFFERANO Planta Med 2019"}]},{"@type":"WebSite","@id":"https:\/\/aquileaonbalance.com\/it\/#website","url":"https:\/\/aquileaonbalance.com\/it\/","name":"Aquilea OnBalance","description":"","publisher":{"@id":"https:\/\/aquileaonbalance.com\/it\/#organization"},"potentialAction":[{"@type":"SearchAction","target":{"@type":"EntryPoint","urlTemplate":"https:\/\/aquileaonbalance.com\/it\/?s={search_term_string}"},"query-input":{"@type":"PropertyValueSpecification","valueRequired":true,"valueName":"search_term_string"}}],"inLanguage":"it-IT"},{"@type":"Organization","@id":"https:\/\/aquileaonbalance.com\/it\/#organization","name":"On Balance","url":"https:\/\/aquileaonbalance.com\/it\/","logo":{"@type":"ImageObject","inLanguage":"it-IT","@id":"https:\/\/aquileaonbalance.com\/it\/#\/schema\/logo\/image\/","url":"https:\/\/aquileaonbalance.com\/wp-content\/uploads\/2024\/11\/logo.png","contentUrl":"https:\/\/aquileaonbalance.com\/wp-content\/uploads\/2024\/11\/logo.png","width":501,"height":184,"caption":"On Balance"},"image":{"@id":"https:\/\/aquileaonbalance.com\/it\/#\/schema\/logo\/image\/"},"sameAs":["https:\/\/www.instagram.com\/onbalance_es\/"]}]}},"_links":{"self":[{"href":"https:\/\/aquileaonbalance.com\/it\/wp-json\/wp\/v2\/pages\/26089","targetHints":{"allow":["GET"]}}],"collection":[{"href":"https:\/\/aquileaonbalance.com\/it\/wp-json\/wp\/v2\/pages"}],"about":[{"href":"https:\/\/aquileaonbalance.com\/it\/wp-json\/wp\/v2\/types\/page"}],"author":[{"embeddable":true,"href":"https:\/\/aquileaonbalance.com\/it\/wp-json\/wp\/v2\/users\/1"}],"replies":[{"embeddable":true,"href":"https:\/\/aquileaonbalance.com\/it\/wp-json\/wp\/v2\/comments?post=26089"}],"version-history":[{"count":14,"href":"https:\/\/aquileaonbalance.com\/it\/wp-json\/wp\/v2\/pages\/26089\/revisions"}],"predecessor-version":[{"id":37871,"href":"https:\/\/aquileaonbalance.com\/it\/wp-json\/wp\/v2\/pages\/26089\/revisions\/37871"}],"up":[{"embeddable":true,"href":"https:\/\/aquileaonbalance.com\/it\/wp-json\/wp\/v2\/pages\/26071"}],"wp:attachment":[{"href":"https:\/\/aquileaonbalance.com\/it\/wp-json\/wp\/v2\/media?parent=26089"}],"curies":[{"name":"wp","href":"https:\/\/api.w.org\/{rel}","templated":true}]}}