{"id":26661,"date":"2024-11-26T19:04:58","date_gmt":"2024-11-26T18:04:58","guid":{"rendered":"https:\/\/aquileaonbalance.com\/aviso-legal\/"},"modified":"2025-06-25T16:22:59","modified_gmt":"2025-06-25T14:22:59","slug":"info-legali","status":"publish","type":"page","link":"https:\/\/aquileaonbalance.com\/it\/info-legali\/","title":{"rendered":"Informazioni legali"},"content":{"rendered":"\t\t<div data-elementor-type=\"wp-page\" data-elementor-id=\"26661\" class=\"elementor elementor-26661 elementor-1526\" data-elementor-post-type=\"page\">\n\t\t\t\t<div class=\"elementor-element elementor-element-8fba661 e-con-full politicas e-flex e-con e-parent\" data-id=\"8fba661\" data-element_type=\"container\" data-e-type=\"container\">\n\t\t\t\t<div class=\"elementor-element elementor-element-f471c67 elementor-widget elementor-widget-heading\" data-id=\"f471c67\" data-element_type=\"widget\" data-e-type=\"widget\" data-widget_type=\"heading.default\">\n\t\t\t\t<div class=\"elementor-widget-container\">\n\t\t\t\t\t<p class=\"elementor-heading-title elementor-size-default\">INFORMAZIONI LEGALI<\/p>\t\t\t\t<\/div>\n\t\t\t\t<\/div>\n\t\t\t\t<div class=\"elementor-element elementor-element-d484e16 titulo elementor-widget elementor-widget-heading\" data-id=\"d484e16\" data-element_type=\"widget\" data-e-type=\"widget\" data-widget_type=\"heading.default\">\n\t\t\t\t<div class=\"elementor-widget-container\">\n\t\t\t\t\t<h1 class=\"elementor-heading-title elementor-size-default\">Le nostre politiche<\/h1>\t\t\t\t<\/div>\n\t\t\t\t<\/div>\n\t\t\t\t<div class=\"elementor-element elementor-element-09e8693 elementor-widget-divider--view-line elementor-widget elementor-widget-divider\" data-id=\"09e8693\" data-element_type=\"widget\" data-e-type=\"widget\" data-widget_type=\"divider.default\">\n\t\t\t\t<div class=\"elementor-widget-container\">\n\t\t\t\t\t\t\t<div class=\"elementor-divider\">\n\t\t\t<span class=\"elementor-divider-separator\">\n\t\t\t\t\t\t<\/span>\n\t\t<\/div>\n\t\t\t\t\t\t<\/div>\n\t\t\t\t<\/div>\n\t\t<div class=\"elementor-element elementor-element-b13cb58 e-flex e-con-boxed e-con e-child\" data-id=\"b13cb58\" data-element_type=\"container\" data-e-type=\"container\">\n\t\t\t\t\t<div class=\"e-con-inner\">\n\t\t\t\t<div class=\"elementor-element elementor-element-78de467 elementor-widget__width-initial elementor-widget elementor-widget-shortcode\" data-id=\"78de467\" data-element_type=\"widget\" data-e-type=\"widget\" data-widget_type=\"shortcode.default\">\n\t\t\t\t<div class=\"elementor-widget-container\">\n\t\t\t\t\t\t\t<div class=\"elementor-shortcode\"><select onchange=\"if (this.value) window.location.href=this.value;\" class=\"menu_legal\"><option value=\"https:\/\/aquileaonbalance.com\/es\/aviso-legal\/\">Informazioni legali<\/option><option value=\"https:\/\/aquileaonbalance.com\/es\/politica-de-privacidad\/\">Privacy policy<\/option><option value=\"https:\/\/aquileaonbalance.com\/es\/politica-de-cookies\/\">Cookies policy<\/option><\/select><\/div>\n\t\t\t\t\t\t<\/div>\n\t\t\t\t<\/div>\n\t\t\t\t<div class=\"elementor-element elementor-element-3f0ad43 elementor-widget elementor-widget-heading\" data-id=\"3f0ad43\" data-element_type=\"widget\" data-e-type=\"widget\" data-widget_type=\"heading.default\">\n\t\t\t\t<div class=\"elementor-widget-container\">\n\t\t\t\t\t<h2 class=\"elementor-heading-title elementor-size-default\">Avviso legale<\/h2>\t\t\t\t<\/div>\n\t\t\t\t<\/div>\n\t\t\t\t<div class=\"elementor-element elementor-element-5b449e9 elementor-widget elementor-widget-text-editor\" data-id=\"5b449e9\" data-element_type=\"widget\" data-e-type=\"widget\" data-widget_type=\"text-editor.default\">\n\t\t\t\t<div class=\"elementor-widget-container\">\n\t\t\t\t\t\t\t\t\t<p>Il proprietario di questo sito web aquileaonbalance.com\/it (di seguito, &#8220;<strong>Sito web<\/strong>&#8220;) \u00e8 <strong>Uriach Italy, Srl <\/strong>che fa parte del GRUPO J. URIACH, S.L. (di seguito, &#8220;<strong>URIACH<\/strong>&#8220;) i cui dati identificativi sono i seguenti:<\/p><ul><li><strong>Sede legale: <\/strong>Palazzo F6 \u00b7 Assago Milanofiori Strada 1 \u00b7 20057 Assago \u00b7 Milano \u00b7 Italia.<\/li><li><strong>TIN: <\/strong>2571991203.<\/li><\/ul><p>Gli utenti possono fare le loro richieste attraverso la nostra sezione Contatti o inviando una lettera per posta all&#8217;indirizzo indicato o per telefono +39 0252814501 o per e-mail info@uriachitaly.com.<\/p><p><strong>1. Accesso e funzionamento del Sito web<\/strong><\/p><p>L&#8217;Avviso Legale regola l&#8217;accesso e l&#8217;utilizzo del Sito da parte degli Utenti e ha lo scopo di pubblicizzare i servizi e i prodotti di URIACH, oltre a consentire l&#8217;accesso generale a tutti gli utenti di Internet.<\/p><p>In generale, per l&#8217;accesso e l&#8217;utilizzo del Sito web non \u00e8 necessaria una preventiva iscrizione o registrazione come Utente, fermo restando che tale iscrizione o registrazione \u00e8 richiesta per l&#8217;utilizzo di alcuni servizi o contenuti del Sito web. L&#8217;Utente si impegna a mantenere segreta la propria password e a proteggerla dall&#8217;uso non autorizzato da parte di terzi.<\/p><p>Gli utenti devono comunicare immediatamente a URIACH qualsiasi uso non autorizzato del proprio account o qualsiasi violazione della sicurezza relativa al servizio del sito web di cui vengano a conoscenza.<\/p><p>URIACH non si assume alcuna responsabilit\u00e0 nei confronti degli Utenti per la divulgazione dei loro dati personali a terzi per motivi non direttamente imputabili a URIACH, n\u00e9 per l&#8217;utilizzo di tali dati da parte di terzi estranei a URIACH.<\/p><p><strong>2. Utilizzo del sito web<\/strong><\/p><p>L&#8217;Utente si impegna a fare un uso appropriato dei contenuti del Sito, essendo obbligato a:<\/p><ol><li>Fornire informazioni veritiere e accurate sui dati richiesti nei moduli presenti sul Sito Web e mantenerli aggiornati;<\/li><li>Non intraprendere attivit\u00e0 illecite, illegali o contrarie alla buona fede e all&#8217;ordine pubblico;<\/li><li>Non diffondere contenuti o propaganda di natura razzista, xenofoba o discriminatoria per motivi di razza, sesso, ideologia, religione o che comunque violino la morale, l&#8217;ordine pubblico, i diritti fondamentali, le libert\u00e0 pubbliche, l&#8217;onore, la privacy o l&#8217;immagine di terzi e, in generale, la normativa vigente;<\/li><li>Non causare danni ai sistemi fisici e logici del Sito, dei fornitori di URIACH o di terzi, n\u00e9 introdurre o diffondere virus informatici o altri sistemi fisici o logici che possano causare i suddetti danni;<\/li><li>Non utilizzare i contenuti del Sito e le informazioni in esso contenute per inviare pubblicit\u00e0, o per inviare messaggi per qualsiasi altro scopo commerciale, o per raccogliere o memorizzare dati personali di terzi;<\/li><li>Non tentate di accedere e, se del caso, di utilizzare gli account di posta elettronica di altri utenti e di modificare o manomettere i loro messaggi.<\/li><\/ol><p>URIACH si riserva il diritto di apportare al proprio sito web le modifiche che riterr\u00e0 opportune senza preavviso e potr\u00e0 cambiare, eliminare o aggiungere sia i contenuti e i servizi forniti attraverso il sito web sia il modo in cui sono presentati o collocati sul portale. Per questo motivo, si consiglia all&#8217;Utente di leggerlo periodicamente.<\/p><p><strong>3. Responsabilit\u00e0<\/strong><\/p><ol><li><u>Responsabilit\u00e0 per l&#8217;uso del Sito web<\/u>: Gli Utenti sono gli unici responsabili delle violazioni che possono subire o dei danni che possono causare utilizzando il Sito, e URIACH \u00e8 esente da qualsiasi responsabilit\u00e0 di qualsiasi tipo che possa derivare dalle azioni degli Utenti.<br \/>URIACH far\u00e0 ogni sforzo e utilizzer\u00e0 tutti i mezzi ragionevoli per fornire informazioni aggiornate e affidabili sul Sito Web. Tuttavia, URIACH non si assume alcuna responsabilit\u00e0 per la presenza di errori o di eventuali imprecisioni e\/o omissioni nei contenuti accessibili tramite il Sito.<br \/>L&#8217;Utente \u00e8 l&#8217;unico responsabile di qualsiasi rivendicazione o azione legale, sia giudiziaria che extragiudiziaria, intentata da terzi nei confronti di URIACH sulla base dell&#8217;uso del Sito da parte dell&#8217;Utente. Ove applicabile, l&#8217;Utente si far\u00e0 carico di tutte le spese, i costi e i risarcimenti sostenuti da URIACH in conseguenza di tali rivendicazioni o azioni legali.<\/li><\/ol><ol start=\"2\"><li><u>Responsabilit\u00e0 per il funzionamento del sito web<\/u>: URIACH esclude qualsiasi responsabilit\u00e0 che possa derivare da interferenze, omissioni, interruzioni, virus informatici, guasti telefonici o disconnessioni nel funzionamento del sistema elettronico.<br \/>Allo stesso modo, \u00e8 esclusa qualsiasi responsabilit\u00e0 che possa derivare da ritardi o blocchi nel funzionamento di questo sistema elettronico causati da carenze o sovraccarichi delle linee telefoniche o di Internet, cos\u00ec come da danni causati da terzi attraverso interferenze illegali al di fuori del controllo di URIACH. URIACH pu\u00f2 sospendere temporaneamente l&#8217;accesso al Sito senza preavviso per lavori di manutenzione, riparazione, aggiornamento o miglioramento.<\/li><\/ol><ol start=\"3\"><li><u>Responsabilit\u00e0 per i contenuti<\/u>: URIACH non sar\u00e0 responsabile, salvo i casi previsti dalla legge, di eventuali danni o pregiudizi che possano essere causati dall&#8217;uso, dalla riproduzione, dalla distribuzione o dalla comunicazione pubblica o da qualsiasi altro tipo di attivit\u00e0 effettuata su testi e\/o fotografie protetti da diritti di propriet\u00e0 intellettuale appartenenti a terzi, senza che l&#8217;Utente abbia preventivamente ottenuto dai proprietari l&#8217;autorizzazione necessaria per effettuare l&#8217;uso che sta facendo o intende fare.<\/li><\/ol><p>Inoltre, URIACH non sar\u00e0 responsabile per le informazioni inviate dagli Utenti quando non \u00e8 effettivamente a conoscenza del fatto che le informazioni memorizzate sono illegali o che danneggiano la propriet\u00e0 o i diritti di terzi passibili di risarcimento. Non appena URIACH viene a conoscenza di ospitare dati come quelli sopra citati, si impegna ad agire diligentemente per rimuoverli o renderne impossibile l&#8217;accesso.<\/p><p>In ogni caso, per presentare qualsiasi reclamo relativo al contenuto di una qualsiasi delle sezioni di questo Sito, \u00e8 possibile contattare URIACH tramite i recapiti indicati su questo Sito.<\/p><p><strong>4. Link di terze parti<\/strong><\/p><ol><li><u>Sito web di collegamento<\/u>: i terzi che intendono inserire nel proprio sito web un link al presente Sito web devono rispettare la normativa vigente e non possono ospitare contenuti inappropriati e\/o illegali. In nessun caso URIACH \u00e8 responsabile del contenuto del sito web di terzi, n\u00e9 promuove, garantisce, supervisiona o raccomanda il suo contenuto. Nel caso in cui il sito web di collegamento violi uno dei suddetti aspetti, sar\u00e0 obbligato a rimuovere immediatamente il link.<\/li><li><u>Siti web collegati<\/u>: il presente sito web pu\u00f2 contenere link a siti web di terzi che consentono agli Utenti di accedervi. Nonostante quanto sopra, URIACH non si assume alcuna responsabilit\u00e0 per il contenuto di questi siti web collegati; \u00e8 responsabilit\u00e0 dell&#8217;Utente accettare e verificare gli accessi ogni volta che vi accede. Il presente Avviso legale si riferisce esclusivamente al presente Sito web e ai contenuti di URIACH e non si applica ai link o ai siti web di terzi accessibili tramite il Sito web.<\/li><\/ol><p>Lo scopo di questi link o menzioni non implica alcun sostegno, approvazione, commercializzazione o relazione tra URIACH e le persone o gli enti proprietari dei siti in cui si trovano.<\/p><p><strong>5. Propriet\u00e0 intellettuale e industriale dei contenuti<\/strong><\/p><p>Tutti i contenuti del Sito, se non diversamente indicato, sono di propriet\u00e0 esclusiva di URIACH, compresi, a titolo esemplificativo e non esaustivo, il design grafico, il codice sorgente, i loghi, i testi, la grafica, le illustrazioni, le fotografie e gli altri elementi che compaiono sul Sito. Allo stesso modo, tutti i nomi commerciali, i marchi o i segni distintivi di qualsiasi tipo contenuti nel Sito sono protetti dalla legge.<\/p><p>URIACH non concede agli Utenti alcun tipo di licenza o autorizzazione per l&#8217;uso personale dei suoi diritti di propriet\u00e0 intellettuale e industriale o di qualsiasi altro diritto relativo al suo sito web e ai servizi offerti su di esso.<\/p><p>Pertanto, l&#8217;Utente riconosce che la riproduzione, la distribuzione, la commercializzazione, la trasformazione e, in generale, qualsiasi altra forma di sfruttamento, con qualsiasi mezzo, di tutti o parte dei contenuti di questo Sito Web costituisce una violazione dei diritti di propriet\u00e0 intellettuale e\/o industriale di URIACH o del proprietario degli stessi.<\/p><p><strong>6. Trattamento dei dati personali<\/strong><\/p><p>Per sapere come URIACH tratter\u00e0 i dati personali che elabora attraverso questo sito web, si prega di consultare il sito Privacy Policy di questo sito web. Vi preghiamo di leggere attentamente questo testo legale prima di fornirci i vostri dati personali.<\/p><p><strong>7. Legislazione applicabile<\/strong><\/p><p>L&#8217;Avviso legale sar\u00e0 disciplinato e interpretato in conformit\u00e0 con le leggi di Italia.<\/p><p>Per la risoluzione di qualsiasi conflitto che possa derivare dall&#8217;accesso alla Pagina Web, saranno competenti le corti o i tribunali pertinenti, in conformit\u00e0 con le norme che regolano gli Utenti in quanto consumatori e utenti della Pagina Web.<\/p><p>URIACH perseguir\u00e0 qualsiasi violazione del presente Avviso Legale, nonch\u00e9 qualsiasi uso improprio del Sito Web, esercitando tutte le azioni civili e penali ad essa spettanti e consentite dalla legge. \u00a0\u00a0\u00a0<\/p>\t\t\t\t\t\t\t\t<\/div>\n\t\t\t\t<\/div>\n\t\t\t\t\t<\/div>\n\t\t\t\t<\/div>\n\t\t\t\t<\/div>\n\t\t\t\t<\/div>\n\t\t","protected":false},"excerpt":{"rendered":"<p>INFORMAZIONI LEGALI Le nostre politiche Avviso legale Il proprietario di questo sito web aquileaonbalance.com\/it (di seguito, &#8220;Sito web&#8220;) \u00e8 Uriach Italy, Srl che fa parte del GRUPO J. URIACH, S.L. (di seguito, &#8220;URIACH&#8220;) i cui dati identificativi sono i seguenti: Sede legale: Palazzo F6 \u00b7 Assago Milanofiori Strada 1 \u00b7 20057 Assago \u00b7 Milano \u00b7 [&hellip;]<\/p>\n","protected":false},"author":1,"featured_media":0,"parent":0,"menu_order":0,"comment_status":"closed","ping_status":"closed","template":"elementor_header_footer","meta":{"_acf_changed":false,"footnotes":""},"class_list":["post-26661","page","type-page","status-publish","hentry"],"acf":[],"yoast_head":"<!-- This site is optimized with the Yoast SEO plugin v27.1 - https:\/\/yoast.com\/product\/yoast-seo-wordpress\/ -->\n<title>Informazioni legali - Aquilea OnBalance<\/title>\n<meta name=\"robots\" content=\"index, follow, max-snippet:-1, max-image-preview:large, max-video-preview:-1\" \/>\n<link rel=\"canonical\" href=\"https:\/\/aquileaonbalance.com\/it\/info-legali\/\" \/>\n<meta property=\"og:locale\" content=\"it_IT\" \/>\n<meta property=\"og:type\" content=\"article\" \/>\n<meta property=\"og:title\" content=\"Informazioni legali - Aquilea OnBalance\" \/>\n<meta property=\"og:description\" content=\"INFORMAZIONI LEGALI Le nostre politiche Avviso legale Il proprietario di questo sito web aquileaonbalance.com\/it (di seguito, &#8220;Sito web&#8220;) \u00e8 Uriach Italy, Srl che fa parte del GRUPO J. URIACH, S.L. (di seguito, &#8220;URIACH&#8220;) i cui dati identificativi sono i seguenti: Sede legale: Palazzo F6 \u00b7 Assago Milanofiori Strada 1 \u00b7 20057 Assago \u00b7 Milano \u00b7 [&hellip;]\" \/>\n<meta property=\"og:url\" content=\"https:\/\/aquileaonbalance.com\/it\/info-legali\/\" \/>\n<meta property=\"og:site_name\" content=\"Aquilea OnBalance\" \/>\n<meta property=\"article:modified_time\" content=\"2025-06-25T14:22:59+00:00\" \/>\n<meta name=\"twitter:card\" content=\"summary_large_image\" \/>\n<meta name=\"twitter:label1\" content=\"Tempo di lettura stimato\" \/>\n\t<meta name=\"twitter:data1\" content=\"8 minuti\" \/>\n<script type=\"application\/ld+json\" class=\"yoast-schema-graph\">{\"@context\":\"https:\/\/schema.org\",\"@graph\":[{\"@type\":\"WebPage\",\"@id\":\"https:\/\/aquileaonbalance.com\/it\/info-legali\/\",\"url\":\"https:\/\/aquileaonbalance.com\/it\/info-legali\/\",\"name\":\"Informazioni legali - Aquilea OnBalance\",\"isPartOf\":{\"@id\":\"https:\/\/aquileaonbalance.com\/it\/#website\"},\"datePublished\":\"2024-11-26T18:04:58+00:00\",\"dateModified\":\"2025-06-25T14:22:59+00:00\",\"breadcrumb\":{\"@id\":\"https:\/\/aquileaonbalance.com\/it\/info-legali\/#breadcrumb\"},\"inLanguage\":\"it-IT\",\"potentialAction\":[{\"@type\":\"ReadAction\",\"target\":[\"https:\/\/aquileaonbalance.com\/it\/info-legali\/\"]}]},{\"@type\":\"BreadcrumbList\",\"@id\":\"https:\/\/aquileaonbalance.com\/it\/info-legali\/#breadcrumb\",\"itemListElement\":[{\"@type\":\"ListItem\",\"position\":1,\"name\":\"Portada\",\"item\":\"https:\/\/aquileaonbalance.com\/it\/\"},{\"@type\":\"ListItem\",\"position\":2,\"name\":\"Informazioni legali\"}]},{\"@type\":\"WebSite\",\"@id\":\"https:\/\/aquileaonbalance.com\/it\/#website\",\"url\":\"https:\/\/aquileaonbalance.com\/it\/\",\"name\":\"Aquilea OnBalance\",\"description\":\"\",\"publisher\":{\"@id\":\"https:\/\/aquileaonbalance.com\/it\/#organization\"},\"potentialAction\":[{\"@type\":\"SearchAction\",\"target\":{\"@type\":\"EntryPoint\",\"urlTemplate\":\"https:\/\/aquileaonbalance.com\/it\/?s={search_term_string}\"},\"query-input\":{\"@type\":\"PropertyValueSpecification\",\"valueRequired\":true,\"valueName\":\"search_term_string\"}}],\"inLanguage\":\"it-IT\"},{\"@type\":\"Organization\",\"@id\":\"https:\/\/aquileaonbalance.com\/it\/#organization\",\"name\":\"On Balance\",\"url\":\"https:\/\/aquileaonbalance.com\/it\/\",\"logo\":{\"@type\":\"ImageObject\",\"inLanguage\":\"it-IT\",\"@id\":\"https:\/\/aquileaonbalance.com\/it\/#\/schema\/logo\/image\/\",\"url\":\"https:\/\/aquileaonbalance.com\/wp-content\/uploads\/2024\/11\/logo.png\",\"contentUrl\":\"https:\/\/aquileaonbalance.com\/wp-content\/uploads\/2024\/11\/logo.png\",\"width\":501,\"height\":184,\"caption\":\"On Balance\"},\"image\":{\"@id\":\"https:\/\/aquileaonbalance.com\/it\/#\/schema\/logo\/image\/\"},\"sameAs\":[\"https:\/\/www.instagram.com\/onbalance_es\/\"]}]}<\/script>\n<!-- \/ Yoast SEO plugin. -->","yoast_head_json":{"title":"Informazioni legali - Aquilea OnBalance","robots":{"index":"index","follow":"follow","max-snippet":"max-snippet:-1","max-image-preview":"max-image-preview:large","max-video-preview":"max-video-preview:-1"},"canonical":"https:\/\/aquileaonbalance.com\/it\/info-legali\/","og_locale":"it_IT","og_type":"article","og_title":"Informazioni legali - Aquilea OnBalance","og_description":"INFORMAZIONI LEGALI Le nostre politiche Avviso legale Il proprietario di questo sito web aquileaonbalance.com\/it (di seguito, &#8220;Sito web&#8220;) \u00e8 Uriach Italy, Srl che fa parte del GRUPO J. URIACH, S.L. (di seguito, &#8220;URIACH&#8220;) i cui dati identificativi sono i seguenti: Sede legale: Palazzo F6 \u00b7 Assago Milanofiori Strada 1 \u00b7 20057 Assago \u00b7 Milano \u00b7 [&hellip;]","og_url":"https:\/\/aquileaonbalance.com\/it\/info-legali\/","og_site_name":"Aquilea OnBalance","article_modified_time":"2025-06-25T14:22:59+00:00","twitter_card":"summary_large_image","twitter_misc":{"Tempo di lettura stimato":"8 minuti"},"schema":{"@context":"https:\/\/schema.org","@graph":[{"@type":"WebPage","@id":"https:\/\/aquileaonbalance.com\/it\/info-legali\/","url":"https:\/\/aquileaonbalance.com\/it\/info-legali\/","name":"Informazioni legali - Aquilea OnBalance","isPartOf":{"@id":"https:\/\/aquileaonbalance.com\/it\/#website"},"datePublished":"2024-11-26T18:04:58+00:00","dateModified":"2025-06-25T14:22:59+00:00","breadcrumb":{"@id":"https:\/\/aquileaonbalance.com\/it\/info-legali\/#breadcrumb"},"inLanguage":"it-IT","potentialAction":[{"@type":"ReadAction","target":["https:\/\/aquileaonbalance.com\/it\/info-legali\/"]}]},{"@type":"BreadcrumbList","@id":"https:\/\/aquileaonbalance.com\/it\/info-legali\/#breadcrumb","itemListElement":[{"@type":"ListItem","position":1,"name":"Portada","item":"https:\/\/aquileaonbalance.com\/it\/"},{"@type":"ListItem","position":2,"name":"Informazioni legali"}]},{"@type":"WebSite","@id":"https:\/\/aquileaonbalance.com\/it\/#website","url":"https:\/\/aquileaonbalance.com\/it\/","name":"Aquilea OnBalance","description":"","publisher":{"@id":"https:\/\/aquileaonbalance.com\/it\/#organization"},"potentialAction":[{"@type":"SearchAction","target":{"@type":"EntryPoint","urlTemplate":"https:\/\/aquileaonbalance.com\/it\/?s={search_term_string}"},"query-input":{"@type":"PropertyValueSpecification","valueRequired":true,"valueName":"search_term_string"}}],"inLanguage":"it-IT"},{"@type":"Organization","@id":"https:\/\/aquileaonbalance.com\/it\/#organization","name":"On Balance","url":"https:\/\/aquileaonbalance.com\/it\/","logo":{"@type":"ImageObject","inLanguage":"it-IT","@id":"https:\/\/aquileaonbalance.com\/it\/#\/schema\/logo\/image\/","url":"https:\/\/aquileaonbalance.com\/wp-content\/uploads\/2024\/11\/logo.png","contentUrl":"https:\/\/aquileaonbalance.com\/wp-content\/uploads\/2024\/11\/logo.png","width":501,"height":184,"caption":"On Balance"},"image":{"@id":"https:\/\/aquileaonbalance.com\/it\/#\/schema\/logo\/image\/"},"sameAs":["https:\/\/www.instagram.com\/onbalance_es\/"]}]}},"_links":{"self":[{"href":"https:\/\/aquileaonbalance.com\/it\/wp-json\/wp\/v2\/pages\/26661","targetHints":{"allow":["GET"]}}],"collection":[{"href":"https:\/\/aquileaonbalance.com\/it\/wp-json\/wp\/v2\/pages"}],"about":[{"href":"https:\/\/aquileaonbalance.com\/it\/wp-json\/wp\/v2\/types\/page"}],"author":[{"embeddable":true,"href":"https:\/\/aquileaonbalance.com\/it\/wp-json\/wp\/v2\/users\/1"}],"replies":[{"embeddable":true,"href":"https:\/\/aquileaonbalance.com\/it\/wp-json\/wp\/v2\/comments?post=26661"}],"version-history":[{"count":4,"href":"https:\/\/aquileaonbalance.com\/it\/wp-json\/wp\/v2\/pages\/26661\/revisions"}],"predecessor-version":[{"id":28293,"href":"https:\/\/aquileaonbalance.com\/it\/wp-json\/wp\/v2\/pages\/26661\/revisions\/28293"}],"wp:attachment":[{"href":"https:\/\/aquileaonbalance.com\/it\/wp-json\/wp\/v2\/media?parent=26661"}],"curies":[{"name":"wp","href":"https:\/\/api.w.org\/{rel}","templated":true}]}}