{"id":26662,"date":"2024-11-26T19:35:12","date_gmt":"2024-11-26T18:35:12","guid":{"rendered":"https:\/\/aquileaonbalance.com\/politica-de-privacidad\/"},"modified":"2025-06-25T16:25:03","modified_gmt":"2025-06-25T14:25:03","slug":"privacy-policy","status":"publish","type":"page","link":"https:\/\/aquileaonbalance.com\/it\/privacy-policy\/","title":{"rendered":"Privacy policy"},"content":{"rendered":"\t\t<div data-elementor-type=\"wp-page\" data-elementor-id=\"26662\" class=\"elementor elementor-26662 elementor-1576\" data-elementor-post-type=\"page\">\n\t\t\t\t<div class=\"elementor-element elementor-element-8fba661 e-con-full politicas e-flex e-con e-parent\" data-id=\"8fba661\" data-element_type=\"container\" data-e-type=\"container\">\n\t\t\t\t<div class=\"elementor-element elementor-element-f471c67 elementor-widget elementor-widget-heading\" data-id=\"f471c67\" data-element_type=\"widget\" data-e-type=\"widget\" data-widget_type=\"heading.default\">\n\t\t\t\t<div class=\"elementor-widget-container\">\n\t\t\t\t\t<p class=\"elementor-heading-title elementor-size-default\">INFORMAZIONI LEGALI<\/p>\t\t\t\t<\/div>\n\t\t\t\t<\/div>\n\t\t\t\t<div class=\"elementor-element elementor-element-d484e16 titulo elementor-widget elementor-widget-heading\" data-id=\"d484e16\" data-element_type=\"widget\" data-e-type=\"widget\" data-widget_type=\"heading.default\">\n\t\t\t\t<div class=\"elementor-widget-container\">\n\t\t\t\t\t<h1 class=\"elementor-heading-title elementor-size-default\">Le nostre politiche<\/h1>\t\t\t\t<\/div>\n\t\t\t\t<\/div>\n\t\t\t\t<div class=\"elementor-element elementor-element-09e8693 elementor-widget-divider--view-line elementor-widget elementor-widget-divider\" data-id=\"09e8693\" data-element_type=\"widget\" data-e-type=\"widget\" data-widget_type=\"divider.default\">\n\t\t\t\t<div class=\"elementor-widget-container\">\n\t\t\t\t\t\t\t<div class=\"elementor-divider\">\n\t\t\t<span class=\"elementor-divider-separator\">\n\t\t\t\t\t\t<\/span>\n\t\t<\/div>\n\t\t\t\t\t\t<\/div>\n\t\t\t\t<\/div>\n\t\t<div class=\"elementor-element elementor-element-b13cb58 e-flex e-con-boxed e-con e-child\" data-id=\"b13cb58\" data-element_type=\"container\" data-e-type=\"container\">\n\t\t\t\t\t<div class=\"e-con-inner\">\n\t\t\t\t<div class=\"elementor-element elementor-element-78de467 elementor-widget__width-initial elementor-widget elementor-widget-shortcode\" data-id=\"78de467\" data-element_type=\"widget\" data-e-type=\"widget\" data-widget_type=\"shortcode.default\">\n\t\t\t\t<div class=\"elementor-widget-container\">\n\t\t\t\t\t\t\t<div class=\"elementor-shortcode\"><select onchange=\"if (this.value) window.location.href=this.value;\" class=\"menu_legal\"><option value=\"https:\/\/aquileaonbalance.com\/es\/aviso-legal\/\">Informazioni legali<\/option><option value=\"https:\/\/aquileaonbalance.com\/es\/politica-de-privacidad\/\">Privacy policy<\/option><option value=\"https:\/\/aquileaonbalance.com\/es\/politica-de-cookies\/\">Cookies policy<\/option><\/select><\/div>\n\t\t\t\t\t\t<\/div>\n\t\t\t\t<\/div>\n\t\t\t\t<div class=\"elementor-element elementor-element-3f0ad43 elementor-widget elementor-widget-heading\" data-id=\"3f0ad43\" data-element_type=\"widget\" data-e-type=\"widget\" data-widget_type=\"heading.default\">\n\t\t\t\t<div class=\"elementor-widget-container\">\n\t\t\t\t\t<h2 class=\"elementor-heading-title elementor-size-default\">Informativa sulla privacy <\/h2>\t\t\t\t<\/div>\n\t\t\t\t<\/div>\n\t\t\t\t<div class=\"elementor-element elementor-element-5b449e9 elementor-widget elementor-widget-text-editor\" data-id=\"5b449e9\" data-element_type=\"widget\" data-e-type=\"widget\" data-widget_type=\"text-editor.default\">\n\t\t\t\t<div class=\"elementor-widget-container\">\n\t\t\t\t\t\t\t\t\t<p>Con la presente Informativa sulla privacy, vi informiamo sulla raccolta, l&#8217;elaborazione e l&#8217;utilizzo dei vostri dati personali attraverso l&#8217;uso di questo sito web.<\/p>\n<p><\/p>\n<p><strong>Chi \u00e8 responsabile del trattamento dei vostri dati?<\/strong><strong>&nbsp;<\/strong><\/p>\n<table width=\"595\">\n<tbody>\n<tr>\n<td width=\"215\">\n<p><strong>Identit\u00e0 della persona responsabile:<\/strong><\/p>\n<\/td>\n<td width=\"380\">\n<p><strong>Uriach Italy, Srl <\/strong>che fa parte del GRUPO J. URIACH, S.L. (di seguito, &#8220;<strong>URIACH<\/strong>&#8220;)<\/p>\n<p>2571991203<\/p>\n<\/td>\n<\/tr>\n<tr>\n<td width=\"215\">\n<p><strong>Indirizzo:<\/strong><\/p>\n<\/td>\n<td width=\"380\">\n<p>Palazzo F6 \u00b7 Assago Milanofiori Strada 1 \u00b7 20057 Assago \u00b7 Milano \u00b7 Italia<\/p>\n<\/td>\n<\/tr>\n<tr>\n<td width=\"215\">\n<p><strong>Posta:<\/strong><\/p>\n<\/td>\n<td width=\"380\">\n<p>&nbsp;dpo@uriach.com<\/p>\n<\/td>\n<\/tr>\n<\/tbody>\n<\/table>\n<p><strong>&nbsp;<\/strong><\/p>\n<p><\/p>\n<p><strong>Per quali scopi tratteremo i vostri dati e qual \u00e8 la legittimit\u00e0 del trattamento?<\/strong><\/p>\n<p><\/p>\n<p>URIACH tratta i dati personali che ci fornite, nonch\u00e9 tutti i dati raccolti attraverso questo sito web e i dati derivanti dal vostro rapporto con noi, per gli scopi principali:<\/p>\n<ul>\n<li><strong>Modulo di contatto: <\/strong>per gestire e rispondere a eventuali dubbi e\/o domande. A tal fine, potremo contattarvi sia elettronicamente che telefonicamente.<\/li>\n<\/ul>\n<p>La base giuridica per il trattamento dei vostri dati personali \u00e8 il consenso da voi fornito al momento dell&#8217;invio della vostra richiesta di contatto.<\/p>\n<ul>\n<li><strong>Partecipazione a concorsi o promozioni: <\/strong>per gestire la vostra partecipazione e per risolvere eventuali dubbi e\/o domande. In caso di vincita, vi contatteremo telefonicamente o via e-mail.<\/li>\n<\/ul>\n<p>La base giuridica per il trattamento dei vostri dati personali \u00e8 il vostro consenso esplicito.<\/p>\n<ul>\n<li><strong>Newsletter: <\/strong>per registrare nuovi iscritti nel database di URIACH e inviare loro notizie sui prodotti e servizi di URIACH.<\/li>\n<\/ul>\n<p>La base giuridica per il trattamento dei vostri dati personali \u00e8 il vostro consenso esplicito.<\/p>\n<p>Si ricorda che \u00e8 possibile revocare il proprio consenso in qualsiasi momento. Se si desidera revocare il proprio consenso, inviare un&#8217;e-mail a dpo@uriach.com.<\/p>\n<p><strong>Quali dati trattiamo?<\/strong><\/p>\n<p>Nell&#8217;ambito delle funzionalit\u00e0 offerte da questo sito web, e fatte salve le finalit\u00e0 precedentemente indicate, URIACH tratta dati identificativi e di contatto quali nome e cognome, indirizzo e-mail e numero di telefono.<\/p>\n<p><strong>A quali destinatari saranno comunicati i dati?<\/strong><\/p>\n<p><\/p>\n<p>Come regola generale, URIACH non divulgher\u00e0 i vostri dati personali a terzi.<\/p>\n<p><\/p>\n<p>Tuttavia, divulgheremo i vostri dati personali a terzi se ci viene richiesto dalla legge, da un&#8217;autorit\u00e0 amministrativa o giudiziaria o nell&#8217;interesse pubblico o per l&#8217;ordine pubblico, ad esempio per ottemperare alle normative antiriciclaggio e antiterrorismo, agli obblighi fiscali o previdenziali.<\/p>\n<p><\/p>\n<p>Infine, desideriamo informarvi che per fornirvi i nostri servizi ci avvaliamo dell&#8217;assistenza di alcuni fornitori di servizi terzi che possono avere accesso ai vostri dati personali, come Facebook, Google, Microsoft, agenzie di marketing e pubblicit\u00e0, CRM, consulenti contabili e fornitori di software di fatturazione. Ove applicabile, queste terze parti agiranno sempre in nome e per conto di URIACH, ossia agiranno su nostra istruzione e in conformit\u00e0 al relativo contratto di trattamento che abbiamo sottoscritto con loro. In nessun caso utilizzeranno i vostri dati per scopi propri.<\/p>\n<p><\/p>\n<p><strong>Per quanto tempo conserveremo i vostri dati?<\/strong><\/p>\n<p>Conserveremo i vostri dati per tutta la durata del nostro rapporto. Tuttavia, se osserviamo un periodo prolungato di inattivit\u00e0, cancelleremo i vostri dati nella misura in cui il trattamento non \u00e8 pi\u00f9 adeguato, pertinente e necessario per gli scopi per cui sono stati raccolti, a meno che non ci chiediate di cancellarli prima.<\/p>\n<p><\/p>\n<p>Quando il trattamento dei vostri dati non \u00e8 pi\u00f9 adeguato, pertinente e limitato a quanto necessario per le finalit\u00e0 per cui sono stati trattati, conserveremo i vostri dati in modo sicuro e bloccato solo allo scopo di adempiere ai nostri obblighi legali per soddisfare eventuali responsabilit\u00e0.<\/p>\n<p><\/p>\n<p>Infine, vi informiamo che adotteremo tutte le misure ragionevoli per garantire che i vostri dati siano rettificati o cancellati qualora risultino inesatti.<\/p>\n<p><\/p>\n<p><strong>Quali sono i vostri diritti in qualit\u00e0 di interessati?<\/strong><\/p>\n<table width=\"557\">\n<tbody>\n<tr>\n<td width=\"104\">\n<p><strong>Legge<\/strong><\/p>\n<\/td>\n<td width=\"454\">\n<p><strong>Contenuto<\/strong><\/p>\n<\/td>\n<\/tr>\n<tr>\n<td width=\"104\">\n<p><strong>Accesso<\/strong><\/p>\n<\/td>\n<td width=\"454\">\n<p>\u00c8 possibile ottenere la conferma del trattamento dei propri dati personali, nonch\u00e9 visualizzare i dati personali specifici che vengono trattati.<\/p>\n<\/td>\n<\/tr>\n<tr>\n<td width=\"104\">\n<p><strong>Correzione<\/strong><\/p>\n<\/td>\n<td width=\"454\">\n<p>Potrete modificare i vostri dati personali quando sono inesatti e completare quelli incompleti.<\/p>\n<\/td>\n<\/tr>\n<tr>\n<td width=\"104\">\n<p><strong>Soppressione<\/strong><\/p>\n<\/td>\n<td width=\"454\">\n<p>Potete richiedere la cancellazione dei vostri dati personali se, tra le altre ragioni, non sono pi\u00f9 necessari per gli scopi per cui sono stati raccolti.<\/p>\n<\/td>\n<\/tr>\n<tr>\n<td width=\"104\">\n<p><strong>L&#8217;opposizione<\/strong><\/p>\n<\/td>\n<td width=\"454\">\n<p>Potete chiedere che i vostri dati personali non vengano elaborati, a meno che ci\u00f2 non sia possibile per motivi legittimi impellenti o per l&#8217;esercizio o la difesa di eventuali diritti.<\/p>\n<\/td>\n<\/tr>\n<tr>\n<td width=\"104\">\n<p><strong>Limitazione del trattamento<\/strong><\/p>\n<\/td>\n<td width=\"454\">\n<p>Potete richiedere la limitazione del trattamento dei vostri dati nei seguenti casi:<\/p>\n<p>\u00a7 A patto che la sfida all&#8217;accuratezza dei vostri dati sia verificata;<\/p>\n<p>\u00a7 In caso di trattamento illecito, opporsi alla cancellazione dei dati e chiedere la limitazione del loro utilizzo;<\/p>\n<p>\u00a7 Quando non abbiamo bisogno di elaborare i vostri dati, ma ne abbiamo bisogno per l&#8217;esercizio o la difesa di rivendicazioni;<\/p>\n<p>\u00a7 Quando vi siete opposti al trattamento dei vostri dati per l&#8217;esecuzione di un compito di interesse pubblico o per il soddisfacimento di un interesse legittimo, mentre si sta verificando se i motivi legittimi del trattamento prevalgono sui vostri.<\/p>\n<\/td>\n<\/tr>\n<tr>\n<td width=\"104\">\n<p><strong>Portabilit\u00e0<\/strong><\/p>\n<\/td>\n<td width=\"454\">\n<p>\u00c8 possibile ricevere, in forma elettronica, i dati personali che ci avete fornito e quelli ottenuti attraverso il sito web, nonch\u00e9 trasmetterli a un&#8217;altra entit\u00e0.<\/p>\n<\/td>\n<\/tr>\n<\/tbody>\n<\/table>\n<p><sup>&nbsp;<\/sup><\/p>\n<p>\u00c8 possibile esercitare tali diritti inviando una richiesta scritta a <strong>Uriach Italy, Srl<\/strong>, Palazzo F6 \u00b7 Assago Milanofiori Strada 1 \u00b7 20057 Assago \u00b7 Milano \u00b7 Italia o inviando un&#8217;e-mail all&#8217;indirizzo dpo@uriach.com.<\/p>\n<p>Se ritenete che i vostri dati personali non siano stati trattati in conformit\u00e0 con la legge applicabile, potete presentare un reclamo all&#8217;Agenzia per la protezione dei dati Garante per la protezione dei dati personali tramite il sito web https:\/\/www.garanteprivacy.it\/.<\/p>\n<p>L&#8217;esercizio di questi diritti \u00e8 gratuito.<\/p>\n<p><\/p>\n<p><strong>Avete il diritto di ritirare il vostro consenso?<\/strong><\/p>\n<p><\/p>\n<p>S\u00ec, potete revocare il vostro consenso al trattamento dei vostri dati in qualsiasi momento, per una, pi\u00f9 o tutte le finalit\u00e0 sopra indicate, che dipendono da tale consenso per il trattamento. Si prega di notare che, ove applicabile, ci\u00f2 potrebbe influire sul modo in cui forniamo i servizi all&#8217;utente o addirittura determinarne la cessazione. &nbsp;&nbsp;<\/p>\t\t\t\t\t\t\t\t<\/div>\n\t\t\t\t<\/div>\n\t\t\t\t\t<\/div>\n\t\t\t\t<\/div>\n\t\t\t\t<\/div>\n\t\t\t\t<\/div>\n\t\t","protected":false},"excerpt":{"rendered":"<p>INFORMAZIONI LEGALI Le nostre politiche Informativa sulla privacy Con la presente Informativa sulla privacy, vi informiamo sulla raccolta, l&#8217;elaborazione e l&#8217;utilizzo dei vostri dati personali attraverso l&#8217;uso di questo sito web. Chi \u00e8 responsabile del trattamento dei vostri dati?&nbsp; Identit\u00e0 della persona responsabile: Uriach Italy, Srl che fa parte del GRUPO J. URIACH, S.L. (di [&hellip;]<\/p>\n","protected":false},"author":1,"featured_media":0,"parent":0,"menu_order":0,"comment_status":"closed","ping_status":"closed","template":"elementor_header_footer","meta":{"_acf_changed":false,"footnotes":""},"class_list":["post-26662","page","type-page","status-publish","hentry"],"acf":[],"yoast_head":"<!-- This site is optimized with the Yoast SEO plugin v27.1 - https:\/\/yoast.com\/product\/yoast-seo-wordpress\/ -->\n<title>Privacy policy - Aquilea OnBalance<\/title>\n<meta name=\"robots\" content=\"index, follow, max-snippet:-1, max-image-preview:large, max-video-preview:-1\" \/>\n<link rel=\"canonical\" href=\"https:\/\/aquileaonbalance.com\/it\/privacy-policy\/\" \/>\n<meta property=\"og:locale\" content=\"it_IT\" \/>\n<meta property=\"og:type\" content=\"article\" \/>\n<meta property=\"og:title\" content=\"Privacy policy - Aquilea OnBalance\" \/>\n<meta property=\"og:description\" content=\"INFORMAZIONI LEGALI Le nostre politiche Informativa sulla privacy Con la presente Informativa sulla privacy, vi informiamo sulla raccolta, l&#8217;elaborazione e l&#8217;utilizzo dei vostri dati personali attraverso l&#8217;uso di questo sito web. Chi \u00e8 responsabile del trattamento dei vostri dati?&nbsp; Identit\u00e0 della persona responsabile: Uriach Italy, Srl che fa parte del GRUPO J. URIACH, S.L. (di [&hellip;]\" \/>\n<meta property=\"og:url\" content=\"https:\/\/aquileaonbalance.com\/it\/privacy-policy\/\" \/>\n<meta property=\"og:site_name\" content=\"Aquilea OnBalance\" \/>\n<meta property=\"article:modified_time\" content=\"2025-06-25T14:25:03+00:00\" \/>\n<meta name=\"twitter:card\" content=\"summary_large_image\" \/>\n<meta name=\"twitter:label1\" content=\"Tempo di lettura stimato\" \/>\n\t<meta name=\"twitter:data1\" content=\"6 minuti\" \/>\n<script type=\"application\/ld+json\" class=\"yoast-schema-graph\">{\"@context\":\"https:\/\/schema.org\",\"@graph\":[{\"@type\":\"WebPage\",\"@id\":\"https:\/\/aquileaonbalance.com\/it\/privacy-policy\/\",\"url\":\"https:\/\/aquileaonbalance.com\/it\/privacy-policy\/\",\"name\":\"Privacy policy - Aquilea OnBalance\",\"isPartOf\":{\"@id\":\"https:\/\/aquileaonbalance.com\/it\/#website\"},\"datePublished\":\"2024-11-26T18:35:12+00:00\",\"dateModified\":\"2025-06-25T14:25:03+00:00\",\"breadcrumb\":{\"@id\":\"https:\/\/aquileaonbalance.com\/it\/privacy-policy\/#breadcrumb\"},\"inLanguage\":\"it-IT\",\"potentialAction\":[{\"@type\":\"ReadAction\",\"target\":[\"https:\/\/aquileaonbalance.com\/it\/privacy-policy\/\"]}]},{\"@type\":\"BreadcrumbList\",\"@id\":\"https:\/\/aquileaonbalance.com\/it\/privacy-policy\/#breadcrumb\",\"itemListElement\":[{\"@type\":\"ListItem\",\"position\":1,\"name\":\"Portada\",\"item\":\"https:\/\/aquileaonbalance.com\/it\/\"},{\"@type\":\"ListItem\",\"position\":2,\"name\":\"Privacy policy\"}]},{\"@type\":\"WebSite\",\"@id\":\"https:\/\/aquileaonbalance.com\/it\/#website\",\"url\":\"https:\/\/aquileaonbalance.com\/it\/\",\"name\":\"Aquilea OnBalance\",\"description\":\"\",\"publisher\":{\"@id\":\"https:\/\/aquileaonbalance.com\/it\/#organization\"},\"potentialAction\":[{\"@type\":\"SearchAction\",\"target\":{\"@type\":\"EntryPoint\",\"urlTemplate\":\"https:\/\/aquileaonbalance.com\/it\/?s={search_term_string}\"},\"query-input\":{\"@type\":\"PropertyValueSpecification\",\"valueRequired\":true,\"valueName\":\"search_term_string\"}}],\"inLanguage\":\"it-IT\"},{\"@type\":\"Organization\",\"@id\":\"https:\/\/aquileaonbalance.com\/it\/#organization\",\"name\":\"On Balance\",\"url\":\"https:\/\/aquileaonbalance.com\/it\/\",\"logo\":{\"@type\":\"ImageObject\",\"inLanguage\":\"it-IT\",\"@id\":\"https:\/\/aquileaonbalance.com\/it\/#\/schema\/logo\/image\/\",\"url\":\"https:\/\/aquileaonbalance.com\/wp-content\/uploads\/2024\/11\/logo.png\",\"contentUrl\":\"https:\/\/aquileaonbalance.com\/wp-content\/uploads\/2024\/11\/logo.png\",\"width\":501,\"height\":184,\"caption\":\"On Balance\"},\"image\":{\"@id\":\"https:\/\/aquileaonbalance.com\/it\/#\/schema\/logo\/image\/\"},\"sameAs\":[\"https:\/\/www.instagram.com\/onbalance_es\/\"]}]}<\/script>\n<!-- \/ Yoast SEO plugin. -->","yoast_head_json":{"title":"Privacy policy - Aquilea OnBalance","robots":{"index":"index","follow":"follow","max-snippet":"max-snippet:-1","max-image-preview":"max-image-preview:large","max-video-preview":"max-video-preview:-1"},"canonical":"https:\/\/aquileaonbalance.com\/it\/privacy-policy\/","og_locale":"it_IT","og_type":"article","og_title":"Privacy policy - Aquilea OnBalance","og_description":"INFORMAZIONI LEGALI Le nostre politiche Informativa sulla privacy Con la presente Informativa sulla privacy, vi informiamo sulla raccolta, l&#8217;elaborazione e l&#8217;utilizzo dei vostri dati personali attraverso l&#8217;uso di questo sito web. Chi \u00e8 responsabile del trattamento dei vostri dati?&nbsp; Identit\u00e0 della persona responsabile: Uriach Italy, Srl che fa parte del GRUPO J. URIACH, S.L. (di [&hellip;]","og_url":"https:\/\/aquileaonbalance.com\/it\/privacy-policy\/","og_site_name":"Aquilea OnBalance","article_modified_time":"2025-06-25T14:25:03+00:00","twitter_card":"summary_large_image","twitter_misc":{"Tempo di lettura stimato":"6 minuti"},"schema":{"@context":"https:\/\/schema.org","@graph":[{"@type":"WebPage","@id":"https:\/\/aquileaonbalance.com\/it\/privacy-policy\/","url":"https:\/\/aquileaonbalance.com\/it\/privacy-policy\/","name":"Privacy policy - Aquilea OnBalance","isPartOf":{"@id":"https:\/\/aquileaonbalance.com\/it\/#website"},"datePublished":"2024-11-26T18:35:12+00:00","dateModified":"2025-06-25T14:25:03+00:00","breadcrumb":{"@id":"https:\/\/aquileaonbalance.com\/it\/privacy-policy\/#breadcrumb"},"inLanguage":"it-IT","potentialAction":[{"@type":"ReadAction","target":["https:\/\/aquileaonbalance.com\/it\/privacy-policy\/"]}]},{"@type":"BreadcrumbList","@id":"https:\/\/aquileaonbalance.com\/it\/privacy-policy\/#breadcrumb","itemListElement":[{"@type":"ListItem","position":1,"name":"Portada","item":"https:\/\/aquileaonbalance.com\/it\/"},{"@type":"ListItem","position":2,"name":"Privacy policy"}]},{"@type":"WebSite","@id":"https:\/\/aquileaonbalance.com\/it\/#website","url":"https:\/\/aquileaonbalance.com\/it\/","name":"Aquilea OnBalance","description":"","publisher":{"@id":"https:\/\/aquileaonbalance.com\/it\/#organization"},"potentialAction":[{"@type":"SearchAction","target":{"@type":"EntryPoint","urlTemplate":"https:\/\/aquileaonbalance.com\/it\/?s={search_term_string}"},"query-input":{"@type":"PropertyValueSpecification","valueRequired":true,"valueName":"search_term_string"}}],"inLanguage":"it-IT"},{"@type":"Organization","@id":"https:\/\/aquileaonbalance.com\/it\/#organization","name":"On Balance","url":"https:\/\/aquileaonbalance.com\/it\/","logo":{"@type":"ImageObject","inLanguage":"it-IT","@id":"https:\/\/aquileaonbalance.com\/it\/#\/schema\/logo\/image\/","url":"https:\/\/aquileaonbalance.com\/wp-content\/uploads\/2024\/11\/logo.png","contentUrl":"https:\/\/aquileaonbalance.com\/wp-content\/uploads\/2024\/11\/logo.png","width":501,"height":184,"caption":"On Balance"},"image":{"@id":"https:\/\/aquileaonbalance.com\/it\/#\/schema\/logo\/image\/"},"sameAs":["https:\/\/www.instagram.com\/onbalance_es\/"]}]}},"_links":{"self":[{"href":"https:\/\/aquileaonbalance.com\/it\/wp-json\/wp\/v2\/pages\/26662","targetHints":{"allow":["GET"]}}],"collection":[{"href":"https:\/\/aquileaonbalance.com\/it\/wp-json\/wp\/v2\/pages"}],"about":[{"href":"https:\/\/aquileaonbalance.com\/it\/wp-json\/wp\/v2\/types\/page"}],"author":[{"embeddable":true,"href":"https:\/\/aquileaonbalance.com\/it\/wp-json\/wp\/v2\/users\/1"}],"replies":[{"embeddable":true,"href":"https:\/\/aquileaonbalance.com\/it\/wp-json\/wp\/v2\/comments?post=26662"}],"version-history":[{"count":4,"href":"https:\/\/aquileaonbalance.com\/it\/wp-json\/wp\/v2\/pages\/26662\/revisions"}],"predecessor-version":[{"id":28307,"href":"https:\/\/aquileaonbalance.com\/it\/wp-json\/wp\/v2\/pages\/26662\/revisions\/28307"}],"wp:attachment":[{"href":"https:\/\/aquileaonbalance.com\/it\/wp-json\/wp\/v2\/media?parent=26662"}],"curies":[{"name":"wp","href":"https:\/\/api.w.org\/{rel}","templated":true}]}}