{"id":5710,"date":"2024-11-26T19:36:01","date_gmt":"2024-11-26T18:36:01","guid":{"rendered":"https:\/\/aquileaonbalance.com\/politica-de-cookies\/"},"modified":"2025-01-14T16:30:11","modified_gmt":"2025-01-14T15:30:11","slug":"politica-de-cookies","status":"publish","type":"page","link":"https:\/\/aquileaonbalance.com\/pt-pt\/politica-de-cookies\/","title":{"rendered":"Pol\u00edtica de cookies"},"content":{"rendered":"\t\t<div data-elementor-type=\"wp-page\" data-elementor-id=\"5710\" class=\"elementor elementor-5710 elementor-1581\" data-elementor-post-type=\"page\">\n\t\t\t\t<div class=\"elementor-element elementor-element-8fba661 e-con-full politicas e-flex e-con e-parent\" data-id=\"8fba661\" data-element_type=\"container\" data-e-type=\"container\">\n\t\t\t\t<div class=\"elementor-element elementor-element-f471c67 elementor-widget elementor-widget-heading\" data-id=\"f471c67\" data-element_type=\"widget\" data-e-type=\"widget\" data-widget_type=\"heading.default\">\n\t\t\t\t<div class=\"elementor-widget-container\">\n\t\t\t\t\t<p class=\"elementor-heading-title elementor-size-default\">INFORMA\u00c7\u00d5ES LEGAIS<\/p>\t\t\t\t<\/div>\n\t\t\t\t<\/div>\n\t\t\t\t<div class=\"elementor-element elementor-element-d484e16 titulo elementor-widget elementor-widget-heading\" data-id=\"d484e16\" data-element_type=\"widget\" data-e-type=\"widget\" data-widget_type=\"heading.default\">\n\t\t\t\t<div class=\"elementor-widget-container\">\n\t\t\t\t\t<h1 class=\"elementor-heading-title elementor-size-default\">As nossas pol\u00edticas<\/h1>\t\t\t\t<\/div>\n\t\t\t\t<\/div>\n\t\t\t\t<div class=\"elementor-element elementor-element-09e8693 elementor-widget-divider--view-line elementor-widget elementor-widget-divider\" data-id=\"09e8693\" data-element_type=\"widget\" data-e-type=\"widget\" data-widget_type=\"divider.default\">\n\t\t\t\t<div class=\"elementor-widget-container\">\n\t\t\t\t\t\t\t<div class=\"elementor-divider\">\n\t\t\t<span class=\"elementor-divider-separator\">\n\t\t\t\t\t\t<\/span>\n\t\t<\/div>\n\t\t\t\t\t\t<\/div>\n\t\t\t\t<\/div>\n\t\t<div class=\"elementor-element elementor-element-b13cb58 e-flex e-con-boxed e-con e-child\" data-id=\"b13cb58\" data-element_type=\"container\" data-e-type=\"container\">\n\t\t\t\t\t<div class=\"e-con-inner\">\n\t\t\t\t<div class=\"elementor-element elementor-element-78de467 elementor-widget__width-initial elementor-widget elementor-widget-shortcode\" data-id=\"78de467\" data-element_type=\"widget\" data-e-type=\"widget\" data-widget_type=\"shortcode.default\">\n\t\t\t\t<div class=\"elementor-widget-container\">\n\t\t\t\t\t\t\t<div class=\"elementor-shortcode\"><select onchange=\"if (this.value) window.location.href=this.value;\" class=\"menu_legal\"><option value=\"https:\/\/aquileaonbalance.com\/es\/aviso-legal\/\">Aviso legal<\/option><option value=\"https:\/\/aquileaonbalance.com\/es\/politica-de-privacidad\/\">Pol\u00edtica de Privacidade<\/option><option value=\"https:\/\/aquileaonbalance.com\/es\/politica-de-cookies\/\">Pol\u00edtica de cookies<\/option><\/select><\/div>\n\t\t\t\t\t\t<\/div>\n\t\t\t\t<\/div>\n\t\t\t\t<div class=\"elementor-element elementor-element-3f0ad43 elementor-widget elementor-widget-heading\" data-id=\"3f0ad43\" data-element_type=\"widget\" data-e-type=\"widget\" data-widget_type=\"heading.default\">\n\t\t\t\t<div class=\"elementor-widget-container\">\n\t\t\t\t\t<h2 class=\"elementor-heading-title elementor-size-default\">Pol\u00edtica de cookies<\/h2>\t\t\t\t<\/div>\n\t\t\t\t<\/div>\n\t\t\t\t<div class=\"elementor-element elementor-element-5b449e9 elementor-widget elementor-widget-text-editor\" data-id=\"5b449e9\" data-element_type=\"widget\" data-e-type=\"widget\" data-widget_type=\"text-editor.default\">\n\t\t\t\t<div class=\"elementor-widget-container\">\n\t\t\t\t\t\t\t\t\t<ol><li><strong>O que s\u00e3o cookies?<\/strong><\/li><\/ol><p>Cookies s\u00e3o arquivos que armazenam e recuperam informa\u00e7\u00f5es sobre os h\u00e1bitos de navega\u00e7\u00e3o do usu\u00e1rio. A informa\u00e7\u00e3o obtida est\u00e1 relacionada, por exemplo, ao n\u00famero de p\u00e1ginas visitadas, o idioma, o local de acesso, o n\u00famero de novos usu\u00e1rios, a frequ\u00eancia e recorr\u00eancia das visitas, a dura\u00e7\u00e3o da visita, o navegador ou dispositivo utilizado para realizar a visita ou executar a aplica\u00e7\u00e3o.<\/p><ol start=\"2\"><li><strong>Quais tipos de cookies a URIACH utiliza em seu site?<\/strong><\/li><\/ol><p>A seguir, s\u00e3o detalhados os tipos de cookies utilizados ao navegar pelo site.<\/p><p>De acordo com a entidade que os gerencia:<\/p><p>Cookies pr\u00f3prios: s\u00e3o enviados para o terminal do usu\u00e1rio de um equipamento ou dom\u00ednio gerido pelo pr\u00f3prio editor e a partir do qual o servi\u00e7o solicitado pelo usu\u00e1rio \u00e9 prestado.<\/p><p>Cookies de terceiros: s\u00e3o enviados para o terminal do usu\u00e1rio de um equipamento ou dom\u00ednio que n\u00e3o \u00e9 gerido pelo editor, mas por outra entidade que trata os dados obtidos atrav\u00e9s dos cookies.<\/p><p>De acordo com o tempo que permanecem ativos:<\/p><p>Cookies de sess\u00e3o: coletam e armazenam dados enquanto o usu\u00e1rio acessa o site. S\u00e3o exclu\u00eddos ao fechar a aba de navega\u00e7\u00e3o do navegador.<\/p><p>Cookies persistentes: coletam dados armazenados no terminal e s\u00e3o acessados e tratados durante o per\u00edodo definido de validade.<\/p><p>De acordo com sua finalidade:<\/p><p>Cookies essenciais: permitem a navega\u00e7\u00e3o no site e o uso de diversos servi\u00e7os no site, como o controle de tr\u00e1fego e comunica\u00e7\u00e3o de dados, a realiza\u00e7\u00e3o do processo de compra de um pedido ou o uso de elementos de seguran\u00e7a durante a navega\u00e7\u00e3o.<\/p><p>Cookies de an\u00e1lise: permitem o acompanhamento e an\u00e1lise do comportamento dos usu\u00e1rios (por exemplo, para medir a atividade da aplica\u00e7\u00e3o, criar perfis de usu\u00e1rio, etc., com o objetivo de melhorar o servi\u00e7o com base nos dados de uso fornecidos pelos usu\u00e1rios).<\/p><p>Cookies publicit\u00e1rias: permitem a gest\u00e3o eficaz dos espa\u00e7os publicit\u00e1rios inclu\u00eddos no site, com base em crit\u00e9rios como o conte\u00fado exibido ou a frequ\u00eancia com que os an\u00fancios s\u00e3o mostrados.<\/p><p>Para obter uma lista com informa\u00e7\u00f5es detalhadas sobre os cookies utilizados neste site, abra o painel de configura\u00e7\u00e3o de cookies clicando em &#8220;Configurar Cookies&#8221; abaixo.<\/p><ol start=\"3\"><li><strong>Como gerencio os cookies?<\/strong><\/li><\/ol><p>O usu\u00e1rio tem a op\u00e7\u00e3o de permitir, bloquear ou excluir os cookies instalados no painel de configura\u00e7\u00e3o de cookies.<\/p><p>Por outro lado, desativar os cookies pode modificar o funcionamento do site.<\/p><p>Consulte as instru\u00e7\u00f5es e manuais do seu dispositivo para obter mais informa\u00e7\u00f5es. Se bloquear o uso de cookies no seu dispositivo, \u00e9 poss\u00edvel que alguns servi\u00e7os ou funcionalidades do site n\u00e3o estejam dispon\u00edveis.<\/p><ol start=\"4\"><li><strong>Atualiza\u00e7\u00e3o da pol\u00edtica de cookies<\/strong><\/li><\/ol><p>Caso as caracter\u00edsticas ou finalidades de uso dos cookies no site sejam alteradas, voc\u00ea ser\u00e1 informado sobre essas mudan\u00e7as para que seu consentimento seja obtido novamente.<\/p>\t\t\t\t\t\t\t\t<\/div>\n\t\t\t\t<\/div>\n\t\t\t\t\t<\/div>\n\t\t\t\t<\/div>\n\t\t\t\t<\/div>\n\t\t\t\t<\/div>\n\t\t","protected":false},"excerpt":{"rendered":"<p>INFORMA\u00c7\u00d5ES LEGAIS As nossas pol\u00edticas Pol\u00edtica de cookies O que s\u00e3o cookies? Cookies s\u00e3o arquivos que armazenam e recuperam informa\u00e7\u00f5es sobre os h\u00e1bitos de navega\u00e7\u00e3o do usu\u00e1rio. A informa\u00e7\u00e3o obtida est\u00e1 relacionada, por exemplo, ao n\u00famero de p\u00e1ginas visitadas, o idioma, o local de acesso, o n\u00famero de novos usu\u00e1rios, a frequ\u00eancia e recorr\u00eancia das [&hellip;]<\/p>\n","protected":false},"author":1,"featured_media":0,"parent":0,"menu_order":0,"comment_status":"closed","ping_status":"closed","template":"elementor_header_footer","meta":{"_acf_changed":false,"footnotes":""},"class_list":["post-5710","page","type-page","status-publish","hentry"],"acf":[],"yoast_head":"<!-- This site is optimized with the Yoast SEO plugin v27.1 - https:\/\/yoast.com\/product\/yoast-seo-wordpress\/ -->\n<title>Pol\u00edtica de cookies - Aquilea OnBalance<\/title>\n<meta name=\"robots\" content=\"index, follow, max-snippet:-1, max-image-preview:large, max-video-preview:-1\" \/>\n<link rel=\"canonical\" href=\"https:\/\/aquileaonbalance.com\/pt-pt\/politica-de-cookies\/\" \/>\n<meta property=\"og:locale\" content=\"pt_PT\" \/>\n<meta property=\"og:type\" content=\"article\" \/>\n<meta property=\"og:title\" content=\"Pol\u00edtica de cookies - Aquilea OnBalance\" \/>\n<meta property=\"og:description\" content=\"INFORMA\u00c7\u00d5ES LEGAIS As nossas pol\u00edticas Pol\u00edtica de cookies O que s\u00e3o cookies? Cookies s\u00e3o arquivos que armazenam e recuperam informa\u00e7\u00f5es sobre os h\u00e1bitos de navega\u00e7\u00e3o do usu\u00e1rio. A informa\u00e7\u00e3o obtida est\u00e1 relacionada, por exemplo, ao n\u00famero de p\u00e1ginas visitadas, o idioma, o local de acesso, o n\u00famero de novos usu\u00e1rios, a frequ\u00eancia e recorr\u00eancia das [&hellip;]\" \/>\n<meta property=\"og:url\" content=\"https:\/\/aquileaonbalance.com\/pt-pt\/politica-de-cookies\/\" \/>\n<meta property=\"og:site_name\" content=\"Aquilea OnBalance\" \/>\n<meta property=\"article:modified_time\" content=\"2025-01-14T15:30:11+00:00\" \/>\n<meta name=\"twitter:card\" content=\"summary_large_image\" \/>\n<meta name=\"twitter:label1\" content=\"Tempo estimado de leitura\" \/>\n\t<meta name=\"twitter:data1\" content=\"3 minutos\" \/>\n<script type=\"application\/ld+json\" class=\"yoast-schema-graph\">{\"@context\":\"https:\/\/schema.org\",\"@graph\":[{\"@type\":\"WebPage\",\"@id\":\"https:\/\/aquileaonbalance.com\/pt-pt\/politica-de-cookies\/\",\"url\":\"https:\/\/aquileaonbalance.com\/pt-pt\/politica-de-cookies\/\",\"name\":\"Pol\u00edtica de cookies - Aquilea OnBalance\",\"isPartOf\":{\"@id\":\"https:\/\/aquileaonbalance.com\/pt-pt\/#website\"},\"datePublished\":\"2024-11-26T18:36:01+00:00\",\"dateModified\":\"2025-01-14T15:30:11+00:00\",\"breadcrumb\":{\"@id\":\"https:\/\/aquileaonbalance.com\/pt-pt\/politica-de-cookies\/#breadcrumb\"},\"inLanguage\":\"pt-PT\",\"potentialAction\":[{\"@type\":\"ReadAction\",\"target\":[\"https:\/\/aquileaonbalance.com\/pt-pt\/politica-de-cookies\/\"]}]},{\"@type\":\"BreadcrumbList\",\"@id\":\"https:\/\/aquileaonbalance.com\/pt-pt\/politica-de-cookies\/#breadcrumb\",\"itemListElement\":[{\"@type\":\"ListItem\",\"position\":1,\"name\":\"Portada\",\"item\":\"https:\/\/aquileaonbalance.com\/pt-pt\/\"},{\"@type\":\"ListItem\",\"position\":2,\"name\":\"Pol\u00edtica de cookies\"}]},{\"@type\":\"WebSite\",\"@id\":\"https:\/\/aquileaonbalance.com\/pt-pt\/#website\",\"url\":\"https:\/\/aquileaonbalance.com\/pt-pt\/\",\"name\":\"Aquilea OnBalance\",\"description\":\"\",\"publisher\":{\"@id\":\"https:\/\/aquileaonbalance.com\/pt-pt\/#organization\"},\"potentialAction\":[{\"@type\":\"SearchAction\",\"target\":{\"@type\":\"EntryPoint\",\"urlTemplate\":\"https:\/\/aquileaonbalance.com\/pt-pt\/?s={search_term_string}\"},\"query-input\":{\"@type\":\"PropertyValueSpecification\",\"valueRequired\":true,\"valueName\":\"search_term_string\"}}],\"inLanguage\":\"pt-PT\"},{\"@type\":\"Organization\",\"@id\":\"https:\/\/aquileaonbalance.com\/pt-pt\/#organization\",\"name\":\"On Balance\",\"url\":\"https:\/\/aquileaonbalance.com\/pt-pt\/\",\"logo\":{\"@type\":\"ImageObject\",\"inLanguage\":\"pt-PT\",\"@id\":\"https:\/\/aquileaonbalance.com\/pt-pt\/#\/schema\/logo\/image\/\",\"url\":\"https:\/\/aquileaonbalance.com\/wp-content\/uploads\/2024\/11\/logo.png\",\"contentUrl\":\"https:\/\/aquileaonbalance.com\/wp-content\/uploads\/2024\/11\/logo.png\",\"width\":501,\"height\":184,\"caption\":\"On Balance\"},\"image\":{\"@id\":\"https:\/\/aquileaonbalance.com\/pt-pt\/#\/schema\/logo\/image\/\"},\"sameAs\":[\"https:\/\/www.instagram.com\/onbalance_es\/\"]}]}<\/script>\n<!-- \/ Yoast SEO plugin. -->","yoast_head_json":{"title":"Pol\u00edtica de cookies - Aquilea OnBalance","robots":{"index":"index","follow":"follow","max-snippet":"max-snippet:-1","max-image-preview":"max-image-preview:large","max-video-preview":"max-video-preview:-1"},"canonical":"https:\/\/aquileaonbalance.com\/pt-pt\/politica-de-cookies\/","og_locale":"pt_PT","og_type":"article","og_title":"Pol\u00edtica de cookies - Aquilea OnBalance","og_description":"INFORMA\u00c7\u00d5ES LEGAIS As nossas pol\u00edticas Pol\u00edtica de cookies O que s\u00e3o cookies? Cookies s\u00e3o arquivos que armazenam e recuperam informa\u00e7\u00f5es sobre os h\u00e1bitos de navega\u00e7\u00e3o do usu\u00e1rio. A informa\u00e7\u00e3o obtida est\u00e1 relacionada, por exemplo, ao n\u00famero de p\u00e1ginas visitadas, o idioma, o local de acesso, o n\u00famero de novos usu\u00e1rios, a frequ\u00eancia e recorr\u00eancia das [&hellip;]","og_url":"https:\/\/aquileaonbalance.com\/pt-pt\/politica-de-cookies\/","og_site_name":"Aquilea OnBalance","article_modified_time":"2025-01-14T15:30:11+00:00","twitter_card":"summary_large_image","twitter_misc":{"Tempo estimado de leitura":"3 minutos"},"schema":{"@context":"https:\/\/schema.org","@graph":[{"@type":"WebPage","@id":"https:\/\/aquileaonbalance.com\/pt-pt\/politica-de-cookies\/","url":"https:\/\/aquileaonbalance.com\/pt-pt\/politica-de-cookies\/","name":"Pol\u00edtica de cookies - Aquilea OnBalance","isPartOf":{"@id":"https:\/\/aquileaonbalance.com\/pt-pt\/#website"},"datePublished":"2024-11-26T18:36:01+00:00","dateModified":"2025-01-14T15:30:11+00:00","breadcrumb":{"@id":"https:\/\/aquileaonbalance.com\/pt-pt\/politica-de-cookies\/#breadcrumb"},"inLanguage":"pt-PT","potentialAction":[{"@type":"ReadAction","target":["https:\/\/aquileaonbalance.com\/pt-pt\/politica-de-cookies\/"]}]},{"@type":"BreadcrumbList","@id":"https:\/\/aquileaonbalance.com\/pt-pt\/politica-de-cookies\/#breadcrumb","itemListElement":[{"@type":"ListItem","position":1,"name":"Portada","item":"https:\/\/aquileaonbalance.com\/pt-pt\/"},{"@type":"ListItem","position":2,"name":"Pol\u00edtica de cookies"}]},{"@type":"WebSite","@id":"https:\/\/aquileaonbalance.com\/pt-pt\/#website","url":"https:\/\/aquileaonbalance.com\/pt-pt\/","name":"Aquilea OnBalance","description":"","publisher":{"@id":"https:\/\/aquileaonbalance.com\/pt-pt\/#organization"},"potentialAction":[{"@type":"SearchAction","target":{"@type":"EntryPoint","urlTemplate":"https:\/\/aquileaonbalance.com\/pt-pt\/?s={search_term_string}"},"query-input":{"@type":"PropertyValueSpecification","valueRequired":true,"valueName":"search_term_string"}}],"inLanguage":"pt-PT"},{"@type":"Organization","@id":"https:\/\/aquileaonbalance.com\/pt-pt\/#organization","name":"On Balance","url":"https:\/\/aquileaonbalance.com\/pt-pt\/","logo":{"@type":"ImageObject","inLanguage":"pt-PT","@id":"https:\/\/aquileaonbalance.com\/pt-pt\/#\/schema\/logo\/image\/","url":"https:\/\/aquileaonbalance.com\/wp-content\/uploads\/2024\/11\/logo.png","contentUrl":"https:\/\/aquileaonbalance.com\/wp-content\/uploads\/2024\/11\/logo.png","width":501,"height":184,"caption":"On Balance"},"image":{"@id":"https:\/\/aquileaonbalance.com\/pt-pt\/#\/schema\/logo\/image\/"},"sameAs":["https:\/\/www.instagram.com\/onbalance_es\/"]}]}},"_links":{"self":[{"href":"https:\/\/aquileaonbalance.com\/pt-pt\/wp-json\/wp\/v2\/pages\/5710","targetHints":{"allow":["GET"]}}],"collection":[{"href":"https:\/\/aquileaonbalance.com\/pt-pt\/wp-json\/wp\/v2\/pages"}],"about":[{"href":"https:\/\/aquileaonbalance.com\/pt-pt\/wp-json\/wp\/v2\/types\/page"}],"author":[{"embeddable":true,"href":"https:\/\/aquileaonbalance.com\/pt-pt\/wp-json\/wp\/v2\/users\/1"}],"replies":[{"embeddable":true,"href":"https:\/\/aquileaonbalance.com\/pt-pt\/wp-json\/wp\/v2\/comments?post=5710"}],"version-history":[{"count":6,"href":"https:\/\/aquileaonbalance.com\/pt-pt\/wp-json\/wp\/v2\/pages\/5710\/revisions"}],"predecessor-version":[{"id":5725,"href":"https:\/\/aquileaonbalance.com\/pt-pt\/wp-json\/wp\/v2\/pages\/5710\/revisions\/5725"}],"wp:attachment":[{"href":"https:\/\/aquileaonbalance.com\/pt-pt\/wp-json\/wp\/v2\/media?parent=5710"}],"curies":[{"name":"wp","href":"https:\/\/api.w.org\/{rel}","templated":true}]}}