{"id":5715,"date":"2024-11-26T19:35:12","date_gmt":"2024-11-26T18:35:12","guid":{"rendered":"https:\/\/aquileaonbalance.com\/politica-de-privacidad\/"},"modified":"2025-01-14T16:29:27","modified_gmt":"2025-01-14T15:29:27","slug":"politica-de-privacidade","status":"publish","type":"page","link":"https:\/\/aquileaonbalance.com\/pt-pt\/politica-de-privacidade\/","title":{"rendered":"Pol\u00edtica de Privacidade"},"content":{"rendered":"\t\t<div data-elementor-type=\"wp-page\" data-elementor-id=\"5715\" class=\"elementor elementor-5715 elementor-1576\" data-elementor-post-type=\"page\">\n\t\t\t\t<div class=\"elementor-element elementor-element-8fba661 e-con-full politicas e-flex e-con e-parent\" data-id=\"8fba661\" data-element_type=\"container\" data-e-type=\"container\">\n\t\t\t\t<div class=\"elementor-element elementor-element-f471c67 elementor-widget elementor-widget-heading\" data-id=\"f471c67\" data-element_type=\"widget\" data-e-type=\"widget\" data-widget_type=\"heading.default\">\n\t\t\t\t<div class=\"elementor-widget-container\">\n\t\t\t\t\t<p class=\"elementor-heading-title elementor-size-default\">INFORMA\u00c7\u00d5ES LEGAIS<\/p>\t\t\t\t<\/div>\n\t\t\t\t<\/div>\n\t\t\t\t<div class=\"elementor-element elementor-element-d484e16 titulo elementor-widget elementor-widget-heading\" data-id=\"d484e16\" data-element_type=\"widget\" data-e-type=\"widget\" data-widget_type=\"heading.default\">\n\t\t\t\t<div class=\"elementor-widget-container\">\n\t\t\t\t\t<h1 class=\"elementor-heading-title elementor-size-default\">As nossas pol\u00edticas<\/h1>\t\t\t\t<\/div>\n\t\t\t\t<\/div>\n\t\t\t\t<div class=\"elementor-element elementor-element-09e8693 elementor-widget-divider--view-line elementor-widget elementor-widget-divider\" data-id=\"09e8693\" data-element_type=\"widget\" data-e-type=\"widget\" data-widget_type=\"divider.default\">\n\t\t\t\t<div class=\"elementor-widget-container\">\n\t\t\t\t\t\t\t<div class=\"elementor-divider\">\n\t\t\t<span class=\"elementor-divider-separator\">\n\t\t\t\t\t\t<\/span>\n\t\t<\/div>\n\t\t\t\t\t\t<\/div>\n\t\t\t\t<\/div>\n\t\t<div class=\"elementor-element elementor-element-b13cb58 e-flex e-con-boxed e-con e-child\" data-id=\"b13cb58\" data-element_type=\"container\" data-e-type=\"container\">\n\t\t\t\t\t<div class=\"e-con-inner\">\n\t\t\t\t<div class=\"elementor-element elementor-element-78de467 elementor-widget__width-initial elementor-widget elementor-widget-shortcode\" data-id=\"78de467\" data-element_type=\"widget\" data-e-type=\"widget\" data-widget_type=\"shortcode.default\">\n\t\t\t\t<div class=\"elementor-widget-container\">\n\t\t\t\t\t\t\t<div class=\"elementor-shortcode\"><select onchange=\"if (this.value) window.location.href=this.value;\" class=\"menu_legal\"><option value=\"https:\/\/aquileaonbalance.com\/es\/aviso-legal\/\">Aviso legal<\/option><option value=\"https:\/\/aquileaonbalance.com\/es\/politica-de-privacidad\/\">Pol\u00edtica de Privacidade<\/option><option value=\"https:\/\/aquileaonbalance.com\/es\/politica-de-cookies\/\">Pol\u00edtica de cookies<\/option><\/select><\/div>\n\t\t\t\t\t\t<\/div>\n\t\t\t\t<\/div>\n\t\t\t\t<div class=\"elementor-element elementor-element-3f0ad43 elementor-widget elementor-widget-heading\" data-id=\"3f0ad43\" data-element_type=\"widget\" data-e-type=\"widget\" data-widget_type=\"heading.default\">\n\t\t\t\t<div class=\"elementor-widget-container\">\n\t\t\t\t\t<h2 class=\"elementor-heading-title elementor-size-default\">Pol\u00edtica de privacidade<\/h2>\t\t\t\t<\/div>\n\t\t\t\t<\/div>\n\t\t\t\t<div class=\"elementor-element elementor-element-5b449e9 elementor-widget elementor-widget-text-editor\" data-id=\"5b449e9\" data-element_type=\"widget\" data-e-type=\"widget\" data-widget_type=\"text-editor.default\">\n\t\t\t\t<div class=\"elementor-widget-container\">\n\t\t\t\t\t\t\t\t\t<p>Mediante esta Pol\u00edtica de Privacidade, informamos sobre a coleta, tratamento e uso de seus dados pessoais coletados pela URIACH CONSUMER HEALTHCARE, S.L. atrav\u00e9s do uso deste site.<\/p><ol><li><strong>Quem \u00e9 o respons\u00e1vel pelo tratamento dos seus dados?<\/strong><\/li><\/ol><p>Identidade do respons\u00e1vel: URIACH CONSUMER HEALTHCARE, S.L. com CIF B61156030<\/p><p>Endere\u00e7o: Edif\u00edcio Green, Avinguda de la Generalitat 163-167, Sant Cugat del Vall\u00e8s \u00b7 08174 \u00b7 Barcelona \u00b7 Espanha<\/p><p>E-mail: dpo@uriach.com<\/p><ol start=\"2\"><li><strong>Com que finalidades trataremos seus dados e qual \u00e9 a base legal para o tratamento?<\/strong><\/li><\/ol><p>Na URIACH CONSUMER HEALTHCARE, S.L. (daqui em diante, \u201cURIACH\u201d), tratamos os dados pessoais que voc\u00ea nos fornecer, bem como todos os dados coletados por meio deste site e os que derivam de sua rela\u00e7\u00e3o conosco com as seguintes finalidades principais:<\/p><ul><li>Para melhorar nossos sites, servi\u00e7os, produtos e oferecer um melhor servi\u00e7o e conte\u00fado.<\/li><li>Para gerenciar sua participa\u00e7\u00e3o na Promo\u00e7\u00e3o, bem como resolver d\u00favidas e\/ou consultas que nos enviem. Caso seja o vencedor, entraremos em contato por telefone ou e-mail.<\/li><li>Para registrar novos Assinantes, caso aceite expressamente, na base de dados da URIACH e enviar novidades sobre produtos e servi\u00e7os da URIACH.<\/li><\/ul><p>A base legal para o tratamento de seus dados pessoais ser\u00e1, para cada uma das finalidades indicadas, o consentimento fornecido por voc\u00ea ao acessar o site www.aquileaonbalance.com, preencher os dados solicitados e participar da Promo\u00e7\u00e3o. Informamos que voc\u00ea pode revogar o consentimento a qualquer momento; caso deseje revog\u00e1-lo, basta nos enviar um e-mail para dpo@uriach.com.<\/p><ol start=\"3\"><li><strong>Quais dados tratamos?<\/strong><\/li><\/ol><p>No \u00e2mbito das funcionalidades oferecidas por meio deste site, e condicionado \u00e0s finalidades previamente indicadas, a URIACH trata dados identificativos e de contato, como nome, sobrenome e e-mail.<\/p><ol start=\"4\"><li><strong>Com quem seus dados ser\u00e3o compartilhados?<\/strong><\/li><\/ol><p>Como regra geral, a URIACH n\u00e3o compartilhar\u00e1 seus dados pessoais com terceiros.<\/p><p>No entanto, compartilharemos seus dados pessoais com terceiros caso sejamos obrigados por uma norma, por uma autoridade administrativa ou judicial, ou para o cumprimento de uma obriga\u00e7\u00e3o de interesse p\u00fablico ou ordem p\u00fablica, como, por exemplo, para cumprir com regulamentos contra a lavagem de dinheiro e terrorismo, obriga\u00e7\u00f5es fiscais ou de seguran\u00e7a social.<\/p><p>Informamos ainda que, para prestar nossos servi\u00e7os, contamos com a assist\u00eancia de determinados prestadores de servi\u00e7os terceirizados que podem ter acesso aos seus dados pessoais, como, por exemplo, Facebook, Google, Microsoft, ag\u00eancias de marketing e publicidade, CRM, consultores cont\u00e1beis e fornecedores de software de faturamento. Nestes casos, esses terceiros atuar\u00e3o sempre em nome e por conta da URIACH, ou seja, seguir\u00e3o nossas instru\u00e7\u00f5es e de acordo com o contrato de tratamento de dados que temos com eles. Em nenhum caso, ter\u00e3o acesso aos seus dados para finalidades pr\u00f3prias.<\/p><ol start=\"5\"><li><strong>Por quanto tempo manteremos seus dados?<\/strong><\/li><\/ol><p>Manteremos seus dados enquanto durar nossa rela\u00e7\u00e3o. No entanto, caso observemos um per\u00edodo prolongado de inatividade, excluiremos seus dados na medida em que o tratamento j\u00e1 n\u00e3o seja adequado, pertinente e necess\u00e1rio para os fins para os quais foram coletados, a menos que voc\u00ea solicite a exclus\u00e3o antes.<\/p><p>Quando o tratamento de seus dados j\u00e1 n\u00e3o for adequado, relevante e limitado ao necess\u00e1rio para os fins para os quais foram tratados, manteremos seus dados bloqueados de forma segura, apenas para cumprir com nossas obriga\u00e7\u00f5es legais e poss\u00edveis responsabilidades.<\/p><p>Finalmente, informamos que tomaremos todas as medidas razo\u00e1veis para garantir que seus dados sejam corrigidos ou exclu\u00eddos quando forem imprecisos.<\/p><ol start=\"6\"><li><strong>Quais s\u00e3o seus direitos como titular dos dados?<\/strong><\/li><\/ol><p><strong>Acesso<\/strong><\/p><p>Voc\u00ea pode obter confirma\u00e7\u00e3o sobre se seus dados pessoais est\u00e3o sendo tratados, bem como consultar os dados pessoais espec\u00edficos em tratamento.<\/p><p><strong>Retifica\u00e7\u00e3o<\/strong><\/p><p>Voc\u00ea pode modificar seus dados pessoais quando estiverem imprecisos, al\u00e9m de completar aqueles que forem incompletos.<\/p><p><strong>Exclus\u00e3o<\/strong><\/p><p>Voc\u00ea pode solicitar a exclus\u00e3o de seus dados pessoais quando, entre outros motivos, os dados n\u00e3o forem mais necess\u00e1rios para os fins para os quais foram coletados.<\/p><p><strong>Oposi\u00e7\u00e3o<\/strong><\/p><p>Voc\u00ea pode solicitar que seus dados pessoais n\u00e3o sejam tratados, salvo em casos onde n\u00e3o seja poss\u00edvel por motivos leg\u00edtimos imperiosos ou para o exerc\u00edcio ou defesa de poss\u00edveis reclama\u00e7\u00f5es.<\/p><p><strong>Limita\u00e7\u00e3o do tratamento<\/strong><\/p><p>Voc\u00ea pode solicitar a limita\u00e7\u00e3o do tratamento dos seus dados nos seguintes casos:<\/p><ul><li>Enquanto se verifica a contesta\u00e7\u00e3o da exatid\u00e3o de seus dados;<\/li><li>Quando o tratamento for il\u00edcito e voc\u00ea se opuser \u00e0 exclus\u00e3o de seus dados, solicitando a limita\u00e7\u00e3o de seu uso;<\/li><li>Quando os dados n\u00e3o forem necess\u00e1rios para o tratamento, mas forem necess\u00e1rios para o exerc\u00edcio ou defesa de reclama\u00e7\u00f5es;<\/li><li>Quando voc\u00ea se opuser ao tratamento dos seus dados para o cumprimento de uma miss\u00e3o de interesse p\u00fablico ou para satisfazer um interesse leg\u00edtimo, enquanto se verifica se os motivos leg\u00edtimos para o tratamento prevalecem sobre os seus.<\/li><\/ul><p><strong>Portabilidade<\/strong><\/p><p>Voc\u00ea pode receber, em formato eletr\u00f4nico, os dados pessoais que forneceu e os que foram obtidos atrav\u00e9s do site, e transmiti-los a outra entidade.<\/p><p><strong>Canais de exerc\u00edcio<\/strong><\/p><p>Voc\u00ea pode exercer esses direitos por meio de solicita\u00e7\u00e3o escrita dirigida \u00e0 URIACH CONSUMER HEALTHCARE S.L., Avinguda de la Generalitat 163-167, Sant Cugat del Vall\u00e8s (08174) Barcelona, Espanha, ou enviando um e-mail para dpo@uriach.com, em ambos os casos com a refer\u00eancia &#8220;Prote\u00e7\u00e3o de Dados&#8221;.<\/p><p>A URIACH est\u00e1 aderente ao C\u00f3digo de Conduta de Prote\u00e7\u00e3o de Dados na Atividade Publicit\u00e1ria de Autocontrol, acreditado pela Ag\u00eancia Espanhola de Prote\u00e7\u00e3o de Dados e, portanto, est\u00e1 sujeita ao seu sistema extrajudicial de resolu\u00e7\u00e3o de reclama\u00e7\u00f5es quando relacionadas \u00e0 prote\u00e7\u00e3o de dados e publicidade, dispon\u00edvel para os interessados no site www.autocontrol.es.<\/p><p>Se voc\u00ea considerar que seus dados pessoais n\u00e3o foram tratados de acordo com a legisla\u00e7\u00e3o aplic\u00e1vel, pode apresentar uma reclama\u00e7\u00e3o perante o Autocontrol ou, caso contr\u00e1rio, \u00e0 Ag\u00eancia Espanhola de Prote\u00e7\u00e3o de Dados, por meio dos sites www.autocontrol.es e www.aepd.es, respectivamente.<\/p><p>O exerc\u00edcio desses direitos \u00e9 gratuito.<\/p><ol start=\"7\"><li><strong>Voc\u00ea tem o direito de retirar seu consentimento?<\/strong><\/li><\/ol><p>Sim, voc\u00ea pode retirar seu consentimento para o tratamento de seus dados a qualquer momento, para uma, v\u00e1rias ou todas as finalidades mencionadas acima, que dependem desse consentimento para o tratamento. Tenha em mente que, se o fizer, isso poder\u00e1 afetar a maneira como prestamos os servi\u00e7os ou at\u00e9 mesmo levar \u00e0 sua finaliza\u00e7\u00e3o.<\/p>\t\t\t\t\t\t\t\t<\/div>\n\t\t\t\t<\/div>\n\t\t\t\t\t<\/div>\n\t\t\t\t<\/div>\n\t\t\t\t<\/div>\n\t\t\t\t<\/div>\n\t\t","protected":false},"excerpt":{"rendered":"<p>INFORMA\u00c7\u00d5ES LEGAIS As nossas pol\u00edticas Pol\u00edtica de privacidade Mediante esta Pol\u00edtica de Privacidade, informamos sobre a coleta, tratamento e uso de seus dados pessoais coletados pela URIACH CONSUMER HEALTHCARE, S.L. atrav\u00e9s do uso deste site. Quem \u00e9 o respons\u00e1vel pelo tratamento dos seus dados? Identidade do respons\u00e1vel: URIACH CONSUMER HEALTHCARE, S.L. com CIF B61156030 Endere\u00e7o: [&hellip;]<\/p>\n","protected":false},"author":1,"featured_media":0,"parent":0,"menu_order":0,"comment_status":"closed","ping_status":"closed","template":"elementor_header_footer","meta":{"_acf_changed":false,"footnotes":""},"class_list":["post-5715","page","type-page","status-publish","hentry"],"acf":[],"yoast_head":"<!-- This site is optimized with the Yoast SEO plugin v27.1 - https:\/\/yoast.com\/product\/yoast-seo-wordpress\/ -->\n<title>Pol\u00edtica de Privacidade - Aquilea OnBalance<\/title>\n<meta name=\"robots\" content=\"index, follow, max-snippet:-1, max-image-preview:large, max-video-preview:-1\" \/>\n<link rel=\"canonical\" href=\"https:\/\/aquileaonbalance.com\/pt-pt\/politica-de-privacidade\/\" \/>\n<meta property=\"og:locale\" content=\"pt_PT\" \/>\n<meta property=\"og:type\" content=\"article\" \/>\n<meta property=\"og:title\" content=\"Pol\u00edtica de Privacidade - Aquilea OnBalance\" \/>\n<meta property=\"og:description\" content=\"INFORMA\u00c7\u00d5ES LEGAIS As nossas pol\u00edticas Pol\u00edtica de privacidade Mediante esta Pol\u00edtica de Privacidade, informamos sobre a coleta, tratamento e uso de seus dados pessoais coletados pela URIACH CONSUMER HEALTHCARE, S.L. atrav\u00e9s do uso deste site. Quem \u00e9 o respons\u00e1vel pelo tratamento dos seus dados? Identidade do respons\u00e1vel: URIACH CONSUMER HEALTHCARE, S.L. com CIF B61156030 Endere\u00e7o: [&hellip;]\" \/>\n<meta property=\"og:url\" content=\"https:\/\/aquileaonbalance.com\/pt-pt\/politica-de-privacidade\/\" \/>\n<meta property=\"og:site_name\" content=\"Aquilea OnBalance\" \/>\n<meta property=\"article:modified_time\" content=\"2025-01-14T15:29:27+00:00\" \/>\n<meta name=\"twitter:card\" content=\"summary_large_image\" \/>\n<meta name=\"twitter:label1\" content=\"Tempo estimado de leitura\" \/>\n\t<meta name=\"twitter:data1\" content=\"6 minutos\" \/>\n<script type=\"application\/ld+json\" class=\"yoast-schema-graph\">{\"@context\":\"https:\/\/schema.org\",\"@graph\":[{\"@type\":\"WebPage\",\"@id\":\"https:\/\/aquileaonbalance.com\/pt-pt\/politica-de-privacidade\/\",\"url\":\"https:\/\/aquileaonbalance.com\/pt-pt\/politica-de-privacidade\/\",\"name\":\"Pol\u00edtica de Privacidade - Aquilea OnBalance\",\"isPartOf\":{\"@id\":\"https:\/\/aquileaonbalance.com\/pt-pt\/#website\"},\"datePublished\":\"2024-11-26T18:35:12+00:00\",\"dateModified\":\"2025-01-14T15:29:27+00:00\",\"breadcrumb\":{\"@id\":\"https:\/\/aquileaonbalance.com\/pt-pt\/politica-de-privacidade\/#breadcrumb\"},\"inLanguage\":\"pt-PT\",\"potentialAction\":[{\"@type\":\"ReadAction\",\"target\":[\"https:\/\/aquileaonbalance.com\/pt-pt\/politica-de-privacidade\/\"]}]},{\"@type\":\"BreadcrumbList\",\"@id\":\"https:\/\/aquileaonbalance.com\/pt-pt\/politica-de-privacidade\/#breadcrumb\",\"itemListElement\":[{\"@type\":\"ListItem\",\"position\":1,\"name\":\"Portada\",\"item\":\"https:\/\/aquileaonbalance.com\/pt-pt\/\"},{\"@type\":\"ListItem\",\"position\":2,\"name\":\"Pol\u00edtica de Privacidade\"}]},{\"@type\":\"WebSite\",\"@id\":\"https:\/\/aquileaonbalance.com\/pt-pt\/#website\",\"url\":\"https:\/\/aquileaonbalance.com\/pt-pt\/\",\"name\":\"Aquilea OnBalance\",\"description\":\"\",\"publisher\":{\"@id\":\"https:\/\/aquileaonbalance.com\/pt-pt\/#organization\"},\"potentialAction\":[{\"@type\":\"SearchAction\",\"target\":{\"@type\":\"EntryPoint\",\"urlTemplate\":\"https:\/\/aquileaonbalance.com\/pt-pt\/?s={search_term_string}\"},\"query-input\":{\"@type\":\"PropertyValueSpecification\",\"valueRequired\":true,\"valueName\":\"search_term_string\"}}],\"inLanguage\":\"pt-PT\"},{\"@type\":\"Organization\",\"@id\":\"https:\/\/aquileaonbalance.com\/pt-pt\/#organization\",\"name\":\"On Balance\",\"url\":\"https:\/\/aquileaonbalance.com\/pt-pt\/\",\"logo\":{\"@type\":\"ImageObject\",\"inLanguage\":\"pt-PT\",\"@id\":\"https:\/\/aquileaonbalance.com\/pt-pt\/#\/schema\/logo\/image\/\",\"url\":\"https:\/\/aquileaonbalance.com\/wp-content\/uploads\/2024\/11\/logo.png\",\"contentUrl\":\"https:\/\/aquileaonbalance.com\/wp-content\/uploads\/2024\/11\/logo.png\",\"width\":501,\"height\":184,\"caption\":\"On Balance\"},\"image\":{\"@id\":\"https:\/\/aquileaonbalance.com\/pt-pt\/#\/schema\/logo\/image\/\"},\"sameAs\":[\"https:\/\/www.instagram.com\/onbalance_es\/\"]}]}<\/script>\n<!-- \/ Yoast SEO plugin. -->","yoast_head_json":{"title":"Pol\u00edtica de Privacidade - Aquilea OnBalance","robots":{"index":"index","follow":"follow","max-snippet":"max-snippet:-1","max-image-preview":"max-image-preview:large","max-video-preview":"max-video-preview:-1"},"canonical":"https:\/\/aquileaonbalance.com\/pt-pt\/politica-de-privacidade\/","og_locale":"pt_PT","og_type":"article","og_title":"Pol\u00edtica de Privacidade - Aquilea OnBalance","og_description":"INFORMA\u00c7\u00d5ES LEGAIS As nossas pol\u00edticas Pol\u00edtica de privacidade Mediante esta Pol\u00edtica de Privacidade, informamos sobre a coleta, tratamento e uso de seus dados pessoais coletados pela URIACH CONSUMER HEALTHCARE, S.L. atrav\u00e9s do uso deste site. Quem \u00e9 o respons\u00e1vel pelo tratamento dos seus dados? Identidade do respons\u00e1vel: URIACH CONSUMER HEALTHCARE, S.L. com CIF B61156030 Endere\u00e7o: [&hellip;]","og_url":"https:\/\/aquileaonbalance.com\/pt-pt\/politica-de-privacidade\/","og_site_name":"Aquilea OnBalance","article_modified_time":"2025-01-14T15:29:27+00:00","twitter_card":"summary_large_image","twitter_misc":{"Tempo estimado de leitura":"6 minutos"},"schema":{"@context":"https:\/\/schema.org","@graph":[{"@type":"WebPage","@id":"https:\/\/aquileaonbalance.com\/pt-pt\/politica-de-privacidade\/","url":"https:\/\/aquileaonbalance.com\/pt-pt\/politica-de-privacidade\/","name":"Pol\u00edtica de Privacidade - Aquilea OnBalance","isPartOf":{"@id":"https:\/\/aquileaonbalance.com\/pt-pt\/#website"},"datePublished":"2024-11-26T18:35:12+00:00","dateModified":"2025-01-14T15:29:27+00:00","breadcrumb":{"@id":"https:\/\/aquileaonbalance.com\/pt-pt\/politica-de-privacidade\/#breadcrumb"},"inLanguage":"pt-PT","potentialAction":[{"@type":"ReadAction","target":["https:\/\/aquileaonbalance.com\/pt-pt\/politica-de-privacidade\/"]}]},{"@type":"BreadcrumbList","@id":"https:\/\/aquileaonbalance.com\/pt-pt\/politica-de-privacidade\/#breadcrumb","itemListElement":[{"@type":"ListItem","position":1,"name":"Portada","item":"https:\/\/aquileaonbalance.com\/pt-pt\/"},{"@type":"ListItem","position":2,"name":"Pol\u00edtica de Privacidade"}]},{"@type":"WebSite","@id":"https:\/\/aquileaonbalance.com\/pt-pt\/#website","url":"https:\/\/aquileaonbalance.com\/pt-pt\/","name":"Aquilea OnBalance","description":"","publisher":{"@id":"https:\/\/aquileaonbalance.com\/pt-pt\/#organization"},"potentialAction":[{"@type":"SearchAction","target":{"@type":"EntryPoint","urlTemplate":"https:\/\/aquileaonbalance.com\/pt-pt\/?s={search_term_string}"},"query-input":{"@type":"PropertyValueSpecification","valueRequired":true,"valueName":"search_term_string"}}],"inLanguage":"pt-PT"},{"@type":"Organization","@id":"https:\/\/aquileaonbalance.com\/pt-pt\/#organization","name":"On Balance","url":"https:\/\/aquileaonbalance.com\/pt-pt\/","logo":{"@type":"ImageObject","inLanguage":"pt-PT","@id":"https:\/\/aquileaonbalance.com\/pt-pt\/#\/schema\/logo\/image\/","url":"https:\/\/aquileaonbalance.com\/wp-content\/uploads\/2024\/11\/logo.png","contentUrl":"https:\/\/aquileaonbalance.com\/wp-content\/uploads\/2024\/11\/logo.png","width":501,"height":184,"caption":"On Balance"},"image":{"@id":"https:\/\/aquileaonbalance.com\/pt-pt\/#\/schema\/logo\/image\/"},"sameAs":["https:\/\/www.instagram.com\/onbalance_es\/"]}]}},"_links":{"self":[{"href":"https:\/\/aquileaonbalance.com\/pt-pt\/wp-json\/wp\/v2\/pages\/5715","targetHints":{"allow":["GET"]}}],"collection":[{"href":"https:\/\/aquileaonbalance.com\/pt-pt\/wp-json\/wp\/v2\/pages"}],"about":[{"href":"https:\/\/aquileaonbalance.com\/pt-pt\/wp-json\/wp\/v2\/types\/page"}],"author":[{"embeddable":true,"href":"https:\/\/aquileaonbalance.com\/pt-pt\/wp-json\/wp\/v2\/users\/1"}],"replies":[{"embeddable":true,"href":"https:\/\/aquileaonbalance.com\/pt-pt\/wp-json\/wp\/v2\/comments?post=5715"}],"version-history":[{"count":7,"href":"https:\/\/aquileaonbalance.com\/pt-pt\/wp-json\/wp\/v2\/pages\/5715\/revisions"}],"predecessor-version":[{"id":5722,"href":"https:\/\/aquileaonbalance.com\/pt-pt\/wp-json\/wp\/v2\/pages\/5715\/revisions\/5722"}],"wp:attachment":[{"href":"https:\/\/aquileaonbalance.com\/pt-pt\/wp-json\/wp\/v2\/media?parent=5715"}],"curies":[{"name":"wp","href":"https:\/\/api.w.org\/{rel}","templated":true}]}}