{"id":5770,"date":"2024-11-13T14:14:07","date_gmt":"2024-11-13T13:14:07","guid":{"rendered":"https:\/\/aquileaonbalance.com\/farmacias\/"},"modified":"2025-12-15T16:58:44","modified_gmt":"2025-12-15T15:58:44","slug":"farmacias","status":"publish","type":"page","link":"https:\/\/aquileaonbalance.com\/pt-pt\/farmacias\/","title":{"rendered":"Localizador de farm\u00e1cias"},"content":{"rendered":"\t\t<div data-elementor-type=\"wp-page\" data-elementor-id=\"5770\" class=\"elementor elementor-5770 elementor-646\" data-elementor-post-type=\"page\">\n\t\t\t\t<div class=\"elementor-element elementor-element-c826f96 e-flex e-con-boxed e-con e-parent\" data-id=\"c826f96\" data-element_type=\"container\" data-e-type=\"container\">\n\t\t\t\t\t<div class=\"e-con-inner\">\n\t\t\t\t<div class=\"elementor-element elementor-element-9ab5022 elementor-widget elementor-widget-heading\" data-id=\"9ab5022\" data-element_type=\"widget\" data-e-type=\"widget\" data-widget_type=\"heading.default\">\n\t\t\t\t<div class=\"elementor-widget-container\">\n\t\t\t\t\t<p class=\"elementor-heading-title elementor-size-default\">LOCALIZADOR DE FARM\u00c1CIAS<\/p>\t\t\t\t<\/div>\n\t\t\t\t<\/div>\n\t\t\t\t<div class=\"elementor-element elementor-element-0713fca titulo elementor-widget elementor-widget-heading\" data-id=\"0713fca\" data-element_type=\"widget\" data-e-type=\"widget\" data-widget_type=\"heading.default\">\n\t\t\t\t<div class=\"elementor-widget-container\">\n\t\t\t\t\t<h1 class=\"elementor-heading-title elementor-size-default\">Onde comprar<\/h1>\t\t\t\t<\/div>\n\t\t\t\t<\/div>\n\t\t\t\t<div class=\"elementor-element elementor-element-a6403a7 elementor-widget-divider--view-line elementor-widget elementor-widget-divider\" data-id=\"a6403a7\" data-element_type=\"widget\" data-e-type=\"widget\" data-widget_type=\"divider.default\">\n\t\t\t\t<div class=\"elementor-widget-container\">\n\t\t\t\t\t\t\t<div class=\"elementor-divider\">\n\t\t\t<span class=\"elementor-divider-separator\">\n\t\t\t\t\t\t<\/span>\n\t\t<\/div>\n\t\t\t\t\t\t<\/div>\n\t\t\t\t<\/div>\n\t\t<div class=\"elementor-element elementor-element-e9a9229 animated-slow e-flex e-con-boxed elementor-invisible e-con e-child\" data-id=\"e9a9229\" data-element_type=\"container\" data-e-type=\"container\" data-settings=\"{&quot;animation&quot;:&quot;fadeIn&quot;}\">\n\t\t\t\t\t<div class=\"e-con-inner\">\n\t\t\t\t<div class=\"elementor-element elementor-element-99436fa elementor-widget elementor-widget-text-editor\" data-id=\"99436fa\" data-element_type=\"widget\" data-e-type=\"widget\" data-widget_type=\"text-editor.default\">\n\t\t\t\t<div class=\"elementor-widget-container\">\n\t\t\t\t\t\t\t\t\t<p>Descobre a nossa gama de produtos OnBalance <strong>na farm\u00e1cia mais pr\u00f3xima<\/strong>, inserindo em baixo a tua morada ou c\u00f3digo postal.<\/p>\t\t\t\t\t\t\t\t<\/div>\n\t\t\t\t<\/div>\n\t\t\t\t\t<\/div>\n\t\t\t\t<\/div>\n\t\t\t\t<div class=\"elementor-element elementor-element-e0d3672 animated-slow elementor-invisible elementor-widget elementor-widget-shortcode\" data-id=\"e0d3672\" data-element_type=\"widget\" data-e-type=\"widget\" data-settings=\"{&quot;_animation&quot;:&quot;fadeIn&quot;}\" data-widget_type=\"shortcode.default\">\n\t\t\t\t<div class=\"elementor-widget-container\">\n\t\t\t\t\t\t\t<div class=\"elementor-shortcode\"><style>\r\n\t#wpsl-stores .wpsl-store-thumb {height:45px !important; width:45px !important;}\r\n\t#wpsl-stores, #wpsl-direction-details, #wpsl-gmap {height:400px !important;}\r\n\t#wpsl-gmap .wpsl-info-window {max-width:225px !important;}\r\n\t.wpsl-input label, #wpsl-radius label, #wpsl-category label {width:95px;}\r\n\t#wpsl-search-input  {width:179px;}\r\n<\/style>\r\n<div id=\"wpsl-wrap\" class=\"wpsl-store-below\">\r\n\t<div class=\"wpsl-search wpsl-clearfix wpsl-no-filters\">\r\n\t\t<div id=\"wpsl-search-wrap\">\r\n\t\t\t<form autocomplete=\"off\">\r\n\t\t\t<div class=\"wpsl-input\">\r\n\t\t\t\t<div><label for=\"wpsl-search-input\">Sua localiza\u00e7\u00e3o<\/label><\/div>\r\n\t\t\t\t<input id=\"wpsl-search-input\" type=\"text\" value=\"\" name=\"wpsl-search-input\" placeholder=\"\" aria-required=\"true\" \/>\r\n\t\t\t<\/div>\r\n\t\t\t\t<div class=\"wpsl-search-btn-wrap\"><input id=\"wpsl-search-btn\" type=\"submit\" value=\"Pesquisar\"><\/div>\r\n\t\t<\/form>\r\n\t\t<\/div>\r\n\t<\/div>\r\n\t<div id=\"wpsl-gmap\" class=\"wpsl-gmap-canvas\"><\/div>\r\n\t<div id=\"wpsl-result-list\">\r\n\t\t<div id=\"wpsl-stores\" class=\"wpsl-not-loaded\">\r\n\t\t\t<ul><\/ul>\r\n\t\t<\/div>\r\n\t\t<div id=\"wpsl-direction-details\">\r\n\t\t\t<ul><\/ul>\r\n\t\t<\/div>\r\n\t<\/div>\r\n<\/div>\r\n<\/div>\n\t\t\t\t\t\t<\/div>\n\t\t\t\t<\/div>\n\t\t\t\t<div class=\"elementor-element elementor-element-f10f051 elementor-widget elementor-widget-html\" data-id=\"f10f051\" data-element_type=\"widget\" data-e-type=\"widget\" data-widget_type=\"html.default\">\n\t\t\t\t<div class=\"elementor-widget-container\">\n\t\t\t\t\t<script>\n    jQuery(document).ready(function($) {\n        $('#wpsl-search-input').attr('placeholder', 'Endere\u00e7o ou c\u00f3digo postal');\n    });\n<\/script>\n<style>\n    #wpsl-stores {\n    height: auto !important;\n}\n<\/style>\t\t\t\t<\/div>\n\t\t\t\t<\/div>\n\t\t\t\t\t<\/div>\n\t\t\t\t<\/div>\n\t\t<div class=\"elementor-element elementor-element-fd57e34 e-flex e-con-boxed e-con e-parent\" data-id=\"fd57e34\" data-element_type=\"container\" data-e-type=\"container\" data-settings=\"{&quot;background_background&quot;:&quot;classic&quot;}\">\n\t\t\t\t\t<div class=\"e-con-inner\">\n\t\t<div class=\"elementor-element elementor-element-05ad7e0 e-flex e-con-boxed e-con e-child\" data-id=\"05ad7e0\" data-element_type=\"container\" data-e-type=\"container\">\n\t\t\t\t\t<div class=\"e-con-inner\">\n\t\t\t\t<div class=\"elementor-element elementor-element-09d6159 elementor-widget elementor-widget-heading\" data-id=\"09d6159\" data-element_type=\"widget\" data-e-type=\"widget\" data-widget_type=\"heading.default\">\n\t\t\t\t<div class=\"elementor-widget-container\">\n\t\t\t\t\t<h2 class=\"elementor-heading-title elementor-size-default\">Suplementos \u00e0 base de <strong style=\"font-weight:bold\">ingredientes de origem natural<\/strong><\/h2>\t\t\t\t<\/div>\n\t\t\t\t<\/div>\n\t\t\t\t<div class=\"elementor-element elementor-element-890721f elementor-widget elementor-widget-text-editor\" data-id=\"890721f\" data-element_type=\"widget\" data-e-type=\"widget\" data-widget_type=\"text-editor.default\">\n\t\t\t\t<div class=\"elementor-widget-container\">\n\t\t\t\t\t\t\t\t\t<p>Encontra o teu equil\u00edbrio emocional.<\/p>\t\t\t\t\t\t\t\t<\/div>\n\t\t\t\t<\/div>\n\t\t\t\t\t<\/div>\n\t\t\t\t<\/div>\n\t\t\t\t<div class=\"elementor-element elementor-element-8346dd6 animated-slow elementor-invisible elementor-widget elementor-widget-image\" data-id=\"8346dd6\" data-element_type=\"widget\" data-e-type=\"widget\" data-settings=\"{&quot;_animation&quot;:&quot;fadeInUp&quot;}\" data-widget_type=\"image.default\">\n\t\t\t\t<div class=\"elementor-widget-container\">\n\t\t\t\t\t\t\t\t\t\t\t\t\t\t\t<img fetchpriority=\"high\" decoding=\"async\" width=\"800\" height=\"368\" src=\"https:\/\/aquileaonbalance.com\/wp-content\/uploads\/2024\/11\/Producto-1024x471.png\" class=\"attachment-large size-large wp-image-1231\" alt=\"\" srcset=\"https:\/\/aquileaonbalance.com\/wp-content\/uploads\/2024\/11\/Producto-1024x471.png 1024w, https:\/\/aquileaonbalance.com\/wp-content\/uploads\/2024\/11\/Producto-300x138.png 300w, https:\/\/aquileaonbalance.com\/wp-content\/uploads\/2024\/11\/Producto-768x353.png 768w, https:\/\/aquileaonbalance.com\/wp-content\/uploads\/2024\/11\/Producto-1536x707.png 1536w, https:\/\/aquileaonbalance.com\/wp-content\/uploads\/2024\/11\/Producto-600x276.png 600w, https:\/\/aquileaonbalance.com\/wp-content\/uploads\/2024\/11\/Producto.png 1634w\" sizes=\"(max-width: 800px) 100vw, 800px\" \/>\t\t\t\t\t\t\t\t\t\t\t\t\t\t\t<\/div>\n\t\t\t\t<\/div>\n\t\t\t\t<div class=\"elementor-element elementor-element-339ab77 elementor-align-center bot_vegan animated-slow elementor-invisible elementor-widget elementor-widget-button\" data-id=\"339ab77\" data-element_type=\"widget\" data-e-type=\"widget\" data-settings=\"{&quot;_animation&quot;:&quot;fadeIn&quot;}\" data-widget_type=\"button.default\">\n\t\t\t\t<div class=\"elementor-widget-container\">\n\t\t\t\t\t\t\t\t\t<div class=\"elementor-button-wrapper\">\n\t\t\t\t\t<a class=\"elementor-button elementor-button-link elementor-size-sm\" href=\"https:\/\/www.naturitas.pt\/#\/dffullscreen\/query=onbalance&#038;query_name=match_and\" target=\"_blank\" rel=\"nofollow\">\n\t\t\t\t\t\t<span class=\"elementor-button-content-wrapper\">\n\t\t\t\t\t\t<span class=\"elementor-button-icon\">\n\t\t\t\t<svg xmlns=\"http:\/\/www.w3.org\/2000\/svg\" width=\"15\" height=\"13\" viewBox=\"0 0 15 13\" fill=\"none\"><path fill-rule=\"evenodd\" clip-rule=\"evenodd\" d=\"M14.3111 6.04411L8.93511 0.407264C8.68442 0.150807 8.27756 0.121018 7.98487 0.381361C7.72368 0.613208 7.71711 1.06654 7.95862 1.3191L12.2742 5.83686H1.31214C0.94069 5.83686 0.640137 6.13347 0.640137 6.50002C0.640137 6.86657 0.9407 7.16318 1.31214 7.16318H12.2742L7.95862 11.6809C7.71712 11.9335 7.73418 12.3752 7.98487 12.6187C8.24999 12.8751 8.68839 12.8531 8.93511 12.5928L14.3111 6.95594C14.4686 6.8031 14.4975 6.65544 14.5001 6.50002C14.5001 6.34719 14.4056 6.14256 14.3111 6.04411Z\" fill=\"white\"><\/path><\/svg>\t\t\t<\/span>\n\t\t\t\t\t\t\t\t\t<span class=\"elementor-button-text\">Comprar online<\/span>\n\t\t\t\t\t<\/span>\n\t\t\t\t\t<\/a>\n\t\t\t\t<\/div>\n\t\t\t\t\t\t\t\t<\/div>\n\t\t\t\t<\/div>\n\t\t\t\t\t<\/div>\n\t\t\t\t<\/div>\n\t\t\t\t<\/div>\n\t\t","protected":false},"excerpt":{"rendered":"<p>LOCALIZADOR DE FARM\u00c1CIAS Onde comprar Descobre a nossa gama de produtos OnBalance na farm\u00e1cia mais pr\u00f3xima, inserindo em baixo a tua morada ou c\u00f3digo postal. Suplementos \u00e0 base de ingredientes de origem natural Encontra o teu equil\u00edbrio emocional. Comprar online<\/p>\n","protected":false},"author":1,"featured_media":0,"parent":0,"menu_order":0,"comment_status":"closed","ping_status":"closed","template":"elementor_header_footer","meta":{"_acf_changed":false,"footnotes":""},"class_list":["post-5770","page","type-page","status-publish","hentry"],"acf":[],"yoast_head":"<!-- This site is optimized with the Yoast SEO plugin v27.1 - https:\/\/yoast.com\/product\/yoast-seo-wordpress\/ -->\n<title>Localizador de farm\u00e1cias e pontos de venda<\/title>\n<meta name=\"description\" content=\"Compre OnBalance na farm\u00e1cia mais pr\u00f3xima.\" \/>\n<meta name=\"robots\" content=\"index, follow, max-snippet:-1, max-image-preview:large, max-video-preview:-1\" \/>\n<link rel=\"canonical\" href=\"https:\/\/aquileaonbalance.com\/pt-pt\/farmacias\/\" \/>\n<meta property=\"og:locale\" content=\"pt_PT\" \/>\n<meta property=\"og:type\" content=\"article\" \/>\n<meta property=\"og:title\" content=\"Localizador de farm\u00e1cias e pontos de venda\" \/>\n<meta property=\"og:description\" content=\"Compre OnBalance na farm\u00e1cia mais pr\u00f3xima.\" \/>\n<meta property=\"og:url\" content=\"https:\/\/aquileaonbalance.com\/pt-pt\/farmacias\/\" \/>\n<meta property=\"og:site_name\" content=\"Aquilea OnBalance\" \/>\n<meta property=\"article:modified_time\" content=\"2025-12-15T15:58:44+00:00\" \/>\n<meta property=\"og:image\" content=\"https:\/\/aquileaonbalance.com\/wp-content\/uploads\/2024\/11\/Producto.png\" \/>\n\t<meta property=\"og:image:width\" content=\"1634\" \/>\n\t<meta property=\"og:image:height\" content=\"752\" \/>\n\t<meta property=\"og:image:type\" content=\"image\/png\" \/>\n<meta name=\"twitter:card\" content=\"summary_large_image\" \/>\n<meta name=\"twitter:label1\" content=\"Tempo estimado de leitura\" \/>\n\t<meta name=\"twitter:data1\" content=\"1 minuto\" \/>\n<script type=\"application\/ld+json\" class=\"yoast-schema-graph\">{\"@context\":\"https:\/\/schema.org\",\"@graph\":[{\"@type\":\"WebPage\",\"@id\":\"https:\/\/aquileaonbalance.com\/pt-pt\/farmacias\/\",\"url\":\"https:\/\/aquileaonbalance.com\/pt-pt\/farmacias\/\",\"name\":\"Localizador de farm\u00e1cias e pontos de venda\",\"isPartOf\":{\"@id\":\"https:\/\/aquileaonbalance.com\/pt-pt\/#website\"},\"primaryImageOfPage\":{\"@id\":\"https:\/\/aquileaonbalance.com\/pt-pt\/farmacias\/#primaryimage\"},\"image\":{\"@id\":\"https:\/\/aquileaonbalance.com\/pt-pt\/farmacias\/#primaryimage\"},\"thumbnailUrl\":\"https:\/\/aquileaonbalance.com\/wp-content\/uploads\/2024\/11\/Producto-1024x471.png\",\"datePublished\":\"2024-11-13T13:14:07+00:00\",\"dateModified\":\"2025-12-15T15:58:44+00:00\",\"description\":\"Compre OnBalance na farm\u00e1cia mais pr\u00f3xima.\",\"breadcrumb\":{\"@id\":\"https:\/\/aquileaonbalance.com\/pt-pt\/farmacias\/#breadcrumb\"},\"inLanguage\":\"pt-PT\",\"potentialAction\":[{\"@type\":\"ReadAction\",\"target\":[\"https:\/\/aquileaonbalance.com\/pt-pt\/farmacias\/\"]}]},{\"@type\":\"ImageObject\",\"inLanguage\":\"pt-PT\",\"@id\":\"https:\/\/aquileaonbalance.com\/pt-pt\/farmacias\/#primaryimage\",\"url\":\"https:\/\/aquileaonbalance.com\/wp-content\/uploads\/2024\/11\/Producto-1024x471.png\",\"contentUrl\":\"https:\/\/aquileaonbalance.com\/wp-content\/uploads\/2024\/11\/Producto-1024x471.png\"},{\"@type\":\"BreadcrumbList\",\"@id\":\"https:\/\/aquileaonbalance.com\/pt-pt\/farmacias\/#breadcrumb\",\"itemListElement\":[{\"@type\":\"ListItem\",\"position\":1,\"name\":\"Portada\",\"item\":\"https:\/\/aquileaonbalance.com\/pt-pt\/\"},{\"@type\":\"ListItem\",\"position\":2,\"name\":\"Localizador de farm\u00e1cias\"}]},{\"@type\":\"WebSite\",\"@id\":\"https:\/\/aquileaonbalance.com\/pt-pt\/#website\",\"url\":\"https:\/\/aquileaonbalance.com\/pt-pt\/\",\"name\":\"Aquilea OnBalance\",\"description\":\"\",\"publisher\":{\"@id\":\"https:\/\/aquileaonbalance.com\/pt-pt\/#organization\"},\"potentialAction\":[{\"@type\":\"SearchAction\",\"target\":{\"@type\":\"EntryPoint\",\"urlTemplate\":\"https:\/\/aquileaonbalance.com\/pt-pt\/?s={search_term_string}\"},\"query-input\":{\"@type\":\"PropertyValueSpecification\",\"valueRequired\":true,\"valueName\":\"search_term_string\"}}],\"inLanguage\":\"pt-PT\"},{\"@type\":\"Organization\",\"@id\":\"https:\/\/aquileaonbalance.com\/pt-pt\/#organization\",\"name\":\"On Balance\",\"url\":\"https:\/\/aquileaonbalance.com\/pt-pt\/\",\"logo\":{\"@type\":\"ImageObject\",\"inLanguage\":\"pt-PT\",\"@id\":\"https:\/\/aquileaonbalance.com\/pt-pt\/#\/schema\/logo\/image\/\",\"url\":\"https:\/\/aquileaonbalance.com\/wp-content\/uploads\/2024\/11\/logo.png\",\"contentUrl\":\"https:\/\/aquileaonbalance.com\/wp-content\/uploads\/2024\/11\/logo.png\",\"width\":501,\"height\":184,\"caption\":\"On Balance\"},\"image\":{\"@id\":\"https:\/\/aquileaonbalance.com\/pt-pt\/#\/schema\/logo\/image\/\"},\"sameAs\":[\"https:\/\/www.instagram.com\/onbalance_es\/\"]}]}<\/script>\n<!-- \/ Yoast SEO plugin. -->","yoast_head_json":{"title":"Localizador de farm\u00e1cias e pontos de venda","description":"Compre OnBalance na farm\u00e1cia mais pr\u00f3xima.","robots":{"index":"index","follow":"follow","max-snippet":"max-snippet:-1","max-image-preview":"max-image-preview:large","max-video-preview":"max-video-preview:-1"},"canonical":"https:\/\/aquileaonbalance.com\/pt-pt\/farmacias\/","og_locale":"pt_PT","og_type":"article","og_title":"Localizador de farm\u00e1cias e pontos de venda","og_description":"Compre OnBalance na farm\u00e1cia mais pr\u00f3xima.","og_url":"https:\/\/aquileaonbalance.com\/pt-pt\/farmacias\/","og_site_name":"Aquilea OnBalance","article_modified_time":"2025-12-15T15:58:44+00:00","og_image":[{"width":1634,"height":752,"url":"https:\/\/aquileaonbalance.com\/wp-content\/uploads\/2024\/11\/Producto.png","type":"image\/png"}],"twitter_card":"summary_large_image","twitter_misc":{"Tempo estimado de leitura":"1 minuto"},"schema":{"@context":"https:\/\/schema.org","@graph":[{"@type":"WebPage","@id":"https:\/\/aquileaonbalance.com\/pt-pt\/farmacias\/","url":"https:\/\/aquileaonbalance.com\/pt-pt\/farmacias\/","name":"Localizador de farm\u00e1cias e pontos de venda","isPartOf":{"@id":"https:\/\/aquileaonbalance.com\/pt-pt\/#website"},"primaryImageOfPage":{"@id":"https:\/\/aquileaonbalance.com\/pt-pt\/farmacias\/#primaryimage"},"image":{"@id":"https:\/\/aquileaonbalance.com\/pt-pt\/farmacias\/#primaryimage"},"thumbnailUrl":"https:\/\/aquileaonbalance.com\/wp-content\/uploads\/2024\/11\/Producto-1024x471.png","datePublished":"2024-11-13T13:14:07+00:00","dateModified":"2025-12-15T15:58:44+00:00","description":"Compre OnBalance na farm\u00e1cia mais pr\u00f3xima.","breadcrumb":{"@id":"https:\/\/aquileaonbalance.com\/pt-pt\/farmacias\/#breadcrumb"},"inLanguage":"pt-PT","potentialAction":[{"@type":"ReadAction","target":["https:\/\/aquileaonbalance.com\/pt-pt\/farmacias\/"]}]},{"@type":"ImageObject","inLanguage":"pt-PT","@id":"https:\/\/aquileaonbalance.com\/pt-pt\/farmacias\/#primaryimage","url":"https:\/\/aquileaonbalance.com\/wp-content\/uploads\/2024\/11\/Producto-1024x471.png","contentUrl":"https:\/\/aquileaonbalance.com\/wp-content\/uploads\/2024\/11\/Producto-1024x471.png"},{"@type":"BreadcrumbList","@id":"https:\/\/aquileaonbalance.com\/pt-pt\/farmacias\/#breadcrumb","itemListElement":[{"@type":"ListItem","position":1,"name":"Portada","item":"https:\/\/aquileaonbalance.com\/pt-pt\/"},{"@type":"ListItem","position":2,"name":"Localizador de farm\u00e1cias"}]},{"@type":"WebSite","@id":"https:\/\/aquileaonbalance.com\/pt-pt\/#website","url":"https:\/\/aquileaonbalance.com\/pt-pt\/","name":"Aquilea OnBalance","description":"","publisher":{"@id":"https:\/\/aquileaonbalance.com\/pt-pt\/#organization"},"potentialAction":[{"@type":"SearchAction","target":{"@type":"EntryPoint","urlTemplate":"https:\/\/aquileaonbalance.com\/pt-pt\/?s={search_term_string}"},"query-input":{"@type":"PropertyValueSpecification","valueRequired":true,"valueName":"search_term_string"}}],"inLanguage":"pt-PT"},{"@type":"Organization","@id":"https:\/\/aquileaonbalance.com\/pt-pt\/#organization","name":"On Balance","url":"https:\/\/aquileaonbalance.com\/pt-pt\/","logo":{"@type":"ImageObject","inLanguage":"pt-PT","@id":"https:\/\/aquileaonbalance.com\/pt-pt\/#\/schema\/logo\/image\/","url":"https:\/\/aquileaonbalance.com\/wp-content\/uploads\/2024\/11\/logo.png","contentUrl":"https:\/\/aquileaonbalance.com\/wp-content\/uploads\/2024\/11\/logo.png","width":501,"height":184,"caption":"On Balance"},"image":{"@id":"https:\/\/aquileaonbalance.com\/pt-pt\/#\/schema\/logo\/image\/"},"sameAs":["https:\/\/www.instagram.com\/onbalance_es\/"]}]}},"_links":{"self":[{"href":"https:\/\/aquileaonbalance.com\/pt-pt\/wp-json\/wp\/v2\/pages\/5770","targetHints":{"allow":["GET"]}}],"collection":[{"href":"https:\/\/aquileaonbalance.com\/pt-pt\/wp-json\/wp\/v2\/pages"}],"about":[{"href":"https:\/\/aquileaonbalance.com\/pt-pt\/wp-json\/wp\/v2\/types\/page"}],"author":[{"embeddable":true,"href":"https:\/\/aquileaonbalance.com\/pt-pt\/wp-json\/wp\/v2\/users\/1"}],"replies":[{"embeddable":true,"href":"https:\/\/aquileaonbalance.com\/pt-pt\/wp-json\/wp\/v2\/comments?post=5770"}],"version-history":[{"count":16,"href":"https:\/\/aquileaonbalance.com\/pt-pt\/wp-json\/wp\/v2\/pages\/5770\/revisions"}],"predecessor-version":[{"id":38021,"href":"https:\/\/aquileaonbalance.com\/pt-pt\/wp-json\/wp\/v2\/pages\/5770\/revisions\/38021"}],"wp:attachment":[{"href":"https:\/\/aquileaonbalance.com\/pt-pt\/wp-json\/wp\/v2\/media?parent=5770"}],"curies":[{"name":"wp","href":"https:\/\/api.w.org\/{rel}","templated":true}]}}